{"id":1561,"date":"2015-05-05T11:14:25","date_gmt":"2015-05-05T09:14:25","guid":{"rendered":"http:\/\/tacotichelaar.nl\/wordpress\/?page_id=1561"},"modified":"2020-10-02T18:37:34","modified_gmt":"2020-10-02T16:37:34","slug":"vincent-la-chapelle","status":"publish","type":"page","link":"https:\/\/tacotichelaar.nl\/wordpress\/vincent-la-chapelle\/","title":{"rendered":"Vincent la Chapelle, kok"},"content":{"rendered":"<p><b>Vincent la Chapelle<\/b> (<a title=\"1690\" href=\"https:\/\/nl.wikipedia.org\/wiki\/1690\">1690<\/a> of <a title=\"1703\" href=\"https:\/\/nl.wikipedia.org\/wiki\/1703\">1703<\/a>&#8211;<a title=\"1745\" href=\"https:\/\/nl.wikipedia.org\/wiki\/1745\">1745<\/a>) was een beroemde Franse <a title=\"Chef-kok\" href=\"https:\/\/nl.wikipedia.org\/wiki\/Chef-kok\">chef-kok<\/a>, afkomstig uit een <a title=\"Landadel\" href=\"https:\/\/nl.wikipedia.org\/wiki\/Landadel\">landadelijke<\/a> familie. Hij publiceerde in <a title=\"1733\" href=\"https:\/\/nl.wikipedia.org\/wiki\/1733\">1733<\/a> <i>The modern cook<\/i>. De prijzige ingredi\u00ebnten en de lange bereidingstijden tonen dat hij zich richtte tot een &#8220;upper class&#8221; en die be\u00efnvloedde in haar eetgewoonten. Twee jaar later verscheen in het Frans <i>Le Cuisinier moderne<\/i>. In <a title=\"1742\" href=\"https:\/\/nl.wikipedia.org\/wiki\/1742\">1742<\/a> groeide het uit tot een meerdelig werk. La Chapelle vereenvoudigde en verfijnde de overdadige Franse keuken tot een bescheiden gebruik van <a title=\"Basilicum\" href=\"https:\/\/nl.wikipedia.org\/wiki\/Basilicum\">basilicum<\/a>, <a title=\"Peterselie\" href=\"https:\/\/nl.wikipedia.org\/wiki\/Peterselie\">peterselie<\/a>, <a class=\"mw-redirect\" title=\"Kervel\" href=\"https:\/\/nl.wikipedia.org\/wiki\/Kervel\">kervel<\/a>, <a title=\"Tijm\" href=\"https:\/\/nl.wikipedia.org\/wiki\/Tijm\">tijm<\/a> en <a title=\"Laurier\" href=\"https:\/\/nl.wikipedia.org\/wiki\/Laurier\">laurier<\/a>. Omstreeks 1735 trad La Chapelle in dienst als kok van <a class=\"mw-redirect\" title=\"Stadhouder Willem IV\" href=\"https:\/\/nl.wikipedia.org\/wiki\/Stadhouder_Willem_IV\">stadhouder Willem IV<\/a> en bleef dat tot zijn dood in juli 1745.<\/p>\n<div id=\"toc\" class=\"toc\">\n<div id=\"toctitle\">\n<h2>Inhoud<\/h2>\n<\/div>\n<\/div>\n<div id=\"toc\" class=\"toc\">\n<ul>\n<li class=\"toclevel-1 tocsection-1\"><a href=\"https:\/\/nl.wikipedia.org\/wiki\/Vincent_la_Chapelle#Biografie\"><span class=\"tocnumber\">1<\/span> <span class=\"toctext\">Biografie<\/span><\/a><\/li>\n<li class=\"toclevel-1 tocsection-2\"><a href=\"https:\/\/nl.wikipedia.org\/wiki\/Vincent_la_Chapelle#Zijn_keuken\"><span class=\"tocnumber\">2<\/span> <span class=\"toctext\">Zijn keuken<\/span><\/a><\/li>\n<li class=\"toclevel-1 tocsection-3\"><a href=\"https:\/\/nl.wikipedia.org\/wiki\/Vincent_la_Chapelle#Den_Haag_en_de_loge\"><span class=\"tocnumber\">3<\/span> <span class=\"toctext\">Den Haag en de loge<\/span><\/a><\/li>\n<li class=\"toclevel-1 tocsection-4\"><a href=\"https:\/\/nl.wikipedia.org\/wiki\/Vincent_la_Chapelle#Bronnen\"><span class=\"tocnumber\">4<\/span> <span class=\"toctext\">Bronnen<\/span><\/a><\/li>\n<li class=\"toclevel-1 tocsection-5\"><a href=\"https:\/\/nl.wikipedia.org\/wiki\/Vincent_la_Chapelle#Externe_links\"><span class=\"tocnumber\">5<\/span> <span class=\"toctext\">Externe links<\/span><\/a><\/li>\n<\/ul>\n<\/div>\n<h2><span id=\"Biografie\" class=\"mw-headline\">Biografie<\/span><\/h2>\n<p>Over La Chapelle is weinig geweten. Hij deed ervaring op in <a title=\"Parijs\" href=\"https:\/\/nl.wikipedia.org\/wiki\/Parijs\">Parijs<\/a> en reisde, volgens zijn voorwoord in <i>Le Cuisinier moderne<\/i> naar Spanje, Portugal en Indi\u00eb. Of zijn reizen effectief plaats vonden, betwijfelen sommigen. Niettemin, wijdt hij in <i>Le cuisinier moderne<\/i> een hoofdstuk aan het bewaren van voedsel bij zeereizen, wat zijn reiservaring aannemelijk maakt. La Chapelle stond open voor een onbekende en buitenlandse receptuur. In <i>Le cuisinier moderne<\/i> benoemt hij die recepten vaak bij hun oorspronkelijke naam.<\/p>\n<p>Zijn eerste sporen in Nederland laat La Chapelle achter in 1731. In 1733 is hij hoofd van de keukens van de vierde graaf van <a class=\"mw-redirect\" title=\"Chesterfield (Derbyshire)\" href=\"https:\/\/nl.wikipedia.org\/wiki\/Chesterfield_%28Derbyshire%29\">Chesterfield<\/a>, <a title=\"Phillip Dormer Stanhope\" href=\"https:\/\/nl.wikipedia.org\/wiki\/Phillip_Dormer_Stanhope\">Phillip Dormer Stanhope<\/a>, de Engelse ambassadeur in <a title=\"Den Haag\" href=\"https:\/\/nl.wikipedia.org\/wiki\/Den_Haag\">Den Haag<\/a> tussen 1728 en 1731-32. Hij onderhandelde er over het huwelijk van de latere <a class=\"mw-redirect\" title=\"Stadhouder Willem IV\" href=\"https:\/\/nl.wikipedia.org\/wiki\/Stadhouder_Willem_IV\">stadhouder Willem IV<\/a> met Anna, de dochter van koning <a title=\"George II van Groot-Brittanni\u00eb\" href=\"https:\/\/nl.wikipedia.org\/wiki\/George_II_van_Groot-Brittanni%C3%AB\">George II van Groot-Brittanni\u00eb<\/a>. Bronnen geven aan dat de Frans geori\u00ebnteerde Chesterfield in die periode een Franse meesterkok zocht. Rond 1735, kort na het huwelijk (op 25 maart 1734, waarvoor <a class=\"mw-redirect\" title=\"H\u00e4ndel\" href=\"https:\/\/nl.wikipedia.org\/wiki\/H%C3%A4ndel\">H\u00e4ndel<\/a> de muziek componeerde) van de prinses en de stadhouder wordt La Chapelle &#8216;Chef d&#8217;Office&#8217; of &#8216;Chef de Cuisine&#8217; bij de stadhouder. In december 1742 introduceerde waarschijnlijk hij de aardappel bij &#8220;Maaike Meu&#8221; woonachtig in het Princesshof.&nbsp;<\/p>\n<h2><span id=\"Zijn_keuken\" class=\"mw-headline\">Zijn keuken<\/span><\/h2>\n<p>Zoals toen gebruikelijk plagieerde hij veel recepten. Van de door La Chapelle openlijk verfoeide grote Franse kok Massialot nam hij veel recepten over. Hij beschreef Engelse recepten voor <a class=\"mw-redirect\" title=\"Steak\" href=\"https:\/\/nl.wikipedia.org\/wiki\/Steak\">steak<\/a>, taarten, pasteien en recepten met <a title=\"Oester (gerecht)\" href=\"https:\/\/nl.wikipedia.org\/wiki\/Oester_%28gerecht%29\">oesters<\/a>. Uit de <a title=\"Holland\" href=\"https:\/\/nl.wikipedia.org\/wiki\/Holland\">Hollandse<\/a> <a title=\"Kookkunst\" href=\"https:\/\/nl.wikipedia.org\/wiki\/Kookkunst\">keuken<\/a> komen appelbollen en visrecepten, <a title=\"Zuurkool\" href=\"https:\/\/nl.wikipedia.org\/wiki\/Zuurkool\">zuurkool<\/a> met <a title=\"Nootmuskaat\" href=\"https:\/\/nl.wikipedia.org\/wiki\/Nootmuskaat\">nootmuskaat<\/a> en gele erwten, <a class=\"mw-redirect\" title=\"Rode kool\" href=\"https:\/\/nl.wikipedia.org\/wiki\/Rode_kool\">rode kool<\/a> met lamskoteletten of <a title=\"Braadworst\" href=\"https:\/\/nl.wikipedia.org\/wiki\/Braadworst\">braadworst<\/a>, <a title=\"Boerenkool (groente)\" href=\"https:\/\/nl.wikipedia.org\/wiki\/Boerenkool_%28groente%29\">boerenkool<\/a> met <a title=\"Kastanje\" href=\"https:\/\/nl.wikipedia.org\/wiki\/Kastanje\">kastanjes<\/a> en ganzen- of eendenborst. Op Franse leest zijn er recepten voor wild zoals konijnfricassee in <a title=\"Champagne (provincie)\" href=\"https:\/\/nl.wikipedia.org\/wiki\/Champagne_%28provincie%29\">champagne<\/a>. Een aantal recepten zijn Indisch met <a title=\"Rijst\" href=\"https:\/\/nl.wikipedia.org\/wiki\/Rijst\">rijst<\/a> als bijgerecht. De Hollanders kenden rijst al meer dan honderd jaar, aldus <a title=\"Maria de' Medici\" href=\"https:\/\/nl.wikipedia.org\/wiki\/Maria_de%27_Medici\">Maria de&#8217; Medici<\/a>. In de laatste driehonderd jaar veranderde er soms niets aan zijn recepten, zoals <a title=\"Appeltaart\" href=\"https:\/\/nl.wikipedia.org\/wiki\/Appeltaart\">appeltaart<\/a> met <a class=\"mw-redirect\" title=\"Goudreinetten\" href=\"https:\/\/nl.wikipedia.org\/wiki\/Goudreinetten\">goudreinetten<\/a>, <a title=\"Kaneel\" href=\"https:\/\/nl.wikipedia.org\/wiki\/Kaneel\">kaneel<\/a> en <a class=\"mw-redirect\" title=\"Rozijnen\" href=\"https:\/\/nl.wikipedia.org\/wiki\/Rozijnen\">rozijnen<\/a>. La Chapelle bereidde een verrukkelijke <a title=\"Likeur\" href=\"https:\/\/nl.wikipedia.org\/wiki\/Likeur\">likeur<\/a> van geraspte <a title=\"Kweepeer\" href=\"https:\/\/nl.wikipedia.org\/wiki\/Kweepeer\">kweepeer<\/a> die enkele maanden trok in <a title=\"Cognac (drank)\" href=\"https:\/\/nl.wikipedia.org\/wiki\/Cognac_%28drank%29\">cognac<\/a> met <a title=\"Kaneel\" href=\"https:\/\/nl.wikipedia.org\/wiki\/Kaneel\">kaneel<\/a>, <a title=\"Kruidnagel\" href=\"https:\/\/nl.wikipedia.org\/wiki\/Kruidnagel\">kruidnagel<\/a> en witte <a title=\"Peper\" href=\"https:\/\/nl.wikipedia.org\/wiki\/Peper\">peper<\/a>.<\/p>\n<h2><span id=\"Den_Haag_en_de_loge\" class=\"mw-headline\">Den Haag en de loge<\/span><\/h2>\n<p>La Chapelle is een oprichter van de eerste Nederlandse <a class=\"mw-redirect\" title=\"Vrijmetselaarsloge\" href=\"https:\/\/nl.wikipedia.org\/wiki\/Vrijmetselaarsloge\">vrijmetselaarsloge<\/a>. In het logement &#8216;Le Lion d&#8217;Or&#8217; aan de Hofstraat in <a title=\"Den Haag\" href=\"https:\/\/nl.wikipedia.org\/wiki\/Den_Haag\">Den Haag<\/a> stichtte hij op <a title=\"19 november\" href=\"https:\/\/nl.wikipedia.org\/wiki\/19_november\">19 november<\/a> <a title=\"1734\" href=\"https:\/\/nl.wikipedia.org\/wiki\/1734\">1734<\/a> als &#8216;achtbare meester&#8217; of <a title=\"Voorzittend meester\" href=\"https:\/\/nl.wikipedia.org\/wiki\/Voorzittend_meester\">voorzittend meester<\/a> samen met Phillipe Fiuvet (eerste opziener), Fran\u00e7ois Liegois (tweede opziener), Salomon Noch, Nicolas Mulo, Jean Fache en een zekere Dekker de <a title=\"Loge (vrijmetselarij)\" href=\"https:\/\/nl.wikipedia.org\/wiki\/Loge_%28vrijmetselarij%29\">Loge du Grand Ma\u00eetre des Provinces-Unies et du Ressort de la G\u00e9n\u00e9ra\u00adlit\u00e9<\/a>. Leden bevonden zich in de nabijheid van <a class=\"mw-redirect\" title=\"Stadhouder Willem IV\" href=\"https:\/\/nl.wikipedia.org\/wiki\/Stadhouder_Willem_IV\">stadhouder Willem IV<\/a> en ook de waard van Le Lion d&#8217;Or Antonie Maillet werd ingewijd. Willem IV was vrijmetselaar, maar zijn lidmaatschap van deze loge is niet bevestigd. Waarschijnlijk kwam de loge door zijn toedoen tot stand. In die jaren bedacht de universiteit van Oxford hem met een eredoctoraat en trad hij toe tot de vrijmetselarij. Bij zijn terugkeer in de Republiek ontstond de loge in Den Haag en zijn hofloge &#8220;Antiqua Virtute et Fide&#8221; in Leeuwarden.<\/p>\n<h2><span id=\"Bronnen\" class=\"mw-headline\">Bronnen<\/span><\/h2>\n<ul>\n<li>La Chapelle, V. (1742) <i>Le Cuisinier moderne qui apprend \u00e0 donner \u00e0 manger toutes sortes de repas, en gras et en maigre, d&#8217;une mani\u00e8re d\u00e9licate que ce qui en a \u00e9t\u00e9 \u00e9crit jusqu&#8217;\u00e0 pr\u00e9sent<\/i>. La Haye, aux depens de l&#8217;auteur.<\/li>\n<li>Loge l&#8217;Union Royale. <i>Twee eeuwen arbeid in de Koninklijke Kunst: 1734 &#8211; 1934<\/i>.<\/li>\n<li>Kwaadgras, E. (2003). <i>Overzicht van Loges. Grootoosten der Nederlanden.<\/i> Den Haag: Orde van Vrijmetselaren onder het Grootoosten der Nederlanden. p. 286.<\/li>\n<li>Spaargaren, F. (1992) <i>Pompadour, pompernickel en pique-nique. De namen van beroemde gerechten verklaard<\/i>.<\/li>\n<li>Tresoar (Leeuwarden), Archief van de Friese stadhouders, inv.nr. 45: Lijst van een half jaar tractement tot 1 november 1745, &#8220;De erven van de oude Mondkok Vincent, 3 m[aande]n, tot 1 aug[ustus]: 200 gulden&#8221;.<\/li>\n<\/ul>\n<h2><span id=\"Externe_links\" class=\"mw-headline\">Externe links<\/span><\/h2>\n<ul>\n<li><span title=\"Taal: Nederlands\">(nl)<\/span> <a class=\"external text\" href=\"http:\/\/www.kb.nl\/galerie\/smaakmakers\/cuisiniermoderne.html\" rel=\"nofollow\">Le cuisinier moderne<\/a><\/li>\n<li><span title=\"Taal: Engels\">(en)<\/span> <a class=\"external text\" href=\"http:\/\/www.historicfood.com\/Quinces2Recipe.htm\" rel=\"nofollow\">Ratafia of Quinces oftewel recept voor kweepeerlikeur<\/a><\/li>\n<li><span title=\"Taal: Nederlands\">(nl)<\/span> <a class=\"external text\" href=\"http:\/\/www.coquinaria.nl\/recepten\/11.1histrecept.html\" rel=\"nofollow\">Het recept voor boerenkool met kastanjes<\/a><\/li>\n<li><span title=\"Taal: Nederlands\">(nl)<\/span> Naar Vincent la Chapelle is een loge genoemd: <a class=\"external text\" href=\"http:\/\/www.vincentlachapelle.nl\" rel=\"nofollow\">Loge Vincent la Chapelle<\/a><\/li>\n<\/ul>\n<div class=\"pvc_clear\"><\/div>\n<p id=\"pvc_stats_1561\" class=\"pvc_stats all  \" data-element-id=\"1561\" style=\"\"><i class=\"pvc-stats-icon medium\" aria-hidden=\"true\"><svg aria-hidden=\"true\" focusable=\"false\" data-prefix=\"far\" data-icon=\"chart-bar\" role=\"img\" xmlns=\"http:\/\/www.w3.org\/2000\/svg\" viewBox=\"0 0 512 512\" class=\"svg-inline--fa fa-chart-bar fa-w-16 fa-2x\"><path fill=\"currentColor\" d=\"M396.8 352h22.4c6.4 0 12.8-6.4 12.8-12.8V108.8c0-6.4-6.4-12.8-12.8-12.8h-22.4c-6.4 0-12.8 6.4-12.8 12.8v230.4c0 6.4 6.4 12.8 12.8 12.8zm-192 0h22.4c6.4 0 12.8-6.4 12.8-12.8V140.8c0-6.4-6.4-12.8-12.8-12.8h-22.4c-6.4 0-12.8 6.4-12.8 12.8v198.4c0 6.4 6.4 12.8 12.8 12.8zm96 0h22.4c6.4 0 12.8-6.4 12.8-12.8V204.8c0-6.4-6.4-12.8-12.8-12.8h-22.4c-6.4 0-12.8 6.4-12.8 12.8v134.4c0 6.4 6.4 12.8 12.8 12.8zM496 400H48V80c0-8.84-7.16-16-16-16H16C7.16 64 0 71.16 0 80v336c0 17.67 14.33 32 32 32h464c8.84 0 16-7.16 16-16v-16c0-8.84-7.16-16-16-16zm-387.2-48h22.4c6.4 0 12.8-6.4 12.8-12.8v-70.4c0-6.4-6.4-12.8-12.8-12.8h-22.4c-6.4 0-12.8 6.4-12.8 12.8v70.4c0 6.4 6.4 12.8 12.8 12.8z\" class=\"\"><\/path><\/svg><\/i> <img loading=\"lazy\" decoding=\"async\" width=\"16\" height=\"16\" alt=\"Loading\" src=\"https:\/\/tacotichelaar.nl\/wordpress\/wp-content\/plugins\/page-views-count\/ajax-loader-2x.gif\" border=0 \/><\/p>\n<div class=\"pvc_clear\"><\/div>\n","protected":false},"excerpt":{"rendered":"<p>Vincent la Chapelle (1690 of 1703&#8211;1745) was een beroemde Franse chef-kok, afkomstig uit een landadelijke familie. Hij publiceerde in 1733 The modern cook. De prijzige ingredi\u00ebnten en de lange bereidingstijden tonen dat hij zich richtte tot een &#8220;upper class&#8221; en die be\u00efnvloedde in haar eetgewoonten. Twee jaar later verscheen in het Frans Le Cuisinier moderne. &hellip; <a href=\"https:\/\/tacotichelaar.nl\/wordpress\/vincent-la-chapelle\/\" class=\"more-link\">Lees verder <span class=\"screen-reader-text\">Vincent la Chapelle, kok<\/span> <span class=\"meta-nav\">&rarr;<\/span><\/a><\/p>\n<div class=\"pvc_clear\"><\/div>\n<p id=\"pvc_stats_1561\" class=\"pvc_stats all  \" data-element-id=\"1561\" style=\"\"><i class=\"pvc-stats-icon medium\" aria-hidden=\"true\"><svg aria-hidden=\"true\" focusable=\"false\" data-prefix=\"far\" data-icon=\"chart-bar\" role=\"img\" xmlns=\"http:\/\/www.w3.org\/2000\/svg\" viewBox=\"0 0 512 512\" class=\"svg-inline--fa fa-chart-bar fa-w-16 fa-2x\"><path fill=\"currentColor\" d=\"M396.8 352h22.4c6.4 0 12.8-6.4 12.8-12.8V108.8c0-6.4-6.4-12.8-12.8-12.8h-22.4c-6.4 0-12.8 6.4-12.8 12.8v230.4c0 6.4 6.4 12.8 12.8 12.8zm-192 0h22.4c6.4 0 12.8-6.4 12.8-12.8V140.8c0-6.4-6.4-12.8-12.8-12.8h-22.4c-6.4 0-12.8 6.4-12.8 12.8v198.4c0 6.4 6.4 12.8 12.8 12.8zm96 0h22.4c6.4 0 12.8-6.4 12.8-12.8V204.8c0-6.4-6.4-12.8-12.8-12.8h-22.4c-6.4 0-12.8 6.4-12.8 12.8v134.4c0 6.4 6.4 12.8 12.8 12.8zM496 400H48V80c0-8.84-7.16-16-16-16H16C7.16 64 0 71.16 0 80v336c0 17.67 14.33 32 32 32h464c8.84 0 16-7.16 16-16v-16c0-8.84-7.16-16-16-16zm-387.2-48h22.4c6.4 0 12.8-6.4 12.8-12.8v-70.4c0-6.4-6.4-12.8-12.8-12.8h-22.4c-6.4 0-12.8 6.4-12.8 12.8v70.4c0 6.4 6.4 12.8 12.8 12.8z\" class=\"\"><\/path><\/svg><\/i> <img loading=\"lazy\" decoding=\"async\" width=\"16\" height=\"16\" alt=\"Loading\" src=\"https:\/\/tacotichelaar.nl\/wordpress\/wp-content\/plugins\/page-views-count\/ajax-loader-2x.gif\" border=0 \/><\/p>\n<div class=\"pvc_clear\"><\/div>\n","protected":false},"author":1,"featured_media":0,"parent":0,"menu_order":0,"comment_status":"open","ping_status":"closed","template":"","meta":{"_acf_changed":false,"footnotes":""},"class_list":["post-1561","page","type-page","status-publish","hentry"],"acf":[],"yoast_head":"<!-- This site is optimized with the Yoast SEO Premium plugin v27.1 (Yoast SEO v27.3) - https:\/\/yoast.com\/product\/yoast-seo-premium-wordpress\/ -->\n<title>Vincent la Chapelle, kok - Taco Tichelaar<\/title>\n<meta name=\"robots\" content=\"index, follow, max-snippet:-1, max-image-preview:large, max-video-preview:-1\" \/>\n<link rel=\"canonical\" href=\"https:\/\/tacotichelaar.nl\/wordpress\/vincent-la-chapelle\/\" \/>\n<meta property=\"og:locale\" content=\"nl_NL\" \/>\n<meta property=\"og:type\" content=\"article\" \/>\n<meta property=\"og:title\" content=\"Vincent la Chapelle, kok\" \/>\n<meta property=\"og:description\" content=\"Vincent la Chapelle (1690 of 1703&#8211;1745) was een beroemde Franse chef-kok, afkomstig uit een landadelijke familie. Hij publiceerde in 1733 The modern cook. De prijzige ingredi\u00ebnten en de lange bereidingstijden tonen dat hij zich richtte tot een &#8220;upper class&#8221; en die be\u00efnvloedde in haar eetgewoonten. Twee jaar later verscheen in het Frans Le Cuisinier moderne. &hellip; Lees verder Vincent la Chapelle, kok &rarr;\" \/>\n<meta property=\"og:url\" content=\"https:\/\/tacotichelaar.nl\/wordpress\/vincent-la-chapelle\/\" \/>\n<meta property=\"og:site_name\" content=\"Taco Tichelaar\" \/>\n<meta property=\"article:publisher\" content=\"https:\/\/www.facebook.com\/taco.tichelaar\" \/>\n<meta property=\"article:modified_time\" content=\"2020-10-02T16:37:34+00:00\" \/>\n<meta name=\"twitter:label1\" content=\"Geschatte leestijd\" \/>\n\t<meta name=\"twitter:data1\" content=\"4 minuten\" \/>\n<script type=\"application\/ld+json\" class=\"yoast-schema-graph\">{\"@context\":\"https:\\\/\\\/schema.org\",\"@graph\":[{\"@type\":\"WebPage\",\"@id\":\"https:\\\/\\\/tacotichelaar.nl\\\/wordpress\\\/vincent-la-chapelle\\\/\",\"url\":\"https:\\\/\\\/tacotichelaar.nl\\\/wordpress\\\/vincent-la-chapelle\\\/\",\"name\":\"Vincent la Chapelle, kok - Taco Tichelaar\",\"isPartOf\":{\"@id\":\"https:\\\/\\\/tacotichelaar.nl\\\/wordpress\\\/#website\"},\"datePublished\":\"2015-05-05T09:14:25+00:00\",\"dateModified\":\"2020-10-02T16:37:34+00:00\",\"breadcrumb\":{\"@id\":\"https:\\\/\\\/tacotichelaar.nl\\\/wordpress\\\/vincent-la-chapelle\\\/#breadcrumb\"},\"inLanguage\":\"nl-NL\",\"potentialAction\":[{\"@type\":\"ReadAction\",\"target\":[\"https:\\\/\\\/tacotichelaar.nl\\\/wordpress\\\/vincent-la-chapelle\\\/\"]}]},{\"@type\":\"BreadcrumbList\",\"@id\":\"https:\\\/\\\/tacotichelaar.nl\\\/wordpress\\\/vincent-la-chapelle\\\/#breadcrumb\",\"itemListElement\":[{\"@type\":\"ListItem\",\"position\":1,\"name\":\"Home\",\"item\":\"https:\\\/\\\/tacotichelaar.nl\\\/wordpress\\\/\"},{\"@type\":\"ListItem\",\"position\":2,\"name\":\"Vincent la Chapelle, kok\"}]},{\"@type\":\"WebSite\",\"@id\":\"https:\\\/\\\/tacotichelaar.nl\\\/wordpress\\\/#website\",\"url\":\"https:\\\/\\\/tacotichelaar.nl\\\/wordpress\\\/\",\"name\":\"Taco Tichelaar\",\"description\":\"geschiedenis, huisonderzoek\",\"publisher\":{\"@id\":\"https:\\\/\\\/tacotichelaar.nl\\\/wordpress\\\/#\\\/schema\\\/person\\\/9507958c5bf79d94fffc2702606bc3a6\"},\"potentialAction\":[{\"@type\":\"SearchAction\",\"target\":{\"@type\":\"EntryPoint\",\"urlTemplate\":\"https:\\\/\\\/tacotichelaar.nl\\\/wordpress\\\/?s={search_term_string}\"},\"query-input\":{\"@type\":\"PropertyValueSpecification\",\"valueRequired\":true,\"valueName\":\"search_term_string\"}}],\"inLanguage\":\"nl-NL\"},{\"@type\":[\"Person\",\"Organization\"],\"@id\":\"https:\\\/\\\/tacotichelaar.nl\\\/wordpress\\\/#\\\/schema\\\/person\\\/9507958c5bf79d94fffc2702606bc3a6\",\"name\":\"admin\",\"image\":{\"@type\":\"ImageObject\",\"inLanguage\":\"nl-NL\",\"@id\":\"https:\\\/\\\/secure.gravatar.com\\\/avatar\\\/a49b40cf75021306b5946fce4549f64c43bfe4038dec77cf518111eb1b9e3f77?s=96&d=identicon&r=g\",\"url\":\"https:\\\/\\\/secure.gravatar.com\\\/avatar\\\/a49b40cf75021306b5946fce4549f64c43bfe4038dec77cf518111eb1b9e3f77?s=96&d=identicon&r=g\",\"contentUrl\":\"https:\\\/\\\/secure.gravatar.com\\\/avatar\\\/a49b40cf75021306b5946fce4549f64c43bfe4038dec77cf518111eb1b9e3f77?s=96&d=identicon&r=g\",\"caption\":\"admin\"},\"logo\":{\"@id\":\"https:\\\/\\\/secure.gravatar.com\\\/avatar\\\/a49b40cf75021306b5946fce4549f64c43bfe4038dec77cf518111eb1b9e3f77?s=96&d=identicon&r=g\"},\"description\":\"My hobby is house and occupant research of canal houses in Amsterdam. Of some canal houses much is known, but in general I collect relevant information in tax books, stored in the Amsterdam city archive, in the literature or on internet. \u201c According to Zhuang zi, a Tao philosopher life is limited and knowledge to be gained is unlimited.' [2] \u201d\",\"sameAs\":[\"https:\\\/\\\/tacotichelaar.nl\",\"https:\\\/\\\/www.facebook.com\\\/taco.tichelaar\",\"https:\\\/\\\/www.linkedin.com\\\/in\\\/taco-tichelaar-a01036221\\\/\",\"https:\\\/\\\/en.wikipedia.org\\\/wiki\\\/User:Taksen\"],\"knowsAbout\":[\"18e eeuw\"],\"knowsLanguage\":[\"duits\",\"engels\",\"nederlands\",\"fries\"]}]}<\/script>\n<!-- \/ Yoast SEO Premium plugin. -->","yoast_head_json":{"title":"Vincent la Chapelle, kok - Taco Tichelaar","robots":{"index":"index","follow":"follow","max-snippet":"max-snippet:-1","max-image-preview":"max-image-preview:large","max-video-preview":"max-video-preview:-1"},"canonical":"https:\/\/tacotichelaar.nl\/wordpress\/vincent-la-chapelle\/","og_locale":"nl_NL","og_type":"article","og_title":"Vincent la Chapelle, kok","og_description":"Vincent la Chapelle (1690 of 1703&#8211;1745) was een beroemde Franse chef-kok, afkomstig uit een landadelijke familie. Hij publiceerde in 1733 The modern cook. De prijzige ingredi\u00ebnten en de lange bereidingstijden tonen dat hij zich richtte tot een &#8220;upper class&#8221; en die be\u00efnvloedde in haar eetgewoonten. Twee jaar later verscheen in het Frans Le Cuisinier moderne. &hellip; Lees verder Vincent la Chapelle, kok &rarr;","og_url":"https:\/\/tacotichelaar.nl\/wordpress\/vincent-la-chapelle\/","og_site_name":"Taco Tichelaar","article_publisher":"https:\/\/www.facebook.com\/taco.tichelaar","article_modified_time":"2020-10-02T16:37:34+00:00","twitter_misc":{"Geschatte leestijd":"4 minuten"},"schema":{"@context":"https:\/\/schema.org","@graph":[{"@type":"WebPage","@id":"https:\/\/tacotichelaar.nl\/wordpress\/vincent-la-chapelle\/","url":"https:\/\/tacotichelaar.nl\/wordpress\/vincent-la-chapelle\/","name":"Vincent la Chapelle, kok - Taco Tichelaar","isPartOf":{"@id":"https:\/\/tacotichelaar.nl\/wordpress\/#website"},"datePublished":"2015-05-05T09:14:25+00:00","dateModified":"2020-10-02T16:37:34+00:00","breadcrumb":{"@id":"https:\/\/tacotichelaar.nl\/wordpress\/vincent-la-chapelle\/#breadcrumb"},"inLanguage":"nl-NL","potentialAction":[{"@type":"ReadAction","target":["https:\/\/tacotichelaar.nl\/wordpress\/vincent-la-chapelle\/"]}]},{"@type":"BreadcrumbList","@id":"https:\/\/tacotichelaar.nl\/wordpress\/vincent-la-chapelle\/#breadcrumb","itemListElement":[{"@type":"ListItem","position":1,"name":"Home","item":"https:\/\/tacotichelaar.nl\/wordpress\/"},{"@type":"ListItem","position":2,"name":"Vincent la Chapelle, kok"}]},{"@type":"WebSite","@id":"https:\/\/tacotichelaar.nl\/wordpress\/#website","url":"https:\/\/tacotichelaar.nl\/wordpress\/","name":"Taco Tichelaar","description":"geschiedenis, huisonderzoek","publisher":{"@id":"https:\/\/tacotichelaar.nl\/wordpress\/#\/schema\/person\/9507958c5bf79d94fffc2702606bc3a6"},"potentialAction":[{"@type":"SearchAction","target":{"@type":"EntryPoint","urlTemplate":"https:\/\/tacotichelaar.nl\/wordpress\/?s={search_term_string}"},"query-input":{"@type":"PropertyValueSpecification","valueRequired":true,"valueName":"search_term_string"}}],"inLanguage":"nl-NL"},{"@type":["Person","Organization"],"@id":"https:\/\/tacotichelaar.nl\/wordpress\/#\/schema\/person\/9507958c5bf79d94fffc2702606bc3a6","name":"admin","image":{"@type":"ImageObject","inLanguage":"nl-NL","@id":"https:\/\/secure.gravatar.com\/avatar\/a49b40cf75021306b5946fce4549f64c43bfe4038dec77cf518111eb1b9e3f77?s=96&d=identicon&r=g","url":"https:\/\/secure.gravatar.com\/avatar\/a49b40cf75021306b5946fce4549f64c43bfe4038dec77cf518111eb1b9e3f77?s=96&d=identicon&r=g","contentUrl":"https:\/\/secure.gravatar.com\/avatar\/a49b40cf75021306b5946fce4549f64c43bfe4038dec77cf518111eb1b9e3f77?s=96&d=identicon&r=g","caption":"admin"},"logo":{"@id":"https:\/\/secure.gravatar.com\/avatar\/a49b40cf75021306b5946fce4549f64c43bfe4038dec77cf518111eb1b9e3f77?s=96&d=identicon&r=g"},"description":"My hobby is house and occupant research of canal houses in Amsterdam. Of some canal houses much is known, but in general I collect relevant information in tax books, stored in the Amsterdam city archive, in the literature or on internet. \u201c According to Zhuang zi, a Tao philosopher life is limited and knowledge to be gained is unlimited.' [2] \u201d","sameAs":["https:\/\/tacotichelaar.nl","https:\/\/www.facebook.com\/taco.tichelaar","https:\/\/www.linkedin.com\/in\/taco-tichelaar-a01036221\/","https:\/\/en.wikipedia.org\/wiki\/User:Taksen"],"knowsAbout":["18e eeuw"],"knowsLanguage":["duits","engels","nederlands","fries"]}]}},"_links":{"self":[{"href":"https:\/\/tacotichelaar.nl\/wordpress\/wp-json\/wp\/v2\/pages\/1561","targetHints":{"allow":["GET"]}}],"collection":[{"href":"https:\/\/tacotichelaar.nl\/wordpress\/wp-json\/wp\/v2\/pages"}],"about":[{"href":"https:\/\/tacotichelaar.nl\/wordpress\/wp-json\/wp\/v2\/types\/page"}],"author":[{"embeddable":true,"href":"https:\/\/tacotichelaar.nl\/wordpress\/wp-json\/wp\/v2\/users\/1"}],"replies":[{"embeddable":true,"href":"https:\/\/tacotichelaar.nl\/wordpress\/wp-json\/wp\/v2\/comments?post=1561"}],"version-history":[{"count":0,"href":"https:\/\/tacotichelaar.nl\/wordpress\/wp-json\/wp\/v2\/pages\/1561\/revisions"}],"wp:attachment":[{"href":"https:\/\/tacotichelaar.nl\/wordpress\/wp-json\/wp\/v2\/media?parent=1561"}],"curies":[{"name":"wp","href":"https:\/\/api.w.org\/{rel}","templated":true}]}}