{"id":1568,"date":"2015-05-05T11:20:33","date_gmt":"2015-05-05T09:20:33","guid":{"rendered":"http:\/\/tacotichelaar.nl\/wordpress\/?page_id=1568"},"modified":"2016-02-06T11:14:16","modified_gmt":"2016-02-06T09:14:16","slug":"claes-symonsz-meebael","status":"publish","type":"page","link":"https:\/\/tacotichelaar.nl\/wordpress\/vereenigde-oostindische-compagnie\/claes-symonsz-meebael\/","title":{"rendered":"Claes Symonsz. Meebael, koopman in Bantam"},"content":{"rendered":"<p><b>Claes Symonsz. Meebael<\/b> (ca 1578-1622) was een onderkoopman die in 1599 op de <i>Hollandia<\/i> onder <a class=\"new\" title=\"Cornelis van Heemskerck (de pagina bestaat niet)\" href=\"https:\/\/nl.wikipedia.org\/w\/index.php?title=Cornelis_van_Heemskerck&amp;action=edit&amp;redlink=1\">Cornelis van Heemskerck<\/a>, vice-admiraal naar de Oost-Indi\u00eb voer. Hij was waarschijnlijk de zwager van <a title=\"Syvert P. Sem\" href=\"https:\/\/nl.wikipedia.org\/wiki\/Syvert_P._Sem\">Sievert Pietersz. Sem<\/a>, \u00e9\u00e9n van de bewindhebbers van de <a title=\"Compagnie van Verre\" href=\"https:\/\/nl.wikipedia.org\/wiki\/Compagnie_van_Verre\">Compagnie van Verre<\/a>. In 1600 is hij door <a class=\"mw-redirect\" title=\"Jacob Wilkens\" href=\"https:\/\/nl.wikipedia.org\/wiki\/Jacob_Wilkens\">Jacob Wilkens<\/a> in soort van <a title=\"Factorij\" href=\"https:\/\/nl.wikipedia.org\/wiki\/Factorij\">factorij<\/a> in <a title=\"Bantam (stad)\" href=\"https:\/\/nl.wikipedia.org\/wiki\/Bantam_%28stad%29\">Bantam<\/a> achtergelaten om de handelscontacten uit te breiden.<sup id=\"cite_ref-1\" class=\"reference\"><a href=\"https:\/\/nl.wikipedia.org\/wiki\/Claes_Symonsz._Meebael#cite_note-1\">[1]<\/a><\/sup><\/p>\n<p>De drie admiraals, Jacob Wilkens, <a title=\"Pieter Both\" href=\"https:\/\/nl.wikipedia.org\/wiki\/Pieter_Both\">Pieter Both<\/a> en <a title=\"Steven van der Hagen\" href=\"https:\/\/nl.wikipedia.org\/wiki\/Steven_van_der_Hagen\">Steven van der Hagen<\/a>, in dienst van zeker twee verschillende compagnie\u00ebn, de <a title=\"Compagnie van Verre\" href=\"https:\/\/nl.wikipedia.org\/wiki\/Compagnie_van_Verre\">Compagnie van Verre<\/a> en de Nieuwe <a title=\"Brabantsche Compagnie\" href=\"https:\/\/nl.wikipedia.org\/wiki\/Brabantsche_Compagnie\">Brabantsche Compagnie<\/a> voeren in januari 1601 terug naar het vaderland met een lading peper. De <i>Hollandia<\/i> voer door naar de Molukken en landde bij <a title=\"Hitoe\" href=\"https:\/\/nl.wikipedia.org\/wiki\/Hitoe\">Hitoe<\/a>. Cornelis van Eemskerck wist een Portugees schip op de vlucht te jagen en verkreeg daardoor gunstige landingsrechten.<sup id=\"cite_ref-2\" class=\"reference\"><a href=\"https:\/\/nl.wikipedia.org\/wiki\/Claes_Symonsz._Meebael#cite_note-2\">[2]<\/a><\/sup><\/p>\n<p>Het verblijf van Meebael op Bantam heeft niet lang geduurd. Op 12 april 1601 schreef Meebael vanuit Bantam en in de haast een brief aan de <a title=\"Bewindhebber\" href=\"https:\/\/nl.wikipedia.org\/wiki\/Bewindhebber\">bewindhebbers<\/a> van de <a title=\"Compagnie van Verre\" href=\"https:\/\/nl.wikipedia.org\/wiki\/Compagnie_van_Verre\">Oude Compagnie<\/a>.<sup id=\"cite_ref-3\" class=\"reference\"><a href=\"https:\/\/nl.wikipedia.org\/wiki\/Claes_Symonsz._Meebael#cite_note-3\">[3]<\/a><\/sup> Hij vermeldde het vertrek (in januari) van drie galeien, vijf schepen en 40 platbodems om <a title=\"Ambon (eiland)\" href=\"https:\/\/nl.wikipedia.org\/wiki\/Ambon_%28eiland%29\">Amboina<\/a> of <a title=\"Amboina (VOC-gebied)\" href=\"https:\/\/nl.wikipedia.org\/wiki\/Amboina_%28VOC-gebied%29\">Amboina (VOC-gebied)<\/a> (?) op de <a title=\"Molukken\" href=\"https:\/\/nl.wikipedia.org\/wiki\/Molukken\">Molukken<\/a> met geweld in te nemen, hetgeen mogelijk is mislukt.<\/p>\n<p>In april of mei 1602 moet Meebael weer in Amsterdam zijn geweest, want in juni 1602 zeilde hij opnieuw naar Indi\u00eb. Meebael werd commies op het schip <i>de Ster<\/i> onder <a title=\"Wybrand van Warwijck\" href=\"https:\/\/nl.wikipedia.org\/wiki\/Wybrand_van_Warwijck\">Wybrand van Warwijck<\/a>.<sup id=\"cite_ref-4\" class=\"reference\"><a href=\"https:\/\/nl.wikipedia.org\/wiki\/Claes_Symonsz._Meebael#cite_note-4\">[4]<\/a><\/sup> In 1605 ontmoette hij Van Warwijck in <a title=\"Pattani (stad)\" href=\"https:\/\/nl.wikipedia.org\/wiki\/Pattani_%28stad%29\">Pattani<\/a>, die onverrichte zake uit Macao was teruggekeerd. Meebael hield sinds 17 februari in de haven een Portugese <a title=\"Kraak (zeeschip)\" href=\"https:\/\/nl.wikipedia.org\/wiki\/Kraak_%28zeeschip%29\">kraak<\/a> tegen, waarvoor hij toestemming had gekregen van de plaatselijke koningin. Toen Van Warwijck op de hoogte werd gesteld, ankerde hij naast het Portugese schip en vroeg de kapitein het schip over te geven.<sup id=\"cite_ref-5\" class=\"reference\"><a href=\"https:\/\/nl.wikipedia.org\/wiki\/Claes_Symonsz._Meebael#cite_note-5\">[5]<\/a><\/sup> De kraak, o.a. geladen met ruwe zijde, werd mee naar Holland gevoerd.<sup id=\"cite_ref-6\" class=\"reference\"><a href=\"https:\/\/nl.wikipedia.org\/wiki\/Claes_Symonsz._Meebael#cite_note-6\">[6]<\/a><\/sup><\/p>\n<p>De 34-jarige Claes Symonsz. Meebael trouwde in 1612 met 18-jarige Aeltje Cornelis Cornelisdr. wonende op <a title=\"Uilenburg (Amsterdam)\" href=\"https:\/\/nl.wikipedia.org\/wiki\/Uilenburg_%28Amsterdam%29\">Uilenburg<\/a>, de dochter van een scheepstimmerman en mastenmaker. In 1615 erfde zij een pand van haar grootvader Cornelis Jansz, alias Cleyn Ceesje.<\/p>\n<p>Mogelijk had Meebael een zus Trijntje die met Pieter Willemsz. Blaeu was getrouwd.<sup id=\"cite_ref-7\" class=\"reference\"><a href=\"https:\/\/nl.wikipedia.org\/wiki\/Claes_Symonsz._Meebael#cite_note-7\">[7]<\/a><\/sup> en een broer Rieuwert.<sup id=\"cite_ref-8\" class=\"reference\"><a href=\"https:\/\/nl.wikipedia.org\/wiki\/Claes_Symonsz._Meebael#cite_note-8\">[8]<\/a><\/sup> Meebael stierf in november 1622 en is begraven vanuit een pand op de <a title=\"Kromme Waal\" href=\"https:\/\/nl.wikipedia.org\/wiki\/Kromme_Waal\">Kromme Waal<\/a> (23), genaamd <i>de Kater<\/i>. Zijn vrouw, die evenals Meebael zelf uit een katholiek familie afkomstig was, was erfgenaam van een schilderij met de &#8220;geboorte&#8221;door <a title=\"Pieter Aertsen\" href=\"https:\/\/nl.wikipedia.org\/wiki\/Pieter_Aertsen\">Pieter Aertsen<\/a> en kreeg in 1623 daarover ruzie met haar zwager en schoonzuster.<sup id=\"cite_ref-9\" class=\"reference\"><a href=\"https:\/\/nl.wikipedia.org\/wiki\/Claes_Symonsz._Meebael#cite_note-9\">[9]<\/a><\/sup><\/p>\n<table class=\"toccolours\">\n<tbody>\n<tr>\n<td><b>Bronnen, noten en\/of referenties<\/b><\/p>\n<div><\/div>\n<\/td>\n<\/tr>\n<\/tbody>\n<\/table>\n<p>&nbsp;<\/p>\n<ul>\n<li id=\"cite_note-1\"><span class=\"reference-text\">Inventaris van de archieven van de compagnie\u00ebn op Oost-Indi\u00eb, 1594-1603<a class=\"external autonumber\" href=\"http:\/\/www.nationaalarchief.nl\/search\/highlighter.jsp?url=%2Fwebviews%2Fpage.webview%3Feadid%3DNL-HaNA_1.04.01%26pageid%3DN108A4&amp;insert_anchor=false&amp;query_text=meebael&amp;focus_window=true#N108A4\" rel=\"nofollow\">[1]<\/a><\/span><\/li>\n<li id=\"cite_note-2\"><span class=\"reference-text\">De VOC als volkenrechtelijke actor Door Jan A. Somers <a class=\"external autonumber\" href=\"http:\/\/books.google.nl\/books?id=-BCpWoNg3vUC&amp;pg=PA254&amp;lpg=PA254&amp;dq=Cornelis+van+Eemskerck&amp;source=bl&amp;ots=PaeWH_DO1U&amp;sig=boQU9rpInVRUviNFRlOvdUg8Y2I&amp;hl=nl&amp;ei=1rxxS8nLKtLv-QbRkejICQ&amp;sa=X&amp;oi=book_result&amp;ct=result&amp;resnum=3&amp;ved=0CBIQ6AEwAg#v=onepage&amp;q=Cornelis%20van%20Eemskerck&amp;f=false\" rel=\"nofollow\">[2]<\/a><\/span><\/li>\n<li id=\"cite_note-3\"><span class=\"reference-text\">De Vierde Schipvaart der Nederlanders naar Oost-Indi\u00eb onder Jacob Wilkens en Jacob van Neck (1599-1604), deel II, p. 256. Uitgegeven door Jhr. H.A. van Foreest en A. de Booy. &#8216;s Gravenhage. Martinus Nijhoff<\/span><\/li>\n<li id=\"cite_note-4\"><span class=\"reference-text\">De Vierde Schipvaart der Nederlanders naar Oost-Indi\u00eb onder Jacob Wilkens en <a class=\"mw-redirect\" title=\"Jacob van Neck\" href=\"https:\/\/nl.wikipedia.org\/wiki\/Jacob_van_Neck\">Jacob van Neck<\/a> (1599-1604), deel I, p. 73, 86, 91, 92. Uitgegeven door Jhr. H.A. van Foreest en A. de Booy. &#8216;s Gravenhage. Martinus Nijhoff<\/span><\/li>\n<li id=\"cite_note-5\"><span class=\"reference-text\">Historisch Verhael van de Reyse gedaen inde Oost-Indien, met 15 schepen voor Reeckeninghe vande vereenichde Gheoctroyeerde Compagnie: onder het beleydt van de vroomen ende manhaften Wybrandt van Waerwijck, als Admirael ende Sebaldt de Weert, als Vice-Admiraal, p. 81. In: Begin ende voortgangh, van de Vereenighde Nederlantsche Geoctroyeerde Oost-Indische Compagnie.<\/span><\/li>\n<li id=\"cite_note-6\"><span class=\"reference-text\">De Opkomst van het Nederlandsch gezag in Oost-Indi\u00eb, Volume 3, p. 25. Door Karel Jakob de Jonge,Marinus Lodewijk van Deventer <a class=\"external autonumber\" href=\"http:\/\/books.google.nl\/books?id=jklJAAAAMAAJ&amp;pg=PA3&amp;dq=Wijbrand+van+Warwijck&amp;client=firefox-a&amp;cd=5#v=onepage&amp;q=Meebaal&amp;f=false\" rel=\"nofollow\">[3]<\/a><\/span><\/li>\n<li id=\"cite_note-7\"><span class=\"reference-text\"><a class=\"external free\" href=\"http:\/\/van-hal.net\/stambomen\/vanderhal\/pafg16.htm\" rel=\"nofollow\">http:\/\/van-hal.net\/stambomen\/vanderhal\/pafg16.htm<\/a><\/span><\/li>\n<li id=\"cite_note-8\"><span class=\"reference-text\"><a class=\"external free\" href=\"http:\/\/www.dbnl.org\/tekst\/stui002memo01_01\/stui002memo01_01_0028.htm\" rel=\"nofollow\">http:\/\/www.dbnl.org\/tekst\/stui002memo01_01\/stui002memo01_01_0028.htm<\/a><\/span><\/li>\n<li id=\"cite_note-9\"><span class=\"reference-text\">NA 485, f. 159, 30 november 1623, not. E. Cocq.<\/span><\/li>\n<\/ul>\n<p>&nbsp;<\/p>\n<div class=\"pvc_clear\"><\/div>\n<p id=\"pvc_stats_1568\" class=\"pvc_stats all  \" data-element-id=\"1568\" style=\"\"><i class=\"pvc-stats-icon medium\" aria-hidden=\"true\"><svg aria-hidden=\"true\" focusable=\"false\" data-prefix=\"far\" data-icon=\"chart-bar\" role=\"img\" xmlns=\"http:\/\/www.w3.org\/2000\/svg\" viewBox=\"0 0 512 512\" class=\"svg-inline--fa fa-chart-bar fa-w-16 fa-2x\"><path fill=\"currentColor\" d=\"M396.8 352h22.4c6.4 0 12.8-6.4 12.8-12.8V108.8c0-6.4-6.4-12.8-12.8-12.8h-22.4c-6.4 0-12.8 6.4-12.8 12.8v230.4c0 6.4 6.4 12.8 12.8 12.8zm-192 0h22.4c6.4 0 12.8-6.4 12.8-12.8V140.8c0-6.4-6.4-12.8-12.8-12.8h-22.4c-6.4 0-12.8 6.4-12.8 12.8v198.4c0 6.4 6.4 12.8 12.8 12.8zm96 0h22.4c6.4 0 12.8-6.4 12.8-12.8V204.8c0-6.4-6.4-12.8-12.8-12.8h-22.4c-6.4 0-12.8 6.4-12.8 12.8v134.4c0 6.4 6.4 12.8 12.8 12.8zM496 400H48V80c0-8.84-7.16-16-16-16H16C7.16 64 0 71.16 0 80v336c0 17.67 14.33 32 32 32h464c8.84 0 16-7.16 16-16v-16c0-8.84-7.16-16-16-16zm-387.2-48h22.4c6.4 0 12.8-6.4 12.8-12.8v-70.4c0-6.4-6.4-12.8-12.8-12.8h-22.4c-6.4 0-12.8 6.4-12.8 12.8v70.4c0 6.4 6.4 12.8 12.8 12.8z\" class=\"\"><\/path><\/svg><\/i> <img loading=\"lazy\" decoding=\"async\" width=\"16\" height=\"16\" alt=\"Loading\" src=\"https:\/\/tacotichelaar.nl\/wordpress\/wp-content\/plugins\/page-views-count\/ajax-loader-2x.gif\" border=0 \/><\/p>\n<div class=\"pvc_clear\"><\/div>\n","protected":false},"excerpt":{"rendered":"<p>Claes Symonsz. Meebael (ca 1578-1622) was een onderkoopman die in 1599 op de Hollandia onder Cornelis van Heemskerck, vice-admiraal naar de Oost-Indi\u00eb voer. Hij was waarschijnlijk de zwager van Sievert Pietersz. Sem, \u00e9\u00e9n van de bewindhebbers van de Compagnie van Verre. In 1600 is hij door Jacob Wilkens in soort van factorij in Bantam achtergelaten &hellip; <a href=\"https:\/\/tacotichelaar.nl\/wordpress\/vereenigde-oostindische-compagnie\/claes-symonsz-meebael\/\" class=\"more-link\">Lees verder <span class=\"screen-reader-text\">Claes Symonsz. Meebael, koopman in Bantam<\/span> <span class=\"meta-nav\">&rarr;<\/span><\/a><\/p>\n<div class=\"pvc_clear\"><\/div>\n<p id=\"pvc_stats_1568\" class=\"pvc_stats all  \" data-element-id=\"1568\" style=\"\"><i class=\"pvc-stats-icon medium\" aria-hidden=\"true\"><svg aria-hidden=\"true\" focusable=\"false\" data-prefix=\"far\" data-icon=\"chart-bar\" role=\"img\" xmlns=\"http:\/\/www.w3.org\/2000\/svg\" viewBox=\"0 0 512 512\" class=\"svg-inline--fa fa-chart-bar fa-w-16 fa-2x\"><path fill=\"currentColor\" d=\"M396.8 352h22.4c6.4 0 12.8-6.4 12.8-12.8V108.8c0-6.4-6.4-12.8-12.8-12.8h-22.4c-6.4 0-12.8 6.4-12.8 12.8v230.4c0 6.4 6.4 12.8 12.8 12.8zm-192 0h22.4c6.4 0 12.8-6.4 12.8-12.8V140.8c0-6.4-6.4-12.8-12.8-12.8h-22.4c-6.4 0-12.8 6.4-12.8 12.8v198.4c0 6.4 6.4 12.8 12.8 12.8zm96 0h22.4c6.4 0 12.8-6.4 12.8-12.8V204.8c0-6.4-6.4-12.8-12.8-12.8h-22.4c-6.4 0-12.8 6.4-12.8 12.8v134.4c0 6.4 6.4 12.8 12.8 12.8zM496 400H48V80c0-8.84-7.16-16-16-16H16C7.16 64 0 71.16 0 80v336c0 17.67 14.33 32 32 32h464c8.84 0 16-7.16 16-16v-16c0-8.84-7.16-16-16-16zm-387.2-48h22.4c6.4 0 12.8-6.4 12.8-12.8v-70.4c0-6.4-6.4-12.8-12.8-12.8h-22.4c-6.4 0-12.8 6.4-12.8 12.8v70.4c0 6.4 6.4 12.8 12.8 12.8z\" class=\"\"><\/path><\/svg><\/i> <img loading=\"lazy\" decoding=\"async\" width=\"16\" height=\"16\" alt=\"Loading\" src=\"https:\/\/tacotichelaar.nl\/wordpress\/wp-content\/plugins\/page-views-count\/ajax-loader-2x.gif\" border=0 \/><\/p>\n<div class=\"pvc_clear\"><\/div>\n","protected":false},"author":1,"featured_media":0,"parent":1133,"menu_order":0,"comment_status":"closed","ping_status":"closed","template":"","meta":{"_acf_changed":false,"footnotes":""},"class_list":["post-1568","page","type-page","status-publish","hentry"],"acf":[],"yoast_head":"<!-- This site is optimized with the Yoast SEO Premium plugin v27.1 (Yoast SEO v27.3) - https:\/\/yoast.com\/product\/yoast-seo-premium-wordpress\/ -->\n<title>Claes Symonsz. Meebael, koopman in Bantam - Taco Tichelaar<\/title>\n<meta name=\"robots\" content=\"index, follow, max-snippet:-1, max-image-preview:large, max-video-preview:-1\" \/>\n<link rel=\"canonical\" href=\"https:\/\/tacotichelaar.nl\/wordpress\/vereenigde-oostindische-compagnie\/claes-symonsz-meebael\/\" \/>\n<meta property=\"og:locale\" content=\"nl_NL\" \/>\n<meta property=\"og:type\" content=\"article\" \/>\n<meta property=\"og:title\" content=\"Claes Symonsz. Meebael, koopman in Bantam\" \/>\n<meta property=\"og:description\" content=\"Claes Symonsz. Meebael (ca 1578-1622) was een onderkoopman die in 1599 op de Hollandia onder Cornelis van Heemskerck, vice-admiraal naar de Oost-Indi\u00eb voer. Hij was waarschijnlijk de zwager van Sievert Pietersz. Sem, \u00e9\u00e9n van de bewindhebbers van de Compagnie van Verre. In 1600 is hij door Jacob Wilkens in soort van factorij in Bantam achtergelaten &hellip; Lees verder Claes Symonsz. Meebael, koopman in Bantam &rarr;\" \/>\n<meta property=\"og:url\" content=\"https:\/\/tacotichelaar.nl\/wordpress\/vereenigde-oostindische-compagnie\/claes-symonsz-meebael\/\" \/>\n<meta property=\"og:site_name\" content=\"Taco Tichelaar\" \/>\n<meta property=\"article:publisher\" content=\"https:\/\/www.facebook.com\/taco.tichelaar\" \/>\n<meta property=\"article:modified_time\" content=\"2016-02-06T09:14:16+00:00\" \/>\n<meta name=\"twitter:label1\" content=\"Geschatte leestijd\" \/>\n\t<meta name=\"twitter:data1\" content=\"3 minuten\" \/>\n<script type=\"application\/ld+json\" class=\"yoast-schema-graph\">{\"@context\":\"https:\\\/\\\/schema.org\",\"@graph\":[{\"@type\":\"WebPage\",\"@id\":\"https:\\\/\\\/tacotichelaar.nl\\\/wordpress\\\/vereenigde-oostindische-compagnie\\\/claes-symonsz-meebael\\\/\",\"url\":\"https:\\\/\\\/tacotichelaar.nl\\\/wordpress\\\/vereenigde-oostindische-compagnie\\\/claes-symonsz-meebael\\\/\",\"name\":\"Claes Symonsz. Meebael, koopman in Bantam - Taco Tichelaar\",\"isPartOf\":{\"@id\":\"https:\\\/\\\/tacotichelaar.nl\\\/wordpress\\\/#website\"},\"datePublished\":\"2015-05-05T09:20:33+00:00\",\"dateModified\":\"2016-02-06T09:14:16+00:00\",\"breadcrumb\":{\"@id\":\"https:\\\/\\\/tacotichelaar.nl\\\/wordpress\\\/vereenigde-oostindische-compagnie\\\/claes-symonsz-meebael\\\/#breadcrumb\"},\"inLanguage\":\"nl-NL\",\"potentialAction\":[{\"@type\":\"ReadAction\",\"target\":[\"https:\\\/\\\/tacotichelaar.nl\\\/wordpress\\\/vereenigde-oostindische-compagnie\\\/claes-symonsz-meebael\\\/\"]}]},{\"@type\":\"BreadcrumbList\",\"@id\":\"https:\\\/\\\/tacotichelaar.nl\\\/wordpress\\\/vereenigde-oostindische-compagnie\\\/claes-symonsz-meebael\\\/#breadcrumb\",\"itemListElement\":[{\"@type\":\"ListItem\",\"position\":1,\"name\":\"Home\",\"item\":\"https:\\\/\\\/tacotichelaar.nl\\\/wordpress\\\/\"},{\"@type\":\"ListItem\",\"position\":2,\"name\":\"Vereenigde Oostindische Compagnie\",\"item\":\"https:\\\/\\\/tacotichelaar.nl\\\/wordpress\\\/vereenigde-oostindische-compagnie\\\/\"},{\"@type\":\"ListItem\",\"position\":3,\"name\":\"Claes Symonsz. Meebael, koopman in Bantam\"}]},{\"@type\":\"WebSite\",\"@id\":\"https:\\\/\\\/tacotichelaar.nl\\\/wordpress\\\/#website\",\"url\":\"https:\\\/\\\/tacotichelaar.nl\\\/wordpress\\\/\",\"name\":\"Taco Tichelaar\",\"description\":\"geschiedenis, huisonderzoek\",\"publisher\":{\"@id\":\"https:\\\/\\\/tacotichelaar.nl\\\/wordpress\\\/#\\\/schema\\\/person\\\/9507958c5bf79d94fffc2702606bc3a6\"},\"potentialAction\":[{\"@type\":\"SearchAction\",\"target\":{\"@type\":\"EntryPoint\",\"urlTemplate\":\"https:\\\/\\\/tacotichelaar.nl\\\/wordpress\\\/?s={search_term_string}\"},\"query-input\":{\"@type\":\"PropertyValueSpecification\",\"valueRequired\":true,\"valueName\":\"search_term_string\"}}],\"inLanguage\":\"nl-NL\"},{\"@type\":[\"Person\",\"Organization\"],\"@id\":\"https:\\\/\\\/tacotichelaar.nl\\\/wordpress\\\/#\\\/schema\\\/person\\\/9507958c5bf79d94fffc2702606bc3a6\",\"name\":\"admin\",\"image\":{\"@type\":\"ImageObject\",\"inLanguage\":\"nl-NL\",\"@id\":\"https:\\\/\\\/secure.gravatar.com\\\/avatar\\\/a49b40cf75021306b5946fce4549f64c43bfe4038dec77cf518111eb1b9e3f77?s=96&d=identicon&r=g\",\"url\":\"https:\\\/\\\/secure.gravatar.com\\\/avatar\\\/a49b40cf75021306b5946fce4549f64c43bfe4038dec77cf518111eb1b9e3f77?s=96&d=identicon&r=g\",\"contentUrl\":\"https:\\\/\\\/secure.gravatar.com\\\/avatar\\\/a49b40cf75021306b5946fce4549f64c43bfe4038dec77cf518111eb1b9e3f77?s=96&d=identicon&r=g\",\"caption\":\"admin\"},\"logo\":{\"@id\":\"https:\\\/\\\/secure.gravatar.com\\\/avatar\\\/a49b40cf75021306b5946fce4549f64c43bfe4038dec77cf518111eb1b9e3f77?s=96&d=identicon&r=g\"},\"description\":\"My hobby is house and occupant research of canal houses in Amsterdam. Of some canal houses much is known, but in general I collect relevant information in tax books, stored in the Amsterdam city archive, in the literature or on internet. \u201c According to Zhuang zi, a Tao philosopher life is limited and knowledge to be gained is unlimited.' [2] \u201d\",\"sameAs\":[\"https:\\\/\\\/tacotichelaar.nl\",\"https:\\\/\\\/www.facebook.com\\\/taco.tichelaar\",\"https:\\\/\\\/www.linkedin.com\\\/in\\\/taco-tichelaar-a01036221\\\/\",\"https:\\\/\\\/en.wikipedia.org\\\/wiki\\\/User:Taksen\"],\"knowsAbout\":[\"18e eeuw\"],\"knowsLanguage\":[\"duits\",\"engels\",\"nederlands\",\"fries\"]}]}<\/script>\n<!-- \/ Yoast SEO Premium plugin. -->","yoast_head_json":{"title":"Claes Symonsz. Meebael, koopman in Bantam - Taco Tichelaar","robots":{"index":"index","follow":"follow","max-snippet":"max-snippet:-1","max-image-preview":"max-image-preview:large","max-video-preview":"max-video-preview:-1"},"canonical":"https:\/\/tacotichelaar.nl\/wordpress\/vereenigde-oostindische-compagnie\/claes-symonsz-meebael\/","og_locale":"nl_NL","og_type":"article","og_title":"Claes Symonsz. Meebael, koopman in Bantam","og_description":"Claes Symonsz. Meebael (ca 1578-1622) was een onderkoopman die in 1599 op de Hollandia onder Cornelis van Heemskerck, vice-admiraal naar de Oost-Indi\u00eb voer. Hij was waarschijnlijk de zwager van Sievert Pietersz. Sem, \u00e9\u00e9n van de bewindhebbers van de Compagnie van Verre. In 1600 is hij door Jacob Wilkens in soort van factorij in Bantam achtergelaten &hellip; Lees verder Claes Symonsz. Meebael, koopman in Bantam &rarr;","og_url":"https:\/\/tacotichelaar.nl\/wordpress\/vereenigde-oostindische-compagnie\/claes-symonsz-meebael\/","og_site_name":"Taco Tichelaar","article_publisher":"https:\/\/www.facebook.com\/taco.tichelaar","article_modified_time":"2016-02-06T09:14:16+00:00","twitter_misc":{"Geschatte leestijd":"3 minuten"},"schema":{"@context":"https:\/\/schema.org","@graph":[{"@type":"WebPage","@id":"https:\/\/tacotichelaar.nl\/wordpress\/vereenigde-oostindische-compagnie\/claes-symonsz-meebael\/","url":"https:\/\/tacotichelaar.nl\/wordpress\/vereenigde-oostindische-compagnie\/claes-symonsz-meebael\/","name":"Claes Symonsz. Meebael, koopman in Bantam - Taco Tichelaar","isPartOf":{"@id":"https:\/\/tacotichelaar.nl\/wordpress\/#website"},"datePublished":"2015-05-05T09:20:33+00:00","dateModified":"2016-02-06T09:14:16+00:00","breadcrumb":{"@id":"https:\/\/tacotichelaar.nl\/wordpress\/vereenigde-oostindische-compagnie\/claes-symonsz-meebael\/#breadcrumb"},"inLanguage":"nl-NL","potentialAction":[{"@type":"ReadAction","target":["https:\/\/tacotichelaar.nl\/wordpress\/vereenigde-oostindische-compagnie\/claes-symonsz-meebael\/"]}]},{"@type":"BreadcrumbList","@id":"https:\/\/tacotichelaar.nl\/wordpress\/vereenigde-oostindische-compagnie\/claes-symonsz-meebael\/#breadcrumb","itemListElement":[{"@type":"ListItem","position":1,"name":"Home","item":"https:\/\/tacotichelaar.nl\/wordpress\/"},{"@type":"ListItem","position":2,"name":"Vereenigde Oostindische Compagnie","item":"https:\/\/tacotichelaar.nl\/wordpress\/vereenigde-oostindische-compagnie\/"},{"@type":"ListItem","position":3,"name":"Claes Symonsz. Meebael, koopman in Bantam"}]},{"@type":"WebSite","@id":"https:\/\/tacotichelaar.nl\/wordpress\/#website","url":"https:\/\/tacotichelaar.nl\/wordpress\/","name":"Taco Tichelaar","description":"geschiedenis, huisonderzoek","publisher":{"@id":"https:\/\/tacotichelaar.nl\/wordpress\/#\/schema\/person\/9507958c5bf79d94fffc2702606bc3a6"},"potentialAction":[{"@type":"SearchAction","target":{"@type":"EntryPoint","urlTemplate":"https:\/\/tacotichelaar.nl\/wordpress\/?s={search_term_string}"},"query-input":{"@type":"PropertyValueSpecification","valueRequired":true,"valueName":"search_term_string"}}],"inLanguage":"nl-NL"},{"@type":["Person","Organization"],"@id":"https:\/\/tacotichelaar.nl\/wordpress\/#\/schema\/person\/9507958c5bf79d94fffc2702606bc3a6","name":"admin","image":{"@type":"ImageObject","inLanguage":"nl-NL","@id":"https:\/\/secure.gravatar.com\/avatar\/a49b40cf75021306b5946fce4549f64c43bfe4038dec77cf518111eb1b9e3f77?s=96&d=identicon&r=g","url":"https:\/\/secure.gravatar.com\/avatar\/a49b40cf75021306b5946fce4549f64c43bfe4038dec77cf518111eb1b9e3f77?s=96&d=identicon&r=g","contentUrl":"https:\/\/secure.gravatar.com\/avatar\/a49b40cf75021306b5946fce4549f64c43bfe4038dec77cf518111eb1b9e3f77?s=96&d=identicon&r=g","caption":"admin"},"logo":{"@id":"https:\/\/secure.gravatar.com\/avatar\/a49b40cf75021306b5946fce4549f64c43bfe4038dec77cf518111eb1b9e3f77?s=96&d=identicon&r=g"},"description":"My hobby is house and occupant research of canal houses in Amsterdam. Of some canal houses much is known, but in general I collect relevant information in tax books, stored in the Amsterdam city archive, in the literature or on internet. \u201c According to Zhuang zi, a Tao philosopher life is limited and knowledge to be gained is unlimited.' [2] \u201d","sameAs":["https:\/\/tacotichelaar.nl","https:\/\/www.facebook.com\/taco.tichelaar","https:\/\/www.linkedin.com\/in\/taco-tichelaar-a01036221\/","https:\/\/en.wikipedia.org\/wiki\/User:Taksen"],"knowsAbout":["18e eeuw"],"knowsLanguage":["duits","engels","nederlands","fries"]}]}},"_links":{"self":[{"href":"https:\/\/tacotichelaar.nl\/wordpress\/wp-json\/wp\/v2\/pages\/1568","targetHints":{"allow":["GET"]}}],"collection":[{"href":"https:\/\/tacotichelaar.nl\/wordpress\/wp-json\/wp\/v2\/pages"}],"about":[{"href":"https:\/\/tacotichelaar.nl\/wordpress\/wp-json\/wp\/v2\/types\/page"}],"author":[{"embeddable":true,"href":"https:\/\/tacotichelaar.nl\/wordpress\/wp-json\/wp\/v2\/users\/1"}],"replies":[{"embeddable":true,"href":"https:\/\/tacotichelaar.nl\/wordpress\/wp-json\/wp\/v2\/comments?post=1568"}],"version-history":[{"count":0,"href":"https:\/\/tacotichelaar.nl\/wordpress\/wp-json\/wp\/v2\/pages\/1568\/revisions"}],"up":[{"embeddable":true,"href":"https:\/\/tacotichelaar.nl\/wordpress\/wp-json\/wp\/v2\/pages\/1133"}],"wp:attachment":[{"href":"https:\/\/tacotichelaar.nl\/wordpress\/wp-json\/wp\/v2\/media?parent=1568"}],"curies":[{"name":"wp","href":"https:\/\/api.w.org\/{rel}","templated":true}]}}