{"id":2500,"date":"2015-09-07T10:27:41","date_gmt":"2015-09-07T08:27:41","guid":{"rendered":"http:\/\/tacotichelaar.nl\/wordpress\/?page_id=2500"},"modified":"2016-02-06T11:37:33","modified_gmt":"2016-02-06T09:37:33","slug":"johannes-van-walbeeck","status":"publish","type":"page","link":"https:\/\/tacotichelaar.nl\/wordpress\/westindische-compagnie\/johannes-van-walbeeck\/","title":{"rendered":"Johannes van Walbeeck, gouverneur van Cura\u00e7ao"},"content":{"rendered":"<p><b>Johannes van Walbeeck<\/b> (<a title=\"Amsterdam\" href=\"https:\/\/nl.wikipedia.org\/wiki\/Amsterdam\">Amsterdam<\/a>, <a title=\"15 augustus\" href=\"https:\/\/nl.wikipedia.org\/wiki\/15_augustus\">15 augustus<\/a> <a title=\"1602\" href=\"https:\/\/nl.wikipedia.org\/wiki\/1602\">1602<\/a> &#8211;\u00a0?, na <a title=\"Oktober\" href=\"https:\/\/nl.wikipedia.org\/wiki\/Oktober\">oktober<\/a> <a title=\"1649\" href=\"https:\/\/nl.wikipedia.org\/wiki\/1649\">1649<\/a>) was een cartograaf en navigator in dienst van de WIC. Hij zou de zoon kunnen zijn geweest van Jacques van Walbeeck en Weijntje van Foreest.<sup id=\"cite_ref-1\" class=\"reference\"><a href=\"https:\/\/nl.wikipedia.org\/w\/index.php?title=Johannes_van_Walbeeck&amp;printable=yes#cite_note-1\">[1]<\/a><\/sup> Van Walbeeck studeerde enige tijd aan de <a class=\"mw-redirect\" title=\"Universiteit van Leiden\" href=\"https:\/\/nl.wikipedia.org\/wiki\/Universiteit_van_Leiden\">Universiteit van Leiden<\/a>.<\/p>\n<p>In 1624 maakte hij deel uit van de zogenaamde <i>Nassause vloot<\/i>, onder <a title=\"Jacques l'Hermite\" href=\"https:\/\/nl.wikipedia.org\/wiki\/Jacques_l%27Hermite\">Jacques l&#8217;Hermite<\/a>, een onderneming waar de <a title=\"West-Indische Compagnie\" href=\"https:\/\/nl.wikipedia.org\/wiki\/West-Indische_Compagnie\">West-Indische Compagnie<\/a> buiten stond. Het journaal van deze reis die twee jaar duurde en waarbij men rond de hele wereld voer, wordt toegeschreven aan Van Walbeeck. In 1629 vertrok hij naar <a class=\"mw-redirect\" title=\"Nederlands Brazili\u00eb\" href=\"https:\/\/nl.wikipedia.org\/wiki\/Nederlands_Brazili%C3%AB\">Nederlands Brazili\u00eb<\/a>. Hij werd lid van de politieke raad en voerde verkenningstochten op de kust uit.<\/p>\n<p>Op 31 juli 1634 veroverde 400 soldaten en matrozen <a title=\"Cura\u00e7ao\" href=\"https:\/\/nl.wikipedia.org\/wiki\/Cura%C3%A7ao\">Cura\u00e7ao<\/a> op 32 Spanjaarden, inclusief twaalf kinderen. Het eiland was een kale rots, met hier en daar een wilde vijgeboom, geschikt voor paardenteelt. Verder leverde het eiland <a title=\"Dividivi\" href=\"https:\/\/nl.wikipedia.org\/wiki\/Dividivi\">dividivi<\/a> en <a class=\"new\" title=\"Stokvishout (de pagina bestaat niet)\" href=\"https:\/\/nl.wikipedia.org\/w\/index.php?title=Stokvishout&amp;action=edit&amp;redlink=1\">stokvishout<\/a>. De 400 lokale <a title=\"Ta\u00edno (volk)\" href=\"https:\/\/nl.wikipedia.org\/wiki\/Ta%C3%ADno_%28volk%29\">Ta\u00edno<\/a> staken hun hutten in brand en bedierven de weinige waterputten. Hij liet de Spanjaarden naar Venezuela vertrekken, inclusief de indianen die de WIC niet trouw wilden zweren. Van Walbeeck vroeg om een predikant, Angolese slaven en hout om een fort te kunnen bouwen.<sup id=\"cite_ref-2\" class=\"reference\"><a href=\"https:\/\/nl.wikipedia.org\/w\/index.php?title=Johannes_van_Walbeeck&amp;printable=yes#cite_note-2\">[2]<\/a><\/sup><\/p>\n<p>De reden voor de inval en verovering was, dat de WIC op zoek was naar een uitvalsbasis voor handel en <a class=\"mw-redirect\" title=\"Kaapvaart\" href=\"https:\/\/nl.wikipedia.org\/wiki\/Kaapvaart\">kaapvaart<\/a>. Cura\u00e7ao lag gunstig ten opzichte van de Spaanse koloni\u00ebn op het vasteland. Ook had het de beste haven tot dan toe bekend in het Cara\u00efbisch gebied. Daarnaast zocht de WIC naar een goede bron van <a title=\"Keukenzout\" href=\"https:\/\/nl.wikipedia.org\/wiki\/Keukenzout\">zout<\/a>. Zowel op de kust van Venezuela als op Bonaire waren goede zoutpannen te vinden. Op Cura\u00e7ao zelf was <a class=\"new\" title=\"Haematoxylum campechianum (de pagina bestaat niet)\" href=\"https:\/\/nl.wikipedia.org\/w\/index.php?title=Haematoxylum_campechianum&amp;action=edit&amp;redlink=1\">camp\u00eachehout<\/a> (een grondstof voor een natuurlijke verf), vee, <a title=\"Kalk\" href=\"https:\/\/nl.wikipedia.org\/wiki\/Kalk\">kalk<\/a> en <a title=\"Brandstof\" href=\"https:\/\/nl.wikipedia.org\/wiki\/Brandstof\">brandstof<\/a> te vinden.<\/p>\n<p>Na de verovering consolideerde de WIC zijn aanspraken, door fortificaties te bouwen. Omdat <a title=\"Drinkwater\" href=\"https:\/\/nl.wikipedia.org\/wiki\/Drinkwater\">drinkwater<\/a> van levensbelang was werd in 1634-35 een fort gebouwd bij de waterbron aan de noordoostkant van de <a title=\"Sint Annabaai\" href=\"https:\/\/nl.wikipedia.org\/wiki\/Sint_Annabaai\">Sint Annabaai<\/a>. Dit fort bestond uit aarden wallen met een <a title=\"Palissade\" href=\"https:\/\/nl.wikipedia.org\/wiki\/Palissade\">palissade<\/a> en enkele stukken <a title=\"Geschut\" href=\"https:\/\/nl.wikipedia.org\/wiki\/Geschut\">geschut<\/a>. Rondom het fort werden <a title=\"Voetangel\" href=\"https:\/\/nl.wikipedia.org\/wiki\/Voetangel\">voetangels<\/a> gestrooid. In 1635-36 werd begonnen met de bouw van <a title=\"Fort Amsterdam (Cura\u00e7ao)\" href=\"https:\/\/nl.wikipedia.org\/wiki\/Fort_Amsterdam_%28Cura%C3%A7ao%29\">Fort Amsterdam<\/a> op Punda. De eerste bouwfase werd onder leiding van <a title=\"Admiraal\" href=\"https:\/\/nl.wikipedia.org\/wiki\/Admiraal\">admiraal<\/a> <a class=\"mw-redirect\" title=\"Johan van Walbeek\" href=\"https:\/\/nl.wikipedia.org\/wiki\/Johan_van_Walbeek\">Johan van Walbeek<\/a> aangelegd in de vorm van een vijfpuntige ster en bestond uit een kern van aarde en <a title=\"Koraal (zo\u00f6logie)\" href=\"https:\/\/nl.wikipedia.org\/wiki\/Koraal_%28zo%C3%B6logie%29\">koraal<\/a>. Hiertegen werd een schil opgetrokken van met klei gemetseld koraal. Later werd deze schil opgetrokken uit metselwerk.<\/p>\n<p>In de eerste drie jaren waren de leefomstandigheden voor de WIC&#8217;ers slecht. Voor voedsel en bouwmateriaal was men grotendeels afhankelijk van <a class=\"mw-redirect\" title=\"Import\" href=\"https:\/\/nl.wikipedia.org\/wiki\/Import\">import<\/a> uit Europa. De toevoer was zeer onregelmatig; er kon meer dan een half jaar voorbijgaan zonder aanvoer. Gevolg was dat veel loslopend vee werd gevangen en geslacht. Ander voedsel ging op rantsoen. Water moest vanaf de bron naar de Punda gebracht worden. Soldaten en oversten sliepen in uiterst eenvoudige behuizing; zeildoek werd opgespannen op een aantal palen. Een deel van de soldaten werd door barre woonomstandigheden, slechte voedselvoorziening en het harde werk maar vooral door de eentonigheid en verveling ontevreden. Er leek <a title=\"Muiterij\" href=\"https:\/\/nl.wikipedia.org\/wiki\/Muiterij\">muiterij<\/a> ophanden, maar dit werd door verhoging van <a class=\"mw-redirect\" title=\"Rantsoen\" href=\"https:\/\/nl.wikipedia.org\/wiki\/Rantsoen\">rantsoenen<\/a> en drankuitgave afgewend. Van Walbeek schreef naar de <a title=\"Heren XIX\" href=\"https:\/\/nl.wikipedia.org\/wiki\/Heren_XIX\">Heren XIX<\/a>, dat hij aanraadde om de salarissen en rantsoenen te verhogen, omdat de soldaten niet waren aangenomen om fortificaties te bouwen.<\/p>\n<p>Hij was tot 1639 de eerste gouverneur van het eiland. Zie <a class=\"mw-redirect\" title=\"Lijst van gouverneurs van Cura\u00e7ao\" href=\"https:\/\/nl.wikipedia.org\/wiki\/Lijst_van_gouverneurs_van_Cura%C3%A7ao\">Lijst van gouverneurs van Cura\u00e7ao<\/a>. In 1639 werd hij lid van de Hoge Raad in Brazili\u00eb. Hij verliet dat land in 1647 en stelde een vervanger voor het afhandelen van zijn zaken.<\/p>\n<p>Waarschijnlijk was Van Walbeeck getrouwd met Elisabeth Kieft. Zij stierf in Amsterdam eind april 1649.<sup id=\"cite_ref-3\" class=\"reference\"><a href=\"https:\/\/nl.wikipedia.org\/w\/index.php?title=Johannes_van_Walbeeck&amp;printable=yes#cite_note-3\">[3]<\/a><\/sup> De verdere gang van zaken is onduidelijk.<\/p>\n<p>Ondanks het feit dat in het archief van de eerste WIC nogal wat correspondentie van de hand van Van Walbeeck aanwezig is, is er tot dusver nog geen studie over hem verschenen.<sup id=\"cite_ref-4\" class=\"reference\"><a href=\"https:\/\/nl.wikipedia.org\/w\/index.php?title=Johannes_van_Walbeeck&amp;printable=yes#cite_note-4\">[4]<\/a><\/sup><\/p>\n<table class=\"toccolours\">\n<tbody>\n<tr>\n<td><b>Bronnen, noten en\/of referenties<\/b><\/p>\n<div>\n<ol class=\"references\">\n<li id=\"cite_note-1\"><span class=\"reference-text\"><a class=\"external text\" href=\"https:\/\/stadsarchief.amsterdam.nl\/archieven\/archiefbank\/indexen\/doopregisters\/zoek\/search.nl.pl?v1=J*&amp;b1=van&amp;a1=Walb*&amp;r1=1&amp;v2=W*&amp;b2=&amp;a2=&amp;r2=2&amp;d1=&amp;m1=&amp;y1=&amp;d2=&amp;m2=&amp;y2=&amp;rs=0&amp;x=54&amp;y=9https:\/\/stadsarchief.amsterdam.nl\/archieven\/archiefbank\/indexen\/doopregisters\/zoek\/search.nl.pl?v1=&amp;b1=&amp;a1=Wal*&amp;r1=0&amp;v2=W*&amp;b2=&amp;a2=Fore*&amp;r2=2&amp;d1=&amp;m1=&amp;y1=&amp;d2=&amp;m2=&amp;y2=&amp;rs=0&amp;x=51&amp;y=12https:\/\/stadsarchief.amsterdam.nl\/archieven\/archiefbank\/indexen\/doopregisters\/zoek\/index.nl.html\" rel=\"nofollow\">DTB stadsarchief Amsterdam<\/a><\/span><\/li>\n<li id=\"cite_note-2\"><span class=\"reference-text\">Wennekes, Wim (2001) Gouden handel. De eerste Nederlanders overzee, en wat zij daar haalden, p. 376&#8211;380. Olympus, <a class=\"internal mw-magiclink-isbn\" href=\"https:\/\/nl.wikipedia.org\/wiki\/Speciaal:Boekbronnen\/9025496881\">ISBN 90-254-9688-1<\/a><\/span><\/li>\n<li id=\"cite_note-3\"><span class=\"reference-text\"><a class=\"external text\" href=\"https:\/\/stadsarchief.amsterdam.nl\/archieven\/archiefbank\/indexen\/begraafregisters_voor_1811\/zoek\/query.nl.pl?i1=1&amp;v1=Jo*&amp;a1=Walb*&amp;t1=van&amp;x=12&amp;z=a\" rel=\"nofollow\">DTB stadsarchief Amsterdam<\/a><\/span><\/li>\n<li id=\"cite_note-4\"><span class=\"reference-text\"><a class=\"external free\" href=\"http:\/\/www.curacao-encyclopedia.com\/?node=main&amp;id=374&amp;lang=\" rel=\"nofollow\">http:\/\/www.curacao-encyclopedia.com\/?node=main&amp;id=374&amp;lang=<\/a><\/span><\/li>\n<\/ol>\n<\/div>\n<\/td>\n<\/tr>\n<\/tbody>\n<\/table>\n<div class=\"pvc_clear\"><\/div>\n<p id=\"pvc_stats_2500\" class=\"pvc_stats all  \" data-element-id=\"2500\" style=\"\"><i class=\"pvc-stats-icon medium\" aria-hidden=\"true\"><svg aria-hidden=\"true\" focusable=\"false\" data-prefix=\"far\" data-icon=\"chart-bar\" role=\"img\" xmlns=\"http:\/\/www.w3.org\/2000\/svg\" viewBox=\"0 0 512 512\" class=\"svg-inline--fa fa-chart-bar fa-w-16 fa-2x\"><path fill=\"currentColor\" d=\"M396.8 352h22.4c6.4 0 12.8-6.4 12.8-12.8V108.8c0-6.4-6.4-12.8-12.8-12.8h-22.4c-6.4 0-12.8 6.4-12.8 12.8v230.4c0 6.4 6.4 12.8 12.8 12.8zm-192 0h22.4c6.4 0 12.8-6.4 12.8-12.8V140.8c0-6.4-6.4-12.8-12.8-12.8h-22.4c-6.4 0-12.8 6.4-12.8 12.8v198.4c0 6.4 6.4 12.8 12.8 12.8zm96 0h22.4c6.4 0 12.8-6.4 12.8-12.8V204.8c0-6.4-6.4-12.8-12.8-12.8h-22.4c-6.4 0-12.8 6.4-12.8 12.8v134.4c0 6.4 6.4 12.8 12.8 12.8zM496 400H48V80c0-8.84-7.16-16-16-16H16C7.16 64 0 71.16 0 80v336c0 17.67 14.33 32 32 32h464c8.84 0 16-7.16 16-16v-16c0-8.84-7.16-16-16-16zm-387.2-48h22.4c6.4 0 12.8-6.4 12.8-12.8v-70.4c0-6.4-6.4-12.8-12.8-12.8h-22.4c-6.4 0-12.8 6.4-12.8 12.8v70.4c0 6.4 6.4 12.8 12.8 12.8z\" class=\"\"><\/path><\/svg><\/i> <img loading=\"lazy\" decoding=\"async\" width=\"16\" height=\"16\" alt=\"Loading\" src=\"https:\/\/tacotichelaar.nl\/wordpress\/wp-content\/plugins\/page-views-count\/ajax-loader-2x.gif\" border=0 \/><\/p>\n<div class=\"pvc_clear\"><\/div>\n","protected":false},"excerpt":{"rendered":"<p>Johannes van Walbeeck (Amsterdam, 15 augustus 1602 &#8211;\u00a0?, na oktober 1649) was een cartograaf en navigator in dienst van de WIC. Hij zou de zoon kunnen zijn geweest van Jacques van Walbeeck en Weijntje van Foreest.[1] Van Walbeeck studeerde enige tijd aan de Universiteit van Leiden. In 1624 maakte hij deel uit van de zogenaamde &hellip; <a href=\"https:\/\/tacotichelaar.nl\/wordpress\/westindische-compagnie\/johannes-van-walbeeck\/\" class=\"more-link\">Lees verder <span class=\"screen-reader-text\">Johannes van Walbeeck, gouverneur van Cura\u00e7ao<\/span> <span class=\"meta-nav\">&rarr;<\/span><\/a><\/p>\n<div class=\"pvc_clear\"><\/div>\n<p id=\"pvc_stats_2500\" class=\"pvc_stats all  \" data-element-id=\"2500\" style=\"\"><i class=\"pvc-stats-icon medium\" aria-hidden=\"true\"><svg aria-hidden=\"true\" focusable=\"false\" data-prefix=\"far\" data-icon=\"chart-bar\" role=\"img\" xmlns=\"http:\/\/www.w3.org\/2000\/svg\" viewBox=\"0 0 512 512\" class=\"svg-inline--fa fa-chart-bar fa-w-16 fa-2x\"><path fill=\"currentColor\" d=\"M396.8 352h22.4c6.4 0 12.8-6.4 12.8-12.8V108.8c0-6.4-6.4-12.8-12.8-12.8h-22.4c-6.4 0-12.8 6.4-12.8 12.8v230.4c0 6.4 6.4 12.8 12.8 12.8zm-192 0h22.4c6.4 0 12.8-6.4 12.8-12.8V140.8c0-6.4-6.4-12.8-12.8-12.8h-22.4c-6.4 0-12.8 6.4-12.8 12.8v198.4c0 6.4 6.4 12.8 12.8 12.8zm96 0h22.4c6.4 0 12.8-6.4 12.8-12.8V204.8c0-6.4-6.4-12.8-12.8-12.8h-22.4c-6.4 0-12.8 6.4-12.8 12.8v134.4c0 6.4 6.4 12.8 12.8 12.8zM496 400H48V80c0-8.84-7.16-16-16-16H16C7.16 64 0 71.16 0 80v336c0 17.67 14.33 32 32 32h464c8.84 0 16-7.16 16-16v-16c0-8.84-7.16-16-16-16zm-387.2-48h22.4c6.4 0 12.8-6.4 12.8-12.8v-70.4c0-6.4-6.4-12.8-12.8-12.8h-22.4c-6.4 0-12.8 6.4-12.8 12.8v70.4c0 6.4 6.4 12.8 12.8 12.8z\" class=\"\"><\/path><\/svg><\/i> <img loading=\"lazy\" decoding=\"async\" width=\"16\" height=\"16\" alt=\"Loading\" src=\"https:\/\/tacotichelaar.nl\/wordpress\/wp-content\/plugins\/page-views-count\/ajax-loader-2x.gif\" border=0 \/><\/p>\n<div class=\"pvc_clear\"><\/div>\n","protected":false},"author":1,"featured_media":0,"parent":2335,"menu_order":0,"comment_status":"open","ping_status":"closed","template":"","meta":{"_acf_changed":false,"footnotes":""},"class_list":["post-2500","page","type-page","status-publish","hentry"],"acf":[],"a3_pvc":{"activated":true,"total_views":4095,"today_views":0},"yoast_head":"<!-- This site is optimized with the Yoast SEO Premium plugin v27.3 (Yoast SEO v27.4) - https:\/\/yoast.com\/product\/yoast-seo-premium-wordpress\/ -->\n<title>Johannes van Walbeeck, gouverneur van Cura\u00e7ao - Taco Tichelaar<\/title>\n<meta name=\"robots\" content=\"index, follow, max-snippet:-1, max-image-preview:large, max-video-preview:-1\" \/>\n<link rel=\"canonical\" href=\"https:\/\/tacotichelaar.nl\/wordpress\/westindische-compagnie\/johannes-van-walbeeck\/\" \/>\n<meta property=\"og:locale\" content=\"nl_NL\" \/>\n<meta property=\"og:type\" content=\"article\" \/>\n<meta property=\"og:title\" content=\"Johannes van Walbeeck, gouverneur van Cura\u00e7ao\" \/>\n<meta property=\"og:description\" content=\"Johannes van Walbeeck (Amsterdam, 15 augustus 1602 &#8211;\u00a0?, na oktober 1649) was een cartograaf en navigator in dienst van de WIC. Hij zou de zoon kunnen zijn geweest van Jacques van Walbeeck en Weijntje van Foreest.[1] Van Walbeeck studeerde enige tijd aan de Universiteit van Leiden. In 1624 maakte hij deel uit van de zogenaamde &hellip; Lees verder Johannes van Walbeeck, gouverneur van Cura\u00e7ao &rarr;\" \/>\n<meta property=\"og:url\" content=\"https:\/\/tacotichelaar.nl\/wordpress\/westindische-compagnie\/johannes-van-walbeeck\/\" \/>\n<meta property=\"og:site_name\" content=\"Taco Tichelaar\" \/>\n<meta property=\"article:publisher\" content=\"https:\/\/www.facebook.com\/taco.tichelaar\" \/>\n<meta property=\"article:modified_time\" content=\"2016-02-06T09:37:33+00:00\" \/>\n<meta name=\"twitter:label1\" content=\"Geschatte leestijd\" \/>\n\t<meta name=\"twitter:data1\" content=\"3 minuten\" \/>\n<script type=\"application\/ld+json\" class=\"yoast-schema-graph\">{\"@context\":\"https:\\\/\\\/schema.org\",\"@graph\":[{\"@type\":\"WebPage\",\"@id\":\"https:\\\/\\\/tacotichelaar.nl\\\/wordpress\\\/westindische-compagnie\\\/johannes-van-walbeeck\\\/\",\"url\":\"https:\\\/\\\/tacotichelaar.nl\\\/wordpress\\\/westindische-compagnie\\\/johannes-van-walbeeck\\\/\",\"name\":\"Johannes van Walbeeck, gouverneur van Cura\u00e7ao - Taco Tichelaar\",\"isPartOf\":{\"@id\":\"https:\\\/\\\/tacotichelaar.nl\\\/wordpress\\\/#website\"},\"datePublished\":\"2015-09-07T08:27:41+00:00\",\"dateModified\":\"2016-02-06T09:37:33+00:00\",\"breadcrumb\":{\"@id\":\"https:\\\/\\\/tacotichelaar.nl\\\/wordpress\\\/westindische-compagnie\\\/johannes-van-walbeeck\\\/#breadcrumb\"},\"inLanguage\":\"nl-NL\",\"potentialAction\":[{\"@type\":\"ReadAction\",\"target\":[\"https:\\\/\\\/tacotichelaar.nl\\\/wordpress\\\/westindische-compagnie\\\/johannes-van-walbeeck\\\/\"]}]},{\"@type\":\"BreadcrumbList\",\"@id\":\"https:\\\/\\\/tacotichelaar.nl\\\/wordpress\\\/westindische-compagnie\\\/johannes-van-walbeeck\\\/#breadcrumb\",\"itemListElement\":[{\"@type\":\"ListItem\",\"position\":1,\"name\":\"Home\",\"item\":\"https:\\\/\\\/tacotichelaar.nl\\\/wordpress\\\/\"},{\"@type\":\"ListItem\",\"position\":2,\"name\":\"De Westindische Compagnie\",\"item\":\"https:\\\/\\\/tacotichelaar.nl\\\/wordpress\\\/westindische-compagnie\\\/\"},{\"@type\":\"ListItem\",\"position\":3,\"name\":\"Johannes van Walbeeck, gouverneur van Cura\u00e7ao\"}]},{\"@type\":\"WebSite\",\"@id\":\"https:\\\/\\\/tacotichelaar.nl\\\/wordpress\\\/#website\",\"url\":\"https:\\\/\\\/tacotichelaar.nl\\\/wordpress\\\/\",\"name\":\"Taco Tichelaar\",\"description\":\"geschiedenis, huisonderzoek\",\"publisher\":{\"@id\":\"https:\\\/\\\/tacotichelaar.nl\\\/wordpress\\\/#\\\/schema\\\/person\\\/9507958c5bf79d94fffc2702606bc3a6\"},\"potentialAction\":[{\"@type\":\"SearchAction\",\"target\":{\"@type\":\"EntryPoint\",\"urlTemplate\":\"https:\\\/\\\/tacotichelaar.nl\\\/wordpress\\\/?s={search_term_string}\"},\"query-input\":{\"@type\":\"PropertyValueSpecification\",\"valueRequired\":true,\"valueName\":\"search_term_string\"}}],\"inLanguage\":\"nl-NL\"},{\"@type\":[\"Person\",\"Organization\"],\"@id\":\"https:\\\/\\\/tacotichelaar.nl\\\/wordpress\\\/#\\\/schema\\\/person\\\/9507958c5bf79d94fffc2702606bc3a6\",\"name\":\"admin\",\"image\":{\"@type\":\"ImageObject\",\"inLanguage\":\"nl-NL\",\"@id\":\"https:\\\/\\\/secure.gravatar.com\\\/avatar\\\/a49b40cf75021306b5946fce4549f64c43bfe4038dec77cf518111eb1b9e3f77?s=96&d=identicon&r=g\",\"url\":\"https:\\\/\\\/secure.gravatar.com\\\/avatar\\\/a49b40cf75021306b5946fce4549f64c43bfe4038dec77cf518111eb1b9e3f77?s=96&d=identicon&r=g\",\"contentUrl\":\"https:\\\/\\\/secure.gravatar.com\\\/avatar\\\/a49b40cf75021306b5946fce4549f64c43bfe4038dec77cf518111eb1b9e3f77?s=96&d=identicon&r=g\",\"caption\":\"admin\"},\"logo\":{\"@id\":\"https:\\\/\\\/secure.gravatar.com\\\/avatar\\\/a49b40cf75021306b5946fce4549f64c43bfe4038dec77cf518111eb1b9e3f77?s=96&d=identicon&r=g\"},\"description\":\"My hobby is house and occupant research of canal houses in Amsterdam. Of some canal houses much is known, but in general I collect relevant information in tax books, stored in the Amsterdam city archive, in the literature or on internet. \u201c According to Zhuang zi, a Tao philosopher life is limited and knowledge to be gained is unlimited.' [2] \u201d\",\"sameAs\":[\"https:\\\/\\\/tacotichelaar.nl\",\"https:\\\/\\\/www.facebook.com\\\/taco.tichelaar\",\"https:\\\/\\\/www.linkedin.com\\\/in\\\/taco-tichelaar-a01036221\\\/\",\"https:\\\/\\\/en.wikipedia.org\\\/wiki\\\/User:Taksen\"],\"knowsAbout\":[\"18e eeuw\"],\"knowsLanguage\":[\"duits\",\"engels\",\"nederlands\",\"fries\"]}]}<\/script>\n<!-- \/ Yoast SEO Premium plugin. -->","yoast_head_json":{"title":"Johannes van Walbeeck, gouverneur van Cura\u00e7ao - Taco Tichelaar","robots":{"index":"index","follow":"follow","max-snippet":"max-snippet:-1","max-image-preview":"max-image-preview:large","max-video-preview":"max-video-preview:-1"},"canonical":"https:\/\/tacotichelaar.nl\/wordpress\/westindische-compagnie\/johannes-van-walbeeck\/","og_locale":"nl_NL","og_type":"article","og_title":"Johannes van Walbeeck, gouverneur van Cura\u00e7ao","og_description":"Johannes van Walbeeck (Amsterdam, 15 augustus 1602 &#8211;\u00a0?, na oktober 1649) was een cartograaf en navigator in dienst van de WIC. Hij zou de zoon kunnen zijn geweest van Jacques van Walbeeck en Weijntje van Foreest.[1] Van Walbeeck studeerde enige tijd aan de Universiteit van Leiden. In 1624 maakte hij deel uit van de zogenaamde &hellip; Lees verder Johannes van Walbeeck, gouverneur van Cura\u00e7ao &rarr;","og_url":"https:\/\/tacotichelaar.nl\/wordpress\/westindische-compagnie\/johannes-van-walbeeck\/","og_site_name":"Taco Tichelaar","article_publisher":"https:\/\/www.facebook.com\/taco.tichelaar","article_modified_time":"2016-02-06T09:37:33+00:00","twitter_misc":{"Geschatte leestijd":"3 minuten"},"schema":{"@context":"https:\/\/schema.org","@graph":[{"@type":"WebPage","@id":"https:\/\/tacotichelaar.nl\/wordpress\/westindische-compagnie\/johannes-van-walbeeck\/","url":"https:\/\/tacotichelaar.nl\/wordpress\/westindische-compagnie\/johannes-van-walbeeck\/","name":"Johannes van Walbeeck, gouverneur van Cura\u00e7ao - Taco Tichelaar","isPartOf":{"@id":"https:\/\/tacotichelaar.nl\/wordpress\/#website"},"datePublished":"2015-09-07T08:27:41+00:00","dateModified":"2016-02-06T09:37:33+00:00","breadcrumb":{"@id":"https:\/\/tacotichelaar.nl\/wordpress\/westindische-compagnie\/johannes-van-walbeeck\/#breadcrumb"},"inLanguage":"nl-NL","potentialAction":[{"@type":"ReadAction","target":["https:\/\/tacotichelaar.nl\/wordpress\/westindische-compagnie\/johannes-van-walbeeck\/"]}]},{"@type":"BreadcrumbList","@id":"https:\/\/tacotichelaar.nl\/wordpress\/westindische-compagnie\/johannes-van-walbeeck\/#breadcrumb","itemListElement":[{"@type":"ListItem","position":1,"name":"Home","item":"https:\/\/tacotichelaar.nl\/wordpress\/"},{"@type":"ListItem","position":2,"name":"De Westindische Compagnie","item":"https:\/\/tacotichelaar.nl\/wordpress\/westindische-compagnie\/"},{"@type":"ListItem","position":3,"name":"Johannes van Walbeeck, gouverneur van Cura\u00e7ao"}]},{"@type":"WebSite","@id":"https:\/\/tacotichelaar.nl\/wordpress\/#website","url":"https:\/\/tacotichelaar.nl\/wordpress\/","name":"Taco Tichelaar","description":"geschiedenis, huisonderzoek","publisher":{"@id":"https:\/\/tacotichelaar.nl\/wordpress\/#\/schema\/person\/9507958c5bf79d94fffc2702606bc3a6"},"potentialAction":[{"@type":"SearchAction","target":{"@type":"EntryPoint","urlTemplate":"https:\/\/tacotichelaar.nl\/wordpress\/?s={search_term_string}"},"query-input":{"@type":"PropertyValueSpecification","valueRequired":true,"valueName":"search_term_string"}}],"inLanguage":"nl-NL"},{"@type":["Person","Organization"],"@id":"https:\/\/tacotichelaar.nl\/wordpress\/#\/schema\/person\/9507958c5bf79d94fffc2702606bc3a6","name":"admin","image":{"@type":"ImageObject","inLanguage":"nl-NL","@id":"https:\/\/secure.gravatar.com\/avatar\/a49b40cf75021306b5946fce4549f64c43bfe4038dec77cf518111eb1b9e3f77?s=96&d=identicon&r=g","url":"https:\/\/secure.gravatar.com\/avatar\/a49b40cf75021306b5946fce4549f64c43bfe4038dec77cf518111eb1b9e3f77?s=96&d=identicon&r=g","contentUrl":"https:\/\/secure.gravatar.com\/avatar\/a49b40cf75021306b5946fce4549f64c43bfe4038dec77cf518111eb1b9e3f77?s=96&d=identicon&r=g","caption":"admin"},"logo":{"@id":"https:\/\/secure.gravatar.com\/avatar\/a49b40cf75021306b5946fce4549f64c43bfe4038dec77cf518111eb1b9e3f77?s=96&d=identicon&r=g"},"description":"My hobby is house and occupant research of canal houses in Amsterdam. Of some canal houses much is known, but in general I collect relevant information in tax books, stored in the Amsterdam city archive, in the literature or on internet. \u201c According to Zhuang zi, a Tao philosopher life is limited and knowledge to be gained is unlimited.' [2] \u201d","sameAs":["https:\/\/tacotichelaar.nl","https:\/\/www.facebook.com\/taco.tichelaar","https:\/\/www.linkedin.com\/in\/taco-tichelaar-a01036221\/","https:\/\/en.wikipedia.org\/wiki\/User:Taksen"],"knowsAbout":["18e eeuw"],"knowsLanguage":["duits","engels","nederlands","fries"]}]}},"_links":{"self":[{"href":"https:\/\/tacotichelaar.nl\/wordpress\/wp-json\/wp\/v2\/pages\/2500","targetHints":{"allow":["GET"]}}],"collection":[{"href":"https:\/\/tacotichelaar.nl\/wordpress\/wp-json\/wp\/v2\/pages"}],"about":[{"href":"https:\/\/tacotichelaar.nl\/wordpress\/wp-json\/wp\/v2\/types\/page"}],"author":[{"embeddable":true,"href":"https:\/\/tacotichelaar.nl\/wordpress\/wp-json\/wp\/v2\/users\/1"}],"replies":[{"embeddable":true,"href":"https:\/\/tacotichelaar.nl\/wordpress\/wp-json\/wp\/v2\/comments?post=2500"}],"version-history":[{"count":0,"href":"https:\/\/tacotichelaar.nl\/wordpress\/wp-json\/wp\/v2\/pages\/2500\/revisions"}],"up":[{"embeddable":true,"href":"https:\/\/tacotichelaar.nl\/wordpress\/wp-json\/wp\/v2\/pages\/2335"}],"wp:attachment":[{"href":"https:\/\/tacotichelaar.nl\/wordpress\/wp-json\/wp\/v2\/media?parent=2500"}],"curies":[{"name":"wp","href":"https:\/\/api.w.org\/{rel}","templated":true}]}}