{"id":2757,"date":"2015-09-27T06:43:10","date_gmt":"2015-09-27T04:43:10","guid":{"rendered":"http:\/\/tacotichelaar.nl\/wordpress\/?page_id=2757"},"modified":"2026-01-22T05:52:49","modified_gmt":"2026-01-22T03:52:49","slug":"isaac-johannes-lamotius","status":"publish","type":"page","link":"https:\/\/tacotichelaar.nl\/wordpress\/vereenigde-oostindische-compagnie\/isaac-johannes-lamotius\/","title":{"rendered":"Isaac Johannes Lamotius, governor of Mauritius"},"content":{"rendered":"<p><b>Isaac Johannes Lamotius<\/b> (bapt. 29 May 1646 in <a title=\"Beverwijk\" href=\"https:\/\/en.wikipedia.org\/wiki\/Beverwijk\">Beverwijk<\/a> &#8211; 1718)<sup id=\"cite_ref-NIAH_1-0\" class=\"reference\"><a href=\"https:\/\/en.wikipedia.org\/w\/index.php?title=Isaac_Johannes_Lamotius&amp;printable=yes#cite_note-NIAH-1\">[1]<\/a><\/sup> or (1653\u20131710) <sup id=\"cite_ref-2\" class=\"reference\"><a href=\"https:\/\/en.wikipedia.org\/w\/index.php?title=Isaac_Johannes_Lamotius&amp;printable=yes#cite_note-2\">[2]<\/a><\/sup> was <a title=\"Governor of Mauritius\" href=\"https:\/\/en.wikipedia.org\/wiki\/Governor_of_Mauritius\">governor of Mauritius<\/a> from 1677 to 1692. Lamotius was interested in arts and knowledge and became an <a class=\"mw-redirect\" title=\"Ichtyology\" href=\"https:\/\/en.wikipedia.org\/wiki\/Ichtyology\">ichthyologist<\/a>; he made 250 drawings of fishes which are kept in Paris.<sup id=\"cite_ref-3\" class=\"reference\"><a href=\"https:\/\/en.wikipedia.org\/w\/index.php?title=Isaac_Johannes_Lamotius&amp;printable=yes#cite_note-3\">[3]<\/a><\/sup><\/p>\n<p><img loading=\"lazy\" decoding=\"async\" class=\"thumbimage\" src=\"https:\/\/upload.wikimedia.org\/wikipedia\/commons\/thumb\/9\/96\/Mauritius_23.08.2009_11-42-31.jpg\/260px-Mauritius_23.08.2009_11-42-31.jpg\" srcset=\"\/\/upload.wikimedia.org\/wikipedia\/commons\/thumb\/9\/96\/Mauritius_23.08.2009_11-42-31.jpg\/390px-Mauritius_23.08.2009_11-42-31.jpg 1.5x, \/\/upload.wikimedia.org\/wikipedia\/commons\/thumb\/9\/96\/Mauritius_23.08.2009_11-42-31.jpg\/520px-Mauritius_23.08.2009_11-42-31.jpg 2x\" alt=\"\" width=\"594\" height=\"395\" data-file-width=\"4288\" data-file-height=\"2848\" \/><\/p>\n<h2><span id=\"Life\" class=\"mw-headline\">Life<\/span><\/h2>\n<p>Isaac was the son of <b>Johannes Lamotius<\/b>, who played a main part in the capturing of <a title=\"Dutch Malacca\" href=\"https:\/\/en.wikipedia.org\/wiki\/Dutch_Malacca\">Dutch Malacca<\/a> (January 1641) and married in Batavia the widow of <a title=\"Matthijs Quast\" href=\"https:\/\/en.wikipedia.org\/wiki\/Matthijs_Quast\">Matthijs Quast<\/a>. As a <a title=\"Sergeant major\" href=\"https:\/\/en.wikipedia.org\/wiki\/Sergeant_major\">sergeant major<\/a> he was stationed in <a title=\"Dutch Formosa\" href=\"https:\/\/en.wikipedia.org\/wiki\/Dutch_Formosa\">Dutch Formosa<\/a> (September 1642-?).<sup id=\"cite_ref-4\" class=\"reference\"><a href=\"https:\/\/en.wikipedia.org\/w\/index.php?title=Isaac_Johannes_Lamotius&amp;printable=yes#cite_note-4\">[4]<\/a><\/sup><sup id=\"cite_ref-5\" class=\"reference\"><a href=\"https:\/\/en.wikipedia.org\/w\/index.php?title=Isaac_Johannes_Lamotius&amp;printable=yes#cite_note-5\">[5]<\/a><\/sup><sup id=\"cite_ref-6\" class=\"reference\"><a href=\"https:\/\/en.wikipedia.org\/w\/index.php?title=Isaac_Johannes_Lamotius&amp;printable=yes#cite_note-6\">[6]<\/a><\/sup> In 1653 Johannes lived in Beverwijk<\/p>\n<p>Not much is known about the early life of his son Isaac. In September 1677 he arrived on the island. In 1682 <a title=\"Joan Huydecoper II\" href=\"https:\/\/en.wikipedia.org\/wiki\/Joan_Huydecoper_II\">Joan Huydecoper II<\/a> strongly urged the colonial administrators to undertake botanical research and stimulated the production of drawings of plants on the spot. He gave him instructions how to start an <a title=\"Herbarium\" href=\"https:\/\/en.wikipedia.org\/wiki\/Herbarium\">herbarium<\/a>. In 1685 Huydecoper requested subtropical plants. A <a title=\"Cucumis\" href=\"https:\/\/en.wikipedia.org\/wiki\/Cucumis\">cucumis<\/a> arrived the year after in Amsterdam.<sup id=\"cite_ref-7\" class=\"reference\"><a href=\"https:\/\/en.wikipedia.org\/w\/index.php?title=Isaac_Johannes_Lamotius&amp;printable=yes#cite_note-7\">[7]<\/a><\/sup> Lamotius became an expert on the fauna and fauna of Mauritius and published daily journals. In 1688 the last three <a title=\"\" href=\"https:\/\/en.wikipedia.org\/wiki\/Dodo\">dodos<\/a> were captured.<\/p>\n<p>Some say his fifteen years of command saw the island descend into despotism and immorality was rife. When people complained in 1692, Lamotius and his second man were shipped to Batavia and tried in 1695, sentenced for private trade. He was banished for six years to the island of Rosengain, being chained on the most eastern of the <a title=\"Banda Islands\" href=\"https:\/\/en.wikipedia.org\/wiki\/Banda_Islands\">Banda Islands<\/a>.<\/p>\n<h2><span id=\"References\" class=\"mw-headline\">References<\/span><\/h2>\n<ol class=\"references\">\n<li id=\"cite_note-NIAH-1\"><span class=\"reference-text\"><a class=\"external text\" href=\"http:\/\/www.rkd.nl\/rkddb\/dispatcher.aspx?action=search&amp;database=ChoiceArtists&amp;search=priref=361009\" rel=\"nofollow\">Lamotius, Isaac Johannes<\/a> at the Netherlands Institute for Art History.<\/span><\/li>\n<li id=\"cite_note-2\"><span class=\"reference-text\"><a class=\"external free\" href=\"http:\/\/www.booknews.co.uk\/Books\/Book4511.html\" rel=\"nofollow\">http:\/\/www.booknews.co.uk\/Books\/Book4511.html<\/a><\/span><\/li>\n<li id=\"cite_note-3\"><span class=\"reference-text\">Holthuis, L. B., and T. W. Pietsch. 2006. Les Planches in\u00e9dites de Poissons et autres Animaux marins de l&#8217;Indo-Ouest Pacifique d&#8217;Isaac Johannes Lamotius [Isaac Johannes Lamotius (1646-c. 1718) and His Paintings of Indo-Pacific Fishes and Other Marine Animals]. Christian \u00c9rard (editor), Publications Scientifiques du Mus\u00e9um and Biblioth\u00e8que Centrale, Mus\u00e9um National d&#8217;Histoire Naturelle, Paris, 292 pp., 93 color pls.<\/span><\/li>\n<li id=\"cite_note-4\"><span class=\"reference-text\">CORPUS DIPLOMATICUM NEERLANDO-INDIGUM. VERZAMELING van Politieke contracten en verdere Verdragen door de Nederlanders in het Oosten gesloten, van Privilegebrieven, aan hen verleend, enz.,<\/span><\/li>\n<li id=\"cite_note-5\"><span class=\"reference-text\"><a class=\"external free\" href=\"https:\/\/www.gutenberg.org\/files\/11467\/11467-h\/11467-h.htm\" rel=\"nofollow\">https:\/\/www.gutenberg.org\/files\/11467\/11467-h\/11467-h.htm<\/a><\/span><\/li>\n<li id=\"cite_note-6\"><span class=\"reference-text\"><cite class=\"citation book\">Borao, Jos\u00e9 Eugenio (2010). <i>The Spanish experience in Taiwan, 1626-1642: the Baroque ending of a Renaissance endeavor<\/i>. Hong Kong University Press. <a title=\"International Standard Book Number\" href=\"https:\/\/en.wikipedia.org\/wiki\/International_Standard_Book_Number\">ISBN<\/a>\u00a0<a title=\"Special:BookSources\/9789622090835\" href=\"https:\/\/en.wikipedia.org\/wiki\/Special:BookSources\/9789622090835\">9789622090835<\/a>. <a title=\"JSTOR\" href=\"https:\/\/en.wikipedia.org\/wiki\/JSTOR\">JSTOR<\/a>\u00a0<a class=\"external text\" href=\"https:\/\/www.jstor.org\/stable\/j.ctt1xcrpk\" rel=\"nofollow\">j.ctt1xcrpk<\/a>.<\/cite><\/span><\/li>\n<li id=\"cite_note-7\"><span class=\"reference-text\">Heniger, J. (1986) Hendrik Adriaan van Reede tot Drakenstein (1636&#8211;1691) and Hortus Malabaricus &#8212; A contribution to the history of Dutch colonial botany, p. 63, 71, 161, 162.<\/span><\/li>\n<\/ol>\n<h2><span id=\"Sources\" class=\"mw-headline\">Sources<\/span><\/h2>\n<ul>\n<li><a class=\"external text\" href=\"http:\/\/www.euppublishing.com\/doi\/pdfplus\/10.3366\/E0260954108000697\" rel=\"nofollow\">The dodo and scientific fantasies: durable myths of a tough bird<\/a><\/li>\n<\/ul>\n<ul>\n<li>Allister Macmillan, <i><a class=\"external text\" href=\"http:\/\/books.google.com\/books?id=_EusZwEdxpAC\" rel=\"nofollow\">Mauritius illustrated: historical and descriptive, commercial and industrial facts, figures, and resources.<\/a><\/i>, London\u00a0: W.H. &amp; L. Collingridge, 1914<\/li>\n<\/ul>\n<div class=\"pvc_clear\"><\/div>\n<p id=\"pvc_stats_2757\" class=\"pvc_stats all  \" data-element-id=\"2757\" style=\"\"><i class=\"pvc-stats-icon medium\" aria-hidden=\"true\"><svg aria-hidden=\"true\" focusable=\"false\" data-prefix=\"far\" data-icon=\"chart-bar\" role=\"img\" xmlns=\"http:\/\/www.w3.org\/2000\/svg\" viewBox=\"0 0 512 512\" class=\"svg-inline--fa fa-chart-bar fa-w-16 fa-2x\"><path fill=\"currentColor\" d=\"M396.8 352h22.4c6.4 0 12.8-6.4 12.8-12.8V108.8c0-6.4-6.4-12.8-12.8-12.8h-22.4c-6.4 0-12.8 6.4-12.8 12.8v230.4c0 6.4 6.4 12.8 12.8 12.8zm-192 0h22.4c6.4 0 12.8-6.4 12.8-12.8V140.8c0-6.4-6.4-12.8-12.8-12.8h-22.4c-6.4 0-12.8 6.4-12.8 12.8v198.4c0 6.4 6.4 12.8 12.8 12.8zm96 0h22.4c6.4 0 12.8-6.4 12.8-12.8V204.8c0-6.4-6.4-12.8-12.8-12.8h-22.4c-6.4 0-12.8 6.4-12.8 12.8v134.4c0 6.4 6.4 12.8 12.8 12.8zM496 400H48V80c0-8.84-7.16-16-16-16H16C7.16 64 0 71.16 0 80v336c0 17.67 14.33 32 32 32h464c8.84 0 16-7.16 16-16v-16c0-8.84-7.16-16-16-16zm-387.2-48h22.4c6.4 0 12.8-6.4 12.8-12.8v-70.4c0-6.4-6.4-12.8-12.8-12.8h-22.4c-6.4 0-12.8 6.4-12.8 12.8v70.4c0 6.4 6.4 12.8 12.8 12.8z\" class=\"\"><\/path><\/svg><\/i> <img loading=\"lazy\" decoding=\"async\" width=\"16\" height=\"16\" alt=\"Loading\" src=\"https:\/\/tacotichelaar.nl\/wordpress\/wp-content\/plugins\/page-views-count\/ajax-loader-2x.gif\" border=0 \/><\/p>\n<div class=\"pvc_clear\"><\/div>\n","protected":false},"excerpt":{"rendered":"<p>Isaac Johannes Lamotius (bapt. 29 May 1646 in Beverwijk &#8211; 1718)[1] or (1653\u20131710) [2] was governor of Mauritius from 1677 to 1692. Lamotius was interested in arts and knowledge and became an ichthyologist; he made 250 drawings of fishes which are kept in Paris.[3] Life Isaac was the son of Johannes Lamotius, who played a &hellip; <a href=\"https:\/\/tacotichelaar.nl\/wordpress\/vereenigde-oostindische-compagnie\/isaac-johannes-lamotius\/\" class=\"more-link\">Lees verder <span class=\"screen-reader-text\">Isaac Johannes Lamotius, governor of Mauritius<\/span> <span class=\"meta-nav\">&rarr;<\/span><\/a><\/p>\n<div class=\"pvc_clear\"><\/div>\n<p id=\"pvc_stats_2757\" class=\"pvc_stats all  \" data-element-id=\"2757\" style=\"\"><i class=\"pvc-stats-icon medium\" aria-hidden=\"true\"><svg aria-hidden=\"true\" focusable=\"false\" data-prefix=\"far\" data-icon=\"chart-bar\" role=\"img\" xmlns=\"http:\/\/www.w3.org\/2000\/svg\" viewBox=\"0 0 512 512\" class=\"svg-inline--fa fa-chart-bar fa-w-16 fa-2x\"><path fill=\"currentColor\" d=\"M396.8 352h22.4c6.4 0 12.8-6.4 12.8-12.8V108.8c0-6.4-6.4-12.8-12.8-12.8h-22.4c-6.4 0-12.8 6.4-12.8 12.8v230.4c0 6.4 6.4 12.8 12.8 12.8zm-192 0h22.4c6.4 0 12.8-6.4 12.8-12.8V140.8c0-6.4-6.4-12.8-12.8-12.8h-22.4c-6.4 0-12.8 6.4-12.8 12.8v198.4c0 6.4 6.4 12.8 12.8 12.8zm96 0h22.4c6.4 0 12.8-6.4 12.8-12.8V204.8c0-6.4-6.4-12.8-12.8-12.8h-22.4c-6.4 0-12.8 6.4-12.8 12.8v134.4c0 6.4 6.4 12.8 12.8 12.8zM496 400H48V80c0-8.84-7.16-16-16-16H16C7.16 64 0 71.16 0 80v336c0 17.67 14.33 32 32 32h464c8.84 0 16-7.16 16-16v-16c0-8.84-7.16-16-16-16zm-387.2-48h22.4c6.4 0 12.8-6.4 12.8-12.8v-70.4c0-6.4-6.4-12.8-12.8-12.8h-22.4c-6.4 0-12.8 6.4-12.8 12.8v70.4c0 6.4 6.4 12.8 12.8 12.8z\" class=\"\"><\/path><\/svg><\/i> <img loading=\"lazy\" decoding=\"async\" width=\"16\" height=\"16\" alt=\"Loading\" src=\"https:\/\/tacotichelaar.nl\/wordpress\/wp-content\/plugins\/page-views-count\/ajax-loader-2x.gif\" border=0 \/><\/p>\n<div class=\"pvc_clear\"><\/div>\n","protected":false},"author":1,"featured_media":0,"parent":1133,"menu_order":0,"comment_status":"closed","ping_status":"closed","template":"","meta":{"_acf_changed":false,"footnotes":""},"class_list":["post-2757","page","type-page","status-publish","hentry"],"acf":[],"a3_pvc":{"activated":true,"total_views":2782,"today_views":0},"yoast_head":"<!-- This site is optimized with the Yoast SEO Premium plugin v27.3 (Yoast SEO v27.4) - https:\/\/yoast.com\/product\/yoast-seo-premium-wordpress\/ -->\n<title>Isaac Johannes Lamotius, governor of Mauritius - Taco Tichelaar<\/title>\n<meta name=\"robots\" content=\"index, follow, max-snippet:-1, max-image-preview:large, max-video-preview:-1\" \/>\n<link rel=\"canonical\" href=\"https:\/\/tacotichelaar.nl\/wordpress\/vereenigde-oostindische-compagnie\/isaac-johannes-lamotius\/\" \/>\n<meta property=\"og:locale\" content=\"nl_NL\" \/>\n<meta property=\"og:type\" content=\"article\" \/>\n<meta property=\"og:title\" content=\"Isaac Johannes Lamotius, governor of Mauritius\" \/>\n<meta property=\"og:description\" content=\"Isaac Johannes Lamotius (bapt. 29 May 1646 in Beverwijk &#8211; 1718)[1] or (1653\u20131710) [2] was governor of Mauritius from 1677 to 1692. Lamotius was interested in arts and knowledge and became an ichthyologist; he made 250 drawings of fishes which are kept in Paris.[3] Life Isaac was the son of Johannes Lamotius, who played a &hellip; Lees verder Isaac Johannes Lamotius, governor of Mauritius &rarr;\" \/>\n<meta property=\"og:url\" content=\"https:\/\/tacotichelaar.nl\/wordpress\/vereenigde-oostindische-compagnie\/isaac-johannes-lamotius\/\" \/>\n<meta property=\"og:site_name\" content=\"Taco Tichelaar\" \/>\n<meta property=\"article:publisher\" content=\"https:\/\/www.facebook.com\/taco.tichelaar\" \/>\n<meta property=\"article:modified_time\" content=\"2026-01-22T03:52:49+00:00\" \/>\n<meta property=\"og:image\" content=\"https:\/\/upload.wikimedia.org\/wikipedia\/commons\/thumb\/9\/96\/Mauritius_23.08.2009_11-42-31.jpg\/260px-Mauritius_23.08.2009_11-42-31.jpg\" \/>\n<meta name=\"twitter:label1\" content=\"Geschatte leestijd\" \/>\n\t<meta name=\"twitter:data1\" content=\"3 minuten\" \/>\n<script type=\"application\/ld+json\" class=\"yoast-schema-graph\">{\"@context\":\"https:\\\/\\\/schema.org\",\"@graph\":[{\"@type\":\"WebPage\",\"@id\":\"https:\\\/\\\/tacotichelaar.nl\\\/wordpress\\\/vereenigde-oostindische-compagnie\\\/isaac-johannes-lamotius\\\/\",\"url\":\"https:\\\/\\\/tacotichelaar.nl\\\/wordpress\\\/vereenigde-oostindische-compagnie\\\/isaac-johannes-lamotius\\\/\",\"name\":\"Isaac Johannes Lamotius, governor of Mauritius - Taco Tichelaar\",\"isPartOf\":{\"@id\":\"https:\\\/\\\/tacotichelaar.nl\\\/wordpress\\\/#website\"},\"primaryImageOfPage\":{\"@id\":\"https:\\\/\\\/tacotichelaar.nl\\\/wordpress\\\/vereenigde-oostindische-compagnie\\\/isaac-johannes-lamotius\\\/#primaryimage\"},\"image\":{\"@id\":\"https:\\\/\\\/tacotichelaar.nl\\\/wordpress\\\/vereenigde-oostindische-compagnie\\\/isaac-johannes-lamotius\\\/#primaryimage\"},\"thumbnailUrl\":\"https:\\\/\\\/upload.wikimedia.org\\\/wikipedia\\\/commons\\\/thumb\\\/9\\\/96\\\/Mauritius_23.08.2009_11-42-31.jpg\\\/260px-Mauritius_23.08.2009_11-42-31.jpg\",\"datePublished\":\"2015-09-27T04:43:10+00:00\",\"dateModified\":\"2026-01-22T03:52:49+00:00\",\"breadcrumb\":{\"@id\":\"https:\\\/\\\/tacotichelaar.nl\\\/wordpress\\\/vereenigde-oostindische-compagnie\\\/isaac-johannes-lamotius\\\/#breadcrumb\"},\"inLanguage\":\"nl-NL\",\"potentialAction\":[{\"@type\":\"ReadAction\",\"target\":[\"https:\\\/\\\/tacotichelaar.nl\\\/wordpress\\\/vereenigde-oostindische-compagnie\\\/isaac-johannes-lamotius\\\/\"]}]},{\"@type\":\"ImageObject\",\"inLanguage\":\"nl-NL\",\"@id\":\"https:\\\/\\\/tacotichelaar.nl\\\/wordpress\\\/vereenigde-oostindische-compagnie\\\/isaac-johannes-lamotius\\\/#primaryimage\",\"url\":\"https:\\\/\\\/upload.wikimedia.org\\\/wikipedia\\\/commons\\\/thumb\\\/9\\\/96\\\/Mauritius_23.08.2009_11-42-31.jpg\\\/260px-Mauritius_23.08.2009_11-42-31.jpg\",\"contentUrl\":\"https:\\\/\\\/upload.wikimedia.org\\\/wikipedia\\\/commons\\\/thumb\\\/9\\\/96\\\/Mauritius_23.08.2009_11-42-31.jpg\\\/260px-Mauritius_23.08.2009_11-42-31.jpg\"},{\"@type\":\"BreadcrumbList\",\"@id\":\"https:\\\/\\\/tacotichelaar.nl\\\/wordpress\\\/vereenigde-oostindische-compagnie\\\/isaac-johannes-lamotius\\\/#breadcrumb\",\"itemListElement\":[{\"@type\":\"ListItem\",\"position\":1,\"name\":\"Home\",\"item\":\"https:\\\/\\\/tacotichelaar.nl\\\/wordpress\\\/\"},{\"@type\":\"ListItem\",\"position\":2,\"name\":\"Vereenigde Oostindische Compagnie\",\"item\":\"https:\\\/\\\/tacotichelaar.nl\\\/wordpress\\\/vereenigde-oostindische-compagnie\\\/\"},{\"@type\":\"ListItem\",\"position\":3,\"name\":\"Isaac Johannes Lamotius, governor of Mauritius\"}]},{\"@type\":\"WebSite\",\"@id\":\"https:\\\/\\\/tacotichelaar.nl\\\/wordpress\\\/#website\",\"url\":\"https:\\\/\\\/tacotichelaar.nl\\\/wordpress\\\/\",\"name\":\"Taco Tichelaar\",\"description\":\"geschiedenis, huisonderzoek\",\"publisher\":{\"@id\":\"https:\\\/\\\/tacotichelaar.nl\\\/wordpress\\\/#\\\/schema\\\/person\\\/9507958c5bf79d94fffc2702606bc3a6\"},\"potentialAction\":[{\"@type\":\"SearchAction\",\"target\":{\"@type\":\"EntryPoint\",\"urlTemplate\":\"https:\\\/\\\/tacotichelaar.nl\\\/wordpress\\\/?s={search_term_string}\"},\"query-input\":{\"@type\":\"PropertyValueSpecification\",\"valueRequired\":true,\"valueName\":\"search_term_string\"}}],\"inLanguage\":\"nl-NL\"},{\"@type\":[\"Person\",\"Organization\"],\"@id\":\"https:\\\/\\\/tacotichelaar.nl\\\/wordpress\\\/#\\\/schema\\\/person\\\/9507958c5bf79d94fffc2702606bc3a6\",\"name\":\"admin\",\"image\":{\"@type\":\"ImageObject\",\"inLanguage\":\"nl-NL\",\"@id\":\"https:\\\/\\\/secure.gravatar.com\\\/avatar\\\/a49b40cf75021306b5946fce4549f64c43bfe4038dec77cf518111eb1b9e3f77?s=96&d=identicon&r=g\",\"url\":\"https:\\\/\\\/secure.gravatar.com\\\/avatar\\\/a49b40cf75021306b5946fce4549f64c43bfe4038dec77cf518111eb1b9e3f77?s=96&d=identicon&r=g\",\"contentUrl\":\"https:\\\/\\\/secure.gravatar.com\\\/avatar\\\/a49b40cf75021306b5946fce4549f64c43bfe4038dec77cf518111eb1b9e3f77?s=96&d=identicon&r=g\",\"caption\":\"admin\"},\"logo\":{\"@id\":\"https:\\\/\\\/secure.gravatar.com\\\/avatar\\\/a49b40cf75021306b5946fce4549f64c43bfe4038dec77cf518111eb1b9e3f77?s=96&d=identicon&r=g\"},\"description\":\"My hobby is house and occupant research of canal houses in Amsterdam. Of some canal houses much is known, but in general I collect relevant information in tax books, stored in the Amsterdam city archive, in the literature or on internet. \u201c According to Zhuang zi, a Tao philosopher life is limited and knowledge to be gained is unlimited.' [2] \u201d\",\"sameAs\":[\"https:\\\/\\\/tacotichelaar.nl\",\"https:\\\/\\\/www.facebook.com\\\/taco.tichelaar\",\"https:\\\/\\\/www.linkedin.com\\\/in\\\/taco-tichelaar-a01036221\\\/\",\"https:\\\/\\\/en.wikipedia.org\\\/wiki\\\/User:Taksen\"],\"knowsAbout\":[\"18e eeuw\"],\"knowsLanguage\":[\"duits\",\"engels\",\"nederlands\",\"fries\"]}]}<\/script>\n<!-- \/ Yoast SEO Premium plugin. -->","yoast_head_json":{"title":"Isaac Johannes Lamotius, governor of Mauritius - Taco Tichelaar","robots":{"index":"index","follow":"follow","max-snippet":"max-snippet:-1","max-image-preview":"max-image-preview:large","max-video-preview":"max-video-preview:-1"},"canonical":"https:\/\/tacotichelaar.nl\/wordpress\/vereenigde-oostindische-compagnie\/isaac-johannes-lamotius\/","og_locale":"nl_NL","og_type":"article","og_title":"Isaac Johannes Lamotius, governor of Mauritius","og_description":"Isaac Johannes Lamotius (bapt. 29 May 1646 in Beverwijk &#8211; 1718)[1] or (1653\u20131710) [2] was governor of Mauritius from 1677 to 1692. Lamotius was interested in arts and knowledge and became an ichthyologist; he made 250 drawings of fishes which are kept in Paris.[3] Life Isaac was the son of Johannes Lamotius, who played a &hellip; Lees verder Isaac Johannes Lamotius, governor of Mauritius &rarr;","og_url":"https:\/\/tacotichelaar.nl\/wordpress\/vereenigde-oostindische-compagnie\/isaac-johannes-lamotius\/","og_site_name":"Taco Tichelaar","article_publisher":"https:\/\/www.facebook.com\/taco.tichelaar","article_modified_time":"2026-01-22T03:52:49+00:00","og_image":[{"url":"https:\/\/upload.wikimedia.org\/wikipedia\/commons\/thumb\/9\/96\/Mauritius_23.08.2009_11-42-31.jpg\/260px-Mauritius_23.08.2009_11-42-31.jpg","type":"","width":"","height":""}],"twitter_misc":{"Geschatte leestijd":"3 minuten"},"schema":{"@context":"https:\/\/schema.org","@graph":[{"@type":"WebPage","@id":"https:\/\/tacotichelaar.nl\/wordpress\/vereenigde-oostindische-compagnie\/isaac-johannes-lamotius\/","url":"https:\/\/tacotichelaar.nl\/wordpress\/vereenigde-oostindische-compagnie\/isaac-johannes-lamotius\/","name":"Isaac Johannes Lamotius, governor of Mauritius - Taco Tichelaar","isPartOf":{"@id":"https:\/\/tacotichelaar.nl\/wordpress\/#website"},"primaryImageOfPage":{"@id":"https:\/\/tacotichelaar.nl\/wordpress\/vereenigde-oostindische-compagnie\/isaac-johannes-lamotius\/#primaryimage"},"image":{"@id":"https:\/\/tacotichelaar.nl\/wordpress\/vereenigde-oostindische-compagnie\/isaac-johannes-lamotius\/#primaryimage"},"thumbnailUrl":"https:\/\/upload.wikimedia.org\/wikipedia\/commons\/thumb\/9\/96\/Mauritius_23.08.2009_11-42-31.jpg\/260px-Mauritius_23.08.2009_11-42-31.jpg","datePublished":"2015-09-27T04:43:10+00:00","dateModified":"2026-01-22T03:52:49+00:00","breadcrumb":{"@id":"https:\/\/tacotichelaar.nl\/wordpress\/vereenigde-oostindische-compagnie\/isaac-johannes-lamotius\/#breadcrumb"},"inLanguage":"nl-NL","potentialAction":[{"@type":"ReadAction","target":["https:\/\/tacotichelaar.nl\/wordpress\/vereenigde-oostindische-compagnie\/isaac-johannes-lamotius\/"]}]},{"@type":"ImageObject","inLanguage":"nl-NL","@id":"https:\/\/tacotichelaar.nl\/wordpress\/vereenigde-oostindische-compagnie\/isaac-johannes-lamotius\/#primaryimage","url":"https:\/\/upload.wikimedia.org\/wikipedia\/commons\/thumb\/9\/96\/Mauritius_23.08.2009_11-42-31.jpg\/260px-Mauritius_23.08.2009_11-42-31.jpg","contentUrl":"https:\/\/upload.wikimedia.org\/wikipedia\/commons\/thumb\/9\/96\/Mauritius_23.08.2009_11-42-31.jpg\/260px-Mauritius_23.08.2009_11-42-31.jpg"},{"@type":"BreadcrumbList","@id":"https:\/\/tacotichelaar.nl\/wordpress\/vereenigde-oostindische-compagnie\/isaac-johannes-lamotius\/#breadcrumb","itemListElement":[{"@type":"ListItem","position":1,"name":"Home","item":"https:\/\/tacotichelaar.nl\/wordpress\/"},{"@type":"ListItem","position":2,"name":"Vereenigde Oostindische Compagnie","item":"https:\/\/tacotichelaar.nl\/wordpress\/vereenigde-oostindische-compagnie\/"},{"@type":"ListItem","position":3,"name":"Isaac Johannes Lamotius, governor of Mauritius"}]},{"@type":"WebSite","@id":"https:\/\/tacotichelaar.nl\/wordpress\/#website","url":"https:\/\/tacotichelaar.nl\/wordpress\/","name":"Taco Tichelaar","description":"geschiedenis, huisonderzoek","publisher":{"@id":"https:\/\/tacotichelaar.nl\/wordpress\/#\/schema\/person\/9507958c5bf79d94fffc2702606bc3a6"},"potentialAction":[{"@type":"SearchAction","target":{"@type":"EntryPoint","urlTemplate":"https:\/\/tacotichelaar.nl\/wordpress\/?s={search_term_string}"},"query-input":{"@type":"PropertyValueSpecification","valueRequired":true,"valueName":"search_term_string"}}],"inLanguage":"nl-NL"},{"@type":["Person","Organization"],"@id":"https:\/\/tacotichelaar.nl\/wordpress\/#\/schema\/person\/9507958c5bf79d94fffc2702606bc3a6","name":"admin","image":{"@type":"ImageObject","inLanguage":"nl-NL","@id":"https:\/\/secure.gravatar.com\/avatar\/a49b40cf75021306b5946fce4549f64c43bfe4038dec77cf518111eb1b9e3f77?s=96&d=identicon&r=g","url":"https:\/\/secure.gravatar.com\/avatar\/a49b40cf75021306b5946fce4549f64c43bfe4038dec77cf518111eb1b9e3f77?s=96&d=identicon&r=g","contentUrl":"https:\/\/secure.gravatar.com\/avatar\/a49b40cf75021306b5946fce4549f64c43bfe4038dec77cf518111eb1b9e3f77?s=96&d=identicon&r=g","caption":"admin"},"logo":{"@id":"https:\/\/secure.gravatar.com\/avatar\/a49b40cf75021306b5946fce4549f64c43bfe4038dec77cf518111eb1b9e3f77?s=96&d=identicon&r=g"},"description":"My hobby is house and occupant research of canal houses in Amsterdam. Of some canal houses much is known, but in general I collect relevant information in tax books, stored in the Amsterdam city archive, in the literature or on internet. \u201c According to Zhuang zi, a Tao philosopher life is limited and knowledge to be gained is unlimited.' [2] \u201d","sameAs":["https:\/\/tacotichelaar.nl","https:\/\/www.facebook.com\/taco.tichelaar","https:\/\/www.linkedin.com\/in\/taco-tichelaar-a01036221\/","https:\/\/en.wikipedia.org\/wiki\/User:Taksen"],"knowsAbout":["18e eeuw"],"knowsLanguage":["duits","engels","nederlands","fries"]}]}},"_links":{"self":[{"href":"https:\/\/tacotichelaar.nl\/wordpress\/wp-json\/wp\/v2\/pages\/2757","targetHints":{"allow":["GET"]}}],"collection":[{"href":"https:\/\/tacotichelaar.nl\/wordpress\/wp-json\/wp\/v2\/pages"}],"about":[{"href":"https:\/\/tacotichelaar.nl\/wordpress\/wp-json\/wp\/v2\/types\/page"}],"author":[{"embeddable":true,"href":"https:\/\/tacotichelaar.nl\/wordpress\/wp-json\/wp\/v2\/users\/1"}],"replies":[{"embeddable":true,"href":"https:\/\/tacotichelaar.nl\/wordpress\/wp-json\/wp\/v2\/comments?post=2757"}],"version-history":[{"count":1,"href":"https:\/\/tacotichelaar.nl\/wordpress\/wp-json\/wp\/v2\/pages\/2757\/revisions"}],"predecessor-version":[{"id":12489,"href":"https:\/\/tacotichelaar.nl\/wordpress\/wp-json\/wp\/v2\/pages\/2757\/revisions\/12489"}],"up":[{"embeddable":true,"href":"https:\/\/tacotichelaar.nl\/wordpress\/wp-json\/wp\/v2\/pages\/1133"}],"wp:attachment":[{"href":"https:\/\/tacotichelaar.nl\/wordpress\/wp-json\/wp\/v2\/media?parent=2757"}],"curies":[{"name":"wp","href":"https:\/\/api.w.org\/{rel}","templated":true}]}}