{"id":4112,"date":"2016-09-05T18:52:36","date_gmt":"2016-09-05T16:52:36","guid":{"rendered":"http:\/\/tacotichelaar.nl\/wordpress\/?page_id=4112"},"modified":"2016-09-05T18:52:36","modified_gmt":"2016-09-05T16:52:36","slug":"de-raad-van-indie","status":"publish","type":"page","link":"https:\/\/tacotichelaar.nl\/wordpress\/vereenigde-oostindische-compagnie\/de-raad-van-indie\/","title":{"rendered":"De Raad van Indi\u00eb"},"content":{"rendered":"<p>De <b>Raad van Indi\u00eb<\/b> was van <a title=\"1609\" href=\"https:\/\/nl.wikipedia.org\/wiki\/1609\">1610<\/a> tot <a title=\"1942\" href=\"https:\/\/nl.wikipedia.org\/wiki\/1942\">1942<\/a> een centraal orgaan van het <a title=\"Nederlandse koloni\u00ebn\" href=\"https:\/\/nl.wikipedia.org\/wiki\/Nederlandse_koloni%C3%ABn\">Nederlandse koloniale bestuur<\/a> in <a title=\"Azi\u00eb\" href=\"https:\/\/nl.wikipedia.org\/wiki\/Azi%C3%AB\">Azi\u00eb<\/a>, ter ondersteuning de <a title=\"Gouverneur-generaal\" href=\"https:\/\/nl.wikipedia.org\/wiki\/Gouverneur-generaal\">gouverneur-generaal,<\/a> inzake handel, oorlog, justitie en regering. De leden van deze Raad werden ook <b>raad van Indi\u00eb<\/b> genoemd en werden over het algemeen benoemd uit kringen van hogere Nederlandse <a title=\"Ambtenaar\" href=\"https:\/\/nl.wikipedia.org\/wiki\/Ambtenaar\">bestuursambtenaren<\/a> (gouverneurs, residenten etc.).<\/p>\n<div class=\"thumbinner\">\n<p><a class=\"image\" href=\"https:\/\/commons.wikimedia.org\/wiki\/File:COLLECTIE_TROPENMUSEUM_Binnenplaats_van_het_gebouw_van_de_Raad_van_Indi%C3%AB_in_Weltevreden_Batavia_TMnr_10015210.jpg\"><img loading=\"lazy\" decoding=\"async\" class=\"thumbimage\" src=\"https:\/\/upload.wikimedia.org\/wikipedia\/commons\/thumb\/a\/a5\/COLLECTIE_TROPENMUSEUM_Binnenplaats_van_het_gebouw_van_de_Raad_van_Indi%C3%AB_in_Weltevreden_Batavia_TMnr_10015210.jpg\/260px-COLLECTIE_TROPENMUSEUM_Binnenplaats_van_het_gebouw_van_de_Raad_van_Indi%C3%AB_in_Weltevreden_Batavia_TMnr_10015210.jpg\" srcset=\"\/\/upload.wikimedia.org\/wikipedia\/commons\/thumb\/a\/a5\/COLLECTIE_TROPENMUSEUM_Binnenplaats_van_het_gebouw_van_de_Raad_van_Indi%C3%AB_in_Weltevreden_Batavia_TMnr_10015210.jpg\/390px-COLLECTIE_TROPENMUSEUM_Binnenplaats_van_het_gebouw_van_de_Raad_van_Indi%C3%AB_in_Weltevreden_Batavia_TMnr_10015210.jpg 1.5x, \/\/upload.wikimedia.org\/wikipedia\/commons\/thumb\/a\/a5\/COLLECTIE_TROPENMUSEUM_Binnenplaats_van_het_gebouw_van_de_Raad_van_Indi%C3%AB_in_Weltevreden_Batavia_TMnr_10015210.jpg\/520px-COLLECTIE_TROPENMUSEUM_Binnenplaats_van_het_gebouw_van_de_Raad_van_Indi%C3%AB_in_Weltevreden_Batavia_TMnr_10015210.jpg 2x\" alt=\"\" width=\"260\" height=\"184\" data-file-width=\"700\" data-file-height=\"496\" \/><\/a><\/p>\n<div class=\"thumbcaption\">Binnenplaats van het gebouw van de Raad van Indi\u00eb (1900-1940)<\/div>\n<div class=\"thumbcaption\"><\/div>\n<\/div>\n<p>De Raad werd opgericht als een college dat aan de gouverneur-generaal (GG) advies moest geven. Daarnaast behoorde de Raad te controleren en eventuele despotische GG&#8217;s in toom te houden. De Raad voorzag de GG van advies over benoemingen van ambtenaren, maar ook van predikanten.<\/p>\n<h2><span id=\"Geschiedenis\" class=\"mw-headline\">Geschiedenis<\/span><\/h2>\n<p>Er waren twee soorten raden, vijf of zes gewone en minstens drie buitengewone. (Vanaf 1619 maakten ook de gouverneurs van Molukken, Ambon, Banda, de Coromandel en Taiwan deel uit van het college als buitengewoon lid.) Bij stemming moesten minstens zeven raden aanwezig zijn in Batavia. De gewone raden waren sinds 1646 zes in getal en hadden een besluitvormende stem: de G-G, de directeur-generaal van de handel en vier raden die gingen over handel, het leger, de vloot, en justitie. Het aantal &#8220;extra-ordinaris&#8221; raden was onbepaald, minstens drie, mogelijk vijf; zij hadden alleen een raadgevende stem en waren meestal in opleiding of gedetacheerd in de buitengebieden.<\/p>\n<p>In perioden waarin de GG wegens ziekte of overlijden zijn functies niet meer uit kon oefenen en er nog geen nieuwe benoeming bekend was, fungeerde in het algemeen het oudste lid van de Raad als gouverneur-generaal <a class=\"mw-redirect\" title=\"Ad interim\" href=\"https:\/\/nl.wikipedia.org\/wiki\/Ad_interim\">ad interim<\/a>. De buitengewone raden vielen in bij het uitvallen van de gewone raden. Aan de GG was uitdrukkelijk ontzegd gratie te verlenen tegen het advies in van de Raad.<\/p>\n<p>In de loop van de 17e eeuw verwierf de Raad steeds meer bestuurlijke en ook wetgevende taken. In 1677 werden vier van de zes leden wegens corruptie ontslagen. In 1681 werden twee permanente buitengewone raden benoemd.<\/p>\n<p>De leden van de Raad waren in de 18e eeuw het middelpunt en de drijfveer (van Indi\u00ea), volgens <a title=\"Jacobus Canter Visscher\" href=\"https:\/\/nl.wikipedia.org\/wiki\/Jacobus_Canter_Visscher\">Jacobus Canter Visscher<\/a>. Na het faillissement en de opheffing van de <a title=\"Vereenigde Oostindische Compagnie\" href=\"https:\/\/nl.wikipedia.org\/wiki\/Vereenigde_Oostindische_Compagnie\">VOC<\/a> (1796, resp. 1800), werd de positie van de Raad minder duidelijk. De ambtenaren waren nu direct in dienst van de staat (eerst van de <a title=\"Bataafse Republiek\" href=\"https:\/\/nl.wikipedia.org\/wiki\/Bataafse_Republiek\">Bataafse Republiek<\/a> en daarna van het <a title=\"Koninkrijk Holland\" href=\"https:\/\/nl.wikipedia.org\/wiki\/Koninkrijk_Holland\">Koninkrijk Holland<\/a>). De GG was niet meer een soort onderkoning, maar uitvoerder van de opdrachten die hem door de regering werden gegeven.<\/p>\n<p>Na de stichting van het <a title=\"Verenigd Koninkrijk der Nederlanden\" href=\"https:\/\/nl.wikipedia.org\/wiki\/Verenigd_Koninkrijk_der_Nederlanden\">Verenigd Koninkrijk der Nederlanden<\/a> werd de macht van de Raad van Indi\u00eb verder ingeperkt. Vanaf <a title=\"1818\" href=\"https:\/\/nl.wikipedia.org\/wiki\/1818\">1818<\/a> verloor hij vrijwel al zijn <a title=\"Uitvoerende macht\" href=\"https:\/\/nl.wikipedia.org\/wiki\/Uitvoerende_macht\">bestuurlijke<\/a> en <a title=\"Wetgevende macht\" href=\"https:\/\/nl.wikipedia.org\/wiki\/Wetgevende_macht\">wetgevende taken<\/a> en was alleen nog een onafhankelijk adviesorgaan van de GG. Bij de bestuurshervormingen van <a title=\"1836\" href=\"https:\/\/nl.wikipedia.org\/wiki\/1836\">1836<\/a> veranderde de naam van de Raad in &#8216;Raad van Nederlandsch-Indi\u00eb&#8217;. Deze Raad had vier leden en een vicepresident, enkel een adviserende functie en vergaderde een keer per week in <a title=\"Weltevreden (Batavia)\" href=\"https:\/\/nl.wikipedia.org\/wiki\/Weltevreden_%28Batavia%29\">Weltevreden<\/a>.<\/p>\n<p>Nadat in 1918 de gekozen <a title=\"Volksraad (Nederlands-Indi\u00eb)\" href=\"https:\/\/nl.wikipedia.org\/wiki\/Volksraad_%28Nederlands-Indi%C3%AB%29\">Volksraad<\/a> was opgericht, verloor de Raad van Indi\u00eb alle wetgevende macht. Vanaf 1926 konden ook &#8216;inheemsen&#8217; (Indonesi\u00ebrs) in de Raad benoemd worden. Toen <a title=\"Nederlands-Indi\u00eb\" href=\"https:\/\/nl.wikipedia.org\/wiki\/Nederlands-Indi%C3%AB\">Nederlands-Indi\u00eb<\/a> in februari en maart 1942 bij de <a title=\"Japanse bezetting van Nederlands-Indi\u00eb\" href=\"https:\/\/nl.wikipedia.org\/wiki\/Japanse_bezetting_van_Nederlands-Indi%C3%AB\">Japanse bezetting van Indonesi\u00eb<\/a> overrompeld werd, trad de Raad buiten functie. Na de aftocht van de <a title=\"Japan\" href=\"https:\/\/nl.wikipedia.org\/wiki\/Japan\">Japanners<\/a> in <a title=\"1945\" href=\"https:\/\/nl.wikipedia.org\/wiki\/1945\">1945<\/a> is hij niet heropgericht.<\/p>\n<h3>Bron<\/h3>\n<p>J. Aalbers (1916) Rijcklof van Goens. Commissaris en veldoverste der Oost-Indische Compagnie, en zijn arbeidsveld 1653\/54 en 1657\/58, p. 12-14.<\/p>\n<div class=\"pvc_clear\"><\/div>\n<p id=\"pvc_stats_4112\" class=\"pvc_stats all  \" data-element-id=\"4112\" style=\"\"><i class=\"pvc-stats-icon medium\" aria-hidden=\"true\"><svg aria-hidden=\"true\" focusable=\"false\" data-prefix=\"far\" data-icon=\"chart-bar\" role=\"img\" xmlns=\"http:\/\/www.w3.org\/2000\/svg\" viewBox=\"0 0 512 512\" class=\"svg-inline--fa fa-chart-bar fa-w-16 fa-2x\"><path fill=\"currentColor\" d=\"M396.8 352h22.4c6.4 0 12.8-6.4 12.8-12.8V108.8c0-6.4-6.4-12.8-12.8-12.8h-22.4c-6.4 0-12.8 6.4-12.8 12.8v230.4c0 6.4 6.4 12.8 12.8 12.8zm-192 0h22.4c6.4 0 12.8-6.4 12.8-12.8V140.8c0-6.4-6.4-12.8-12.8-12.8h-22.4c-6.4 0-12.8 6.4-12.8 12.8v198.4c0 6.4 6.4 12.8 12.8 12.8zm96 0h22.4c6.4 0 12.8-6.4 12.8-12.8V204.8c0-6.4-6.4-12.8-12.8-12.8h-22.4c-6.4 0-12.8 6.4-12.8 12.8v134.4c0 6.4 6.4 12.8 12.8 12.8zM496 400H48V80c0-8.84-7.16-16-16-16H16C7.16 64 0 71.16 0 80v336c0 17.67 14.33 32 32 32h464c8.84 0 16-7.16 16-16v-16c0-8.84-7.16-16-16-16zm-387.2-48h22.4c6.4 0 12.8-6.4 12.8-12.8v-70.4c0-6.4-6.4-12.8-12.8-12.8h-22.4c-6.4 0-12.8 6.4-12.8 12.8v70.4c0 6.4 6.4 12.8 12.8 12.8z\" class=\"\"><\/path><\/svg><\/i> <img loading=\"lazy\" decoding=\"async\" width=\"16\" height=\"16\" alt=\"Loading\" src=\"https:\/\/tacotichelaar.nl\/wordpress\/wp-content\/plugins\/page-views-count\/ajax-loader-2x.gif\" border=0 \/><\/p>\n<div class=\"pvc_clear\"><\/div>\n","protected":false},"excerpt":{"rendered":"<p>De Raad van Indi\u00eb was van 1610 tot 1942 een centraal orgaan van het Nederlandse koloniale bestuur in Azi\u00eb, ter ondersteuning de gouverneur-generaal, inzake handel, oorlog, justitie en regering. De leden van deze Raad werden ook raad van Indi\u00eb genoemd en werden over het algemeen benoemd uit kringen van hogere Nederlandse bestuursambtenaren (gouverneurs, residenten etc.). &hellip; <a href=\"https:\/\/tacotichelaar.nl\/wordpress\/vereenigde-oostindische-compagnie\/de-raad-van-indie\/\" class=\"more-link\">Lees verder <span class=\"screen-reader-text\">De Raad van Indi\u00eb<\/span> <span class=\"meta-nav\">&rarr;<\/span><\/a><\/p>\n<div class=\"pvc_clear\"><\/div>\n<p id=\"pvc_stats_4112\" class=\"pvc_stats all  \" data-element-id=\"4112\" style=\"\"><i class=\"pvc-stats-icon medium\" aria-hidden=\"true\"><svg aria-hidden=\"true\" focusable=\"false\" data-prefix=\"far\" data-icon=\"chart-bar\" role=\"img\" xmlns=\"http:\/\/www.w3.org\/2000\/svg\" viewBox=\"0 0 512 512\" class=\"svg-inline--fa fa-chart-bar fa-w-16 fa-2x\"><path fill=\"currentColor\" d=\"M396.8 352h22.4c6.4 0 12.8-6.4 12.8-12.8V108.8c0-6.4-6.4-12.8-12.8-12.8h-22.4c-6.4 0-12.8 6.4-12.8 12.8v230.4c0 6.4 6.4 12.8 12.8 12.8zm-192 0h22.4c6.4 0 12.8-6.4 12.8-12.8V140.8c0-6.4-6.4-12.8-12.8-12.8h-22.4c-6.4 0-12.8 6.4-12.8 12.8v198.4c0 6.4 6.4 12.8 12.8 12.8zm96 0h22.4c6.4 0 12.8-6.4 12.8-12.8V204.8c0-6.4-6.4-12.8-12.8-12.8h-22.4c-6.4 0-12.8 6.4-12.8 12.8v134.4c0 6.4 6.4 12.8 12.8 12.8zM496 400H48V80c0-8.84-7.16-16-16-16H16C7.16 64 0 71.16 0 80v336c0 17.67 14.33 32 32 32h464c8.84 0 16-7.16 16-16v-16c0-8.84-7.16-16-16-16zm-387.2-48h22.4c6.4 0 12.8-6.4 12.8-12.8v-70.4c0-6.4-6.4-12.8-12.8-12.8h-22.4c-6.4 0-12.8 6.4-12.8 12.8v70.4c0 6.4 6.4 12.8 12.8 12.8z\" class=\"\"><\/path><\/svg><\/i> <img loading=\"lazy\" decoding=\"async\" width=\"16\" height=\"16\" alt=\"Loading\" src=\"https:\/\/tacotichelaar.nl\/wordpress\/wp-content\/plugins\/page-views-count\/ajax-loader-2x.gif\" border=0 \/><\/p>\n<div class=\"pvc_clear\"><\/div>\n","protected":false},"author":1,"featured_media":0,"parent":1133,"menu_order":0,"comment_status":"closed","ping_status":"closed","template":"","meta":{"_acf_changed":false,"footnotes":""},"class_list":["post-4112","page","type-page","status-publish","hentry"],"acf":[],"yoast_head":"<!-- This site is optimized with the Yoast SEO Premium plugin v27.1 (Yoast SEO v27.3) - https:\/\/yoast.com\/product\/yoast-seo-premium-wordpress\/ -->\n<title>De Raad van Indi\u00eb - Taco Tichelaar<\/title>\n<meta name=\"robots\" content=\"index, follow, max-snippet:-1, max-image-preview:large, max-video-preview:-1\" \/>\n<link rel=\"canonical\" href=\"https:\/\/tacotichelaar.nl\/wordpress\/vereenigde-oostindische-compagnie\/de-raad-van-indie\/\" \/>\n<meta property=\"og:locale\" content=\"nl_NL\" \/>\n<meta property=\"og:type\" content=\"article\" \/>\n<meta property=\"og:title\" content=\"De Raad van Indi\u00eb\" \/>\n<meta property=\"og:description\" content=\"De Raad van Indi\u00eb was van 1610 tot 1942 een centraal orgaan van het Nederlandse koloniale bestuur in Azi\u00eb, ter ondersteuning de gouverneur-generaal, inzake handel, oorlog, justitie en regering. De leden van deze Raad werden ook raad van Indi\u00eb genoemd en werden over het algemeen benoemd uit kringen van hogere Nederlandse bestuursambtenaren (gouverneurs, residenten etc.). &hellip; Lees verder De Raad van Indi\u00eb &rarr;\" \/>\n<meta property=\"og:url\" content=\"https:\/\/tacotichelaar.nl\/wordpress\/vereenigde-oostindische-compagnie\/de-raad-van-indie\/\" \/>\n<meta property=\"og:site_name\" content=\"Taco Tichelaar\" \/>\n<meta property=\"article:publisher\" content=\"https:\/\/www.facebook.com\/taco.tichelaar\" \/>\n<meta property=\"og:image\" content=\"https:\/\/upload.wikimedia.org\/wikipedia\/commons\/thumb\/a\/a5\/COLLECTIE_TROPENMUSEUM_Binnenplaats_van_het_gebouw_van_de_Raad_van_Indi%C3%AB_in_Weltevreden_Batavia_TMnr_10015210.jpg\/260px-COLLECTIE_TROPENMUSEUM_Binnenplaats_van_het_gebouw_van_de_Raad_van_Indi%C3%AB_in_Weltevreden_Batavia_TMnr_10015210.jpg\" \/>\n<meta name=\"twitter:label1\" content=\"Geschatte leestijd\" \/>\n\t<meta name=\"twitter:data1\" content=\"3 minuten\" \/>\n<script type=\"application\/ld+json\" class=\"yoast-schema-graph\">{\"@context\":\"https:\\\/\\\/schema.org\",\"@graph\":[{\"@type\":\"WebPage\",\"@id\":\"https:\\\/\\\/tacotichelaar.nl\\\/wordpress\\\/vereenigde-oostindische-compagnie\\\/de-raad-van-indie\\\/\",\"url\":\"https:\\\/\\\/tacotichelaar.nl\\\/wordpress\\\/vereenigde-oostindische-compagnie\\\/de-raad-van-indie\\\/\",\"name\":\"De Raad van Indi\u00eb - Taco Tichelaar\",\"isPartOf\":{\"@id\":\"https:\\\/\\\/tacotichelaar.nl\\\/wordpress\\\/#website\"},\"primaryImageOfPage\":{\"@id\":\"https:\\\/\\\/tacotichelaar.nl\\\/wordpress\\\/vereenigde-oostindische-compagnie\\\/de-raad-van-indie\\\/#primaryimage\"},\"image\":{\"@id\":\"https:\\\/\\\/tacotichelaar.nl\\\/wordpress\\\/vereenigde-oostindische-compagnie\\\/de-raad-van-indie\\\/#primaryimage\"},\"thumbnailUrl\":\"https:\\\/\\\/upload.wikimedia.org\\\/wikipedia\\\/commons\\\/thumb\\\/a\\\/a5\\\/COLLECTIE_TROPENMUSEUM_Binnenplaats_van_het_gebouw_van_de_Raad_van_Indi%C3%AB_in_Weltevreden_Batavia_TMnr_10015210.jpg\\\/260px-COLLECTIE_TROPENMUSEUM_Binnenplaats_van_het_gebouw_van_de_Raad_van_Indi%C3%AB_in_Weltevreden_Batavia_TMnr_10015210.jpg\",\"datePublished\":\"2016-09-05T16:52:36+00:00\",\"breadcrumb\":{\"@id\":\"https:\\\/\\\/tacotichelaar.nl\\\/wordpress\\\/vereenigde-oostindische-compagnie\\\/de-raad-van-indie\\\/#breadcrumb\"},\"inLanguage\":\"nl-NL\",\"potentialAction\":[{\"@type\":\"ReadAction\",\"target\":[\"https:\\\/\\\/tacotichelaar.nl\\\/wordpress\\\/vereenigde-oostindische-compagnie\\\/de-raad-van-indie\\\/\"]}]},{\"@type\":\"ImageObject\",\"inLanguage\":\"nl-NL\",\"@id\":\"https:\\\/\\\/tacotichelaar.nl\\\/wordpress\\\/vereenigde-oostindische-compagnie\\\/de-raad-van-indie\\\/#primaryimage\",\"url\":\"https:\\\/\\\/upload.wikimedia.org\\\/wikipedia\\\/commons\\\/thumb\\\/a\\\/a5\\\/COLLECTIE_TROPENMUSEUM_Binnenplaats_van_het_gebouw_van_de_Raad_van_Indi%C3%AB_in_Weltevreden_Batavia_TMnr_10015210.jpg\\\/260px-COLLECTIE_TROPENMUSEUM_Binnenplaats_van_het_gebouw_van_de_Raad_van_Indi%C3%AB_in_Weltevreden_Batavia_TMnr_10015210.jpg\",\"contentUrl\":\"https:\\\/\\\/upload.wikimedia.org\\\/wikipedia\\\/commons\\\/thumb\\\/a\\\/a5\\\/COLLECTIE_TROPENMUSEUM_Binnenplaats_van_het_gebouw_van_de_Raad_van_Indi%C3%AB_in_Weltevreden_Batavia_TMnr_10015210.jpg\\\/260px-COLLECTIE_TROPENMUSEUM_Binnenplaats_van_het_gebouw_van_de_Raad_van_Indi%C3%AB_in_Weltevreden_Batavia_TMnr_10015210.jpg\"},{\"@type\":\"BreadcrumbList\",\"@id\":\"https:\\\/\\\/tacotichelaar.nl\\\/wordpress\\\/vereenigde-oostindische-compagnie\\\/de-raad-van-indie\\\/#breadcrumb\",\"itemListElement\":[{\"@type\":\"ListItem\",\"position\":1,\"name\":\"Home\",\"item\":\"https:\\\/\\\/tacotichelaar.nl\\\/wordpress\\\/\"},{\"@type\":\"ListItem\",\"position\":2,\"name\":\"Vereenigde Oostindische Compagnie\",\"item\":\"https:\\\/\\\/tacotichelaar.nl\\\/wordpress\\\/vereenigde-oostindische-compagnie\\\/\"},{\"@type\":\"ListItem\",\"position\":3,\"name\":\"De Raad van Indi\u00eb\"}]},{\"@type\":\"WebSite\",\"@id\":\"https:\\\/\\\/tacotichelaar.nl\\\/wordpress\\\/#website\",\"url\":\"https:\\\/\\\/tacotichelaar.nl\\\/wordpress\\\/\",\"name\":\"Taco Tichelaar\",\"description\":\"geschiedenis, huisonderzoek\",\"publisher\":{\"@id\":\"https:\\\/\\\/tacotichelaar.nl\\\/wordpress\\\/#\\\/schema\\\/person\\\/9507958c5bf79d94fffc2702606bc3a6\"},\"potentialAction\":[{\"@type\":\"SearchAction\",\"target\":{\"@type\":\"EntryPoint\",\"urlTemplate\":\"https:\\\/\\\/tacotichelaar.nl\\\/wordpress\\\/?s={search_term_string}\"},\"query-input\":{\"@type\":\"PropertyValueSpecification\",\"valueRequired\":true,\"valueName\":\"search_term_string\"}}],\"inLanguage\":\"nl-NL\"},{\"@type\":[\"Person\",\"Organization\"],\"@id\":\"https:\\\/\\\/tacotichelaar.nl\\\/wordpress\\\/#\\\/schema\\\/person\\\/9507958c5bf79d94fffc2702606bc3a6\",\"name\":\"admin\",\"image\":{\"@type\":\"ImageObject\",\"inLanguage\":\"nl-NL\",\"@id\":\"https:\\\/\\\/secure.gravatar.com\\\/avatar\\\/a49b40cf75021306b5946fce4549f64c43bfe4038dec77cf518111eb1b9e3f77?s=96&d=identicon&r=g\",\"url\":\"https:\\\/\\\/secure.gravatar.com\\\/avatar\\\/a49b40cf75021306b5946fce4549f64c43bfe4038dec77cf518111eb1b9e3f77?s=96&d=identicon&r=g\",\"contentUrl\":\"https:\\\/\\\/secure.gravatar.com\\\/avatar\\\/a49b40cf75021306b5946fce4549f64c43bfe4038dec77cf518111eb1b9e3f77?s=96&d=identicon&r=g\",\"caption\":\"admin\"},\"logo\":{\"@id\":\"https:\\\/\\\/secure.gravatar.com\\\/avatar\\\/a49b40cf75021306b5946fce4549f64c43bfe4038dec77cf518111eb1b9e3f77?s=96&d=identicon&r=g\"},\"description\":\"My hobby is house and occupant research of canal houses in Amsterdam. Of some canal houses much is known, but in general I collect relevant information in tax books, stored in the Amsterdam city archive, in the literature or on internet. \u201c According to Zhuang zi, a Tao philosopher life is limited and knowledge to be gained is unlimited.' [2] \u201d\",\"sameAs\":[\"https:\\\/\\\/tacotichelaar.nl\",\"https:\\\/\\\/www.facebook.com\\\/taco.tichelaar\",\"https:\\\/\\\/www.linkedin.com\\\/in\\\/taco-tichelaar-a01036221\\\/\",\"https:\\\/\\\/en.wikipedia.org\\\/wiki\\\/User:Taksen\"],\"knowsAbout\":[\"18e eeuw\"],\"knowsLanguage\":[\"duits\",\"engels\",\"nederlands\",\"fries\"]}]}<\/script>\n<!-- \/ Yoast SEO Premium plugin. -->","yoast_head_json":{"title":"De Raad van Indi\u00eb - Taco Tichelaar","robots":{"index":"index","follow":"follow","max-snippet":"max-snippet:-1","max-image-preview":"max-image-preview:large","max-video-preview":"max-video-preview:-1"},"canonical":"https:\/\/tacotichelaar.nl\/wordpress\/vereenigde-oostindische-compagnie\/de-raad-van-indie\/","og_locale":"nl_NL","og_type":"article","og_title":"De Raad van Indi\u00eb","og_description":"De Raad van Indi\u00eb was van 1610 tot 1942 een centraal orgaan van het Nederlandse koloniale bestuur in Azi\u00eb, ter ondersteuning de gouverneur-generaal, inzake handel, oorlog, justitie en regering. De leden van deze Raad werden ook raad van Indi\u00eb genoemd en werden over het algemeen benoemd uit kringen van hogere Nederlandse bestuursambtenaren (gouverneurs, residenten etc.). &hellip; Lees verder De Raad van Indi\u00eb &rarr;","og_url":"https:\/\/tacotichelaar.nl\/wordpress\/vereenigde-oostindische-compagnie\/de-raad-van-indie\/","og_site_name":"Taco Tichelaar","article_publisher":"https:\/\/www.facebook.com\/taco.tichelaar","og_image":[{"url":"https:\/\/upload.wikimedia.org\/wikipedia\/commons\/thumb\/a\/a5\/COLLECTIE_TROPENMUSEUM_Binnenplaats_van_het_gebouw_van_de_Raad_van_Indi%C3%AB_in_Weltevreden_Batavia_TMnr_10015210.jpg\/260px-COLLECTIE_TROPENMUSEUM_Binnenplaats_van_het_gebouw_van_de_Raad_van_Indi%C3%AB_in_Weltevreden_Batavia_TMnr_10015210.jpg","type":"","width":"","height":""}],"twitter_misc":{"Geschatte leestijd":"3 minuten"},"schema":{"@context":"https:\/\/schema.org","@graph":[{"@type":"WebPage","@id":"https:\/\/tacotichelaar.nl\/wordpress\/vereenigde-oostindische-compagnie\/de-raad-van-indie\/","url":"https:\/\/tacotichelaar.nl\/wordpress\/vereenigde-oostindische-compagnie\/de-raad-van-indie\/","name":"De Raad van Indi\u00eb - Taco Tichelaar","isPartOf":{"@id":"https:\/\/tacotichelaar.nl\/wordpress\/#website"},"primaryImageOfPage":{"@id":"https:\/\/tacotichelaar.nl\/wordpress\/vereenigde-oostindische-compagnie\/de-raad-van-indie\/#primaryimage"},"image":{"@id":"https:\/\/tacotichelaar.nl\/wordpress\/vereenigde-oostindische-compagnie\/de-raad-van-indie\/#primaryimage"},"thumbnailUrl":"https:\/\/upload.wikimedia.org\/wikipedia\/commons\/thumb\/a\/a5\/COLLECTIE_TROPENMUSEUM_Binnenplaats_van_het_gebouw_van_de_Raad_van_Indi%C3%AB_in_Weltevreden_Batavia_TMnr_10015210.jpg\/260px-COLLECTIE_TROPENMUSEUM_Binnenplaats_van_het_gebouw_van_de_Raad_van_Indi%C3%AB_in_Weltevreden_Batavia_TMnr_10015210.jpg","datePublished":"2016-09-05T16:52:36+00:00","breadcrumb":{"@id":"https:\/\/tacotichelaar.nl\/wordpress\/vereenigde-oostindische-compagnie\/de-raad-van-indie\/#breadcrumb"},"inLanguage":"nl-NL","potentialAction":[{"@type":"ReadAction","target":["https:\/\/tacotichelaar.nl\/wordpress\/vereenigde-oostindische-compagnie\/de-raad-van-indie\/"]}]},{"@type":"ImageObject","inLanguage":"nl-NL","@id":"https:\/\/tacotichelaar.nl\/wordpress\/vereenigde-oostindische-compagnie\/de-raad-van-indie\/#primaryimage","url":"https:\/\/upload.wikimedia.org\/wikipedia\/commons\/thumb\/a\/a5\/COLLECTIE_TROPENMUSEUM_Binnenplaats_van_het_gebouw_van_de_Raad_van_Indi%C3%AB_in_Weltevreden_Batavia_TMnr_10015210.jpg\/260px-COLLECTIE_TROPENMUSEUM_Binnenplaats_van_het_gebouw_van_de_Raad_van_Indi%C3%AB_in_Weltevreden_Batavia_TMnr_10015210.jpg","contentUrl":"https:\/\/upload.wikimedia.org\/wikipedia\/commons\/thumb\/a\/a5\/COLLECTIE_TROPENMUSEUM_Binnenplaats_van_het_gebouw_van_de_Raad_van_Indi%C3%AB_in_Weltevreden_Batavia_TMnr_10015210.jpg\/260px-COLLECTIE_TROPENMUSEUM_Binnenplaats_van_het_gebouw_van_de_Raad_van_Indi%C3%AB_in_Weltevreden_Batavia_TMnr_10015210.jpg"},{"@type":"BreadcrumbList","@id":"https:\/\/tacotichelaar.nl\/wordpress\/vereenigde-oostindische-compagnie\/de-raad-van-indie\/#breadcrumb","itemListElement":[{"@type":"ListItem","position":1,"name":"Home","item":"https:\/\/tacotichelaar.nl\/wordpress\/"},{"@type":"ListItem","position":2,"name":"Vereenigde Oostindische Compagnie","item":"https:\/\/tacotichelaar.nl\/wordpress\/vereenigde-oostindische-compagnie\/"},{"@type":"ListItem","position":3,"name":"De Raad van Indi\u00eb"}]},{"@type":"WebSite","@id":"https:\/\/tacotichelaar.nl\/wordpress\/#website","url":"https:\/\/tacotichelaar.nl\/wordpress\/","name":"Taco Tichelaar","description":"geschiedenis, huisonderzoek","publisher":{"@id":"https:\/\/tacotichelaar.nl\/wordpress\/#\/schema\/person\/9507958c5bf79d94fffc2702606bc3a6"},"potentialAction":[{"@type":"SearchAction","target":{"@type":"EntryPoint","urlTemplate":"https:\/\/tacotichelaar.nl\/wordpress\/?s={search_term_string}"},"query-input":{"@type":"PropertyValueSpecification","valueRequired":true,"valueName":"search_term_string"}}],"inLanguage":"nl-NL"},{"@type":["Person","Organization"],"@id":"https:\/\/tacotichelaar.nl\/wordpress\/#\/schema\/person\/9507958c5bf79d94fffc2702606bc3a6","name":"admin","image":{"@type":"ImageObject","inLanguage":"nl-NL","@id":"https:\/\/secure.gravatar.com\/avatar\/a49b40cf75021306b5946fce4549f64c43bfe4038dec77cf518111eb1b9e3f77?s=96&d=identicon&r=g","url":"https:\/\/secure.gravatar.com\/avatar\/a49b40cf75021306b5946fce4549f64c43bfe4038dec77cf518111eb1b9e3f77?s=96&d=identicon&r=g","contentUrl":"https:\/\/secure.gravatar.com\/avatar\/a49b40cf75021306b5946fce4549f64c43bfe4038dec77cf518111eb1b9e3f77?s=96&d=identicon&r=g","caption":"admin"},"logo":{"@id":"https:\/\/secure.gravatar.com\/avatar\/a49b40cf75021306b5946fce4549f64c43bfe4038dec77cf518111eb1b9e3f77?s=96&d=identicon&r=g"},"description":"My hobby is house and occupant research of canal houses in Amsterdam. Of some canal houses much is known, but in general I collect relevant information in tax books, stored in the Amsterdam city archive, in the literature or on internet. \u201c According to Zhuang zi, a Tao philosopher life is limited and knowledge to be gained is unlimited.' [2] \u201d","sameAs":["https:\/\/tacotichelaar.nl","https:\/\/www.facebook.com\/taco.tichelaar","https:\/\/www.linkedin.com\/in\/taco-tichelaar-a01036221\/","https:\/\/en.wikipedia.org\/wiki\/User:Taksen"],"knowsAbout":["18e eeuw"],"knowsLanguage":["duits","engels","nederlands","fries"]}]}},"_links":{"self":[{"href":"https:\/\/tacotichelaar.nl\/wordpress\/wp-json\/wp\/v2\/pages\/4112","targetHints":{"allow":["GET"]}}],"collection":[{"href":"https:\/\/tacotichelaar.nl\/wordpress\/wp-json\/wp\/v2\/pages"}],"about":[{"href":"https:\/\/tacotichelaar.nl\/wordpress\/wp-json\/wp\/v2\/types\/page"}],"author":[{"embeddable":true,"href":"https:\/\/tacotichelaar.nl\/wordpress\/wp-json\/wp\/v2\/users\/1"}],"replies":[{"embeddable":true,"href":"https:\/\/tacotichelaar.nl\/wordpress\/wp-json\/wp\/v2\/comments?post=4112"}],"version-history":[{"count":0,"href":"https:\/\/tacotichelaar.nl\/wordpress\/wp-json\/wp\/v2\/pages\/4112\/revisions"}],"up":[{"embeddable":true,"href":"https:\/\/tacotichelaar.nl\/wordpress\/wp-json\/wp\/v2\/pages\/1133"}],"wp:attachment":[{"href":"https:\/\/tacotichelaar.nl\/wordpress\/wp-json\/wp\/v2\/media?parent=4112"}],"curies":[{"name":"wp","href":"https:\/\/api.w.org\/{rel}","templated":true}]}}