{"id":9956,"date":"2024-02-25T11:30:05","date_gmt":"2024-02-25T09:30:05","guid":{"rendered":"https:\/\/tacotichelaar.nl\/wordpress\/?page_id=9956"},"modified":"2025-09-05T07:58:44","modified_gmt":"2025-09-05T05:58:44","slug":"johann-friedrich-von-salm-grumbach","status":"publish","type":"page","link":"https:\/\/tacotichelaar.nl\/wordpress\/johann-friedrich-von-salm-grumbach\/","title":{"rendered":"Johann Friedrich von Salm-Grumbach"},"content":{"rendered":"<p>&nbsp;<\/p>\n<p><img decoding=\"async\" class=\"alignleft\" src=\"https:\/\/upload.wikimedia.org\/wikipedia\/commons\/thumb\/a\/ab\/HUA-39185-Portret_van_Rijngraaf_Frederik_III_van_Salm_Salm_Grumbach_geboren_1745_bevelhebber_van_de_patriottische_vrijcorpsen_te_Utrecht_overleden_1794_Borstbee.jpg\/250px-thumbnail.jpg\"><\/p>\n<p class=\"\" data-start=\"152\" data-end=\"739\"><strong>Johann Friedrich von Salm-Grumbach<\/strong> (5 november 1743 \u2013 11 september 1819) was een lid van het adellijke geslacht van de Wild- en Rijngraven uit de tak Salm-Grumbach. In het midden van de jaren 1780 diende hij als kolonel van het Salm-legioen van de Staten-Generaal der Nederlanden, en vervolgens van de Staten van Holland en West-Friesland.<sup id=\"cite_ref-2\" class=\"reference\"><a href=\"https:\/\/en.wikipedia.org\/wiki\/Johann_Friedrich_von_Salm-Grumbach#cite_note-2\">[2]<\/a><\/sup> Als beoogd opvolger van veldmaarschalk hertog <a href=\"https:\/\/tacotichelaar.nl\/wordpress\/patriottentijd\/hertog-van-brunswijk\/\" target=\"_blank\" rel=\"noopener\">Lodewijk Ernst van Brunswijk-Wolfenb\u00fcttel<\/a>, die in oktober 1784 de Nederlanden had verlaten, speelde hij tot medio september 1787 een belangrijke rol in het conflict tussen de <a href=\"https:\/\/tacotichelaar.nl\/wordpress\/patriottentijd\/jan-bernd-bicker\/\" target=\"_blank\" rel=\"noopener\">patriotten<\/a> en de orangisten.<\/p>\n<p class=\"\" data-start=\"741\" data-end=\"1360\">Gesteund door de patriotten, die pleitten voor een representatieve vertegenwoordiging van de burgerij, nam hij in 1786 tijdelijk de functie op zich van feitelijk generaal en opperbevelhebber van de strijdkrachten in Holland; formeel was Albert van Rijssel aangesteld. Later voerde hij het bevel over verschillende vrijkorpsen in Utrecht, totdat de Pruisische inval in Holland in 1787 de positie van stadhouder Willem V van Oranje weer versterkte. Er kwam vooral kritiek op Salms militaire inschattingsvermogen na de overhaaste ontruiming van Utrecht; nadien werd hij vaak omschreven als een \u201cstijlvolle mislukkeling\u201d.<\/p>\n<p data-start=\"741\" data-end=\"1360\">Rijngraaf en wildgraaf Frederik III van Salm-Grumbach was een indrukwekkende verschijning. Hij ging gekleed alsof hij op elk moment aan de strijd kon gaan deelnemen en had een zelfverzekerde manier van spreken. Hij had altijd laarzen met sporen aan en droeg zijn sabel openlijk. Hij had een wild kapsel en extravagante kleding.<sup class='footnote'><a href='#fn-9956-1' id='fnref-9956-1' onclick='return fdfootnote_show(9956)'>1<\/a><\/sup><\/p>\n<p class=\"\" data-start=\"1362\" data-end=\"1768\">In diverse publicaties, geschreven in meerdere talen, is Johann Friedrich von Salm-Grumbach ten onrechte ge\u00efdentificeerd als Frederik III, prins van Salm-Kyrburg.<sup id=\"cite_ref-3\" class=\"reference\"><a href=\"https:\/\/en.wikipedia.org\/wiki\/Johann_Friedrich_von_Salm-Grumbach#cite_note-3\">[3]<\/a><\/sup><sup id=\"cite_ref-4\" class=\"reference\"><a href=\"https:\/\/en.wikipedia.org\/wiki\/Johann_Friedrich_von_Salm-Grumbach#cite_note-4\">[4]<\/a><\/sup><sup id=\"cite_ref-5\" class=\"reference\"><a href=\"https:\/\/en.wikipedia.org\/wiki\/Johann_Friedrich_von_Salm-Grumbach#cite_note-5\">[5]<\/a><\/sup> Deze verwarring berust op een misvatting bij H.T. Colenbrander en Pierre de Witt. Tijdgenoten zoals zijn voormalige adjudant Quint Ondaatje, de hertog, zijn biograaf August Ludwig Schl\u00f6zer en generaal Von Pfau,<sup id=\"cite_ref-6\" class=\"reference\"><a href=\"https:\/\/en.wikipedia.org\/wiki\/Johann_Friedrich_von_Salm-Grumbach#cite_note-6\">[6]<\/a><\/sup><sup id=\"cite_ref-7\" class=\"reference\"><a href=\"https:\/\/en.wikipedia.org\/wiki\/Johann_Friedrich_von_Salm-Grumbach#cite_note-7\">[7]<\/a><\/sup><sup id=\"cite_ref-8\" class=\"reference\"><a href=\"https:\/\/en.wikipedia.org\/wiki\/Johann_Friedrich_von_Salm-Grumbach#cite_note-8\">[8]<\/a><\/sup> <span class=\"wikEdRef\"><span id=\"wikEdWikiLink35\" class=\"wikEdURL\" title=\"https:\/\/play.google.com\/books\/reader%3Fid=t0qsme7Zk2wC%26pg=GBS.PA6%26hl=en_GB (ctrl-click)\"><span class=\"wikEdLinkTag\">&nbsp;<\/span><\/span><\/span>evenals veel andere Duitse historici, zijn daar duidelijk over.<sup id=\"cite_ref-9\" class=\"reference\"><a href=\"https:\/\/en.wikipedia.org\/wiki\/Johann_Friedrich_von_Salm-Grumbach#cite_note-9\">[9]<\/a><\/sup><sup id=\"cite_ref-10\" class=\"reference\"><a href=\"https:\/\/en.wikipedia.org\/wiki\/Johann_Friedrich_von_Salm-Grumbach#cite_note-10\">[10]<\/a><\/sup><sup id=\"cite_ref-11\" class=\"reference\"><a href=\"https:\/\/en.wikipedia.org\/wiki\/Johann_Friedrich_von_Salm-Grumbach#cite_note-11\">[11]<\/a><\/sup><sup id=\"cite_ref-12\" class=\"reference\"><a href=\"https:\/\/en.wikipedia.org\/wiki\/Johann_Friedrich_von_Salm-Grumbach#cite_note-12\">[12]<\/a><\/sup><sup id=\"cite_ref-13\" class=\"reference\"><a href=\"https:\/\/en.wikipedia.org\/wiki\/Johann_Friedrich_von_Salm-Grumbach#cite_note-13\">[13]<\/a><\/sup><sup id=\"cite_ref-14\" class=\"reference\"><a href=\"https:\/\/en.wikipedia.org\/wiki\/Johann_Friedrich_von_Salm-Grumbach#cite_note-14\">[14]<\/a><\/sup><sup id=\"cite_ref-15\" class=\"reference\"><a href=\"https:\/\/en.wikipedia.org\/wiki\/Johann_Friedrich_von_Salm-Grumbach#cite_note-15\">[15]<\/a><\/sup><\/p>\n<p data-start=\"1362\" data-end=\"1768\"><a href=\"https:\/\/digital.slub-dresden.de\/data\/kitodo\/lvdwerhez_339985739\/lvdwerhez_339985739_tif\/jpegs\/lvdwerhez_339985739.pdf\" target=\"_blank\" rel=\"noopener\"><span class=\"wikEdRef\"><span id=\"wikEdWikiLink34\" class=\"wikEdURL\" title=\"https:\/\/digital.slub-dresden.de\/data\/kitodo\/lvdwerhez_339985739\/lvdwerhez_339985739_tif\/jpegs\/lvdwerhez_339985739.pdf (ctrl-click)\"><span class=\"wikEdURLTarget\">https:\/\/digital.slub<span class=\"wikEdhyphenDash\" title=\"Standard hyphen\">&#8211;<\/span>dresden.de\/data\/kitodo\/lvdwerhez_339985739\/lvdwerhez_339985739_tif\/jpegs\/lvdwerhez_339985739.pdf<\/span><\/span><\/span><\/a><\/p>\n<p data-start=\"1362\" data-end=\"1768\"><span class=\"wikEdRef\"><span id=\"wikEdWikiLink34\" class=\"wikEdURL\" title=\"https:\/\/digital.slub-dresden.de\/data\/kitodo\/lvdwerhez_339985739\/lvdwerhez_339985739_tif\/jpegs\/lvdwerhez_339985739.pdf (ctrl-click)\"><span class=\"wikEdURLText\">Ludwig Ernst, Herzog Zu Braunschweig Und L\u00fcneburg, kaiserl. k\u00f6nigl. und des h. R\u00f6mischen Reichs FeldMarschall, G\u00f6ttingen 1787, S. 615<\/span><\/span><\/span><\/p>\n<p data-start=\"1362\" data-end=\"1768\"><span class=\"wikEdRef\"><span id=\"wikEdWikiLink35\" class=\"wikEdURL\" title=\"https:\/\/play.google.com\/books\/reader%3Fid=t0qsme7Zk2wC%26pg=GBS.PA6%26hl=en_GB (ctrl-click)\"><a href=\"https:\/\/play.google.com\/books\/reader?id=t0qsme7Zk2wC&amp;pg=GBS.PA6&amp;hl=en_GB\"><span class=\"wikEdURLTarget\">https:\/\/play.google.com\/books\/reader?id=t0qsme7Zk2wC&amp;pg=GBS.PA6&amp;hl=en_GB <\/span><\/a><span class=\"wikEdURLTarget\"><span class=\"wikEdURLText\">Theodor Philipp von Pfau (1790) Geschichte des Preussischen Feldzuges in der Provinz Holland im Jahr 1787, S. 7<span class=\"wikEdhyphenDash\" title=\"Standard hyphen\">&#8211;<\/span>8<\/span><\/span><\/span><\/span><\/p>\n<p>&nbsp;<\/p>\n<div class='footnotes' id='footnotes-9956'>\n<div class='footnotedivider'><\/div>\n<ol>\n<li id='fn-9956-1'> <a href=\"https:\/\/www.huzarenvanboreel.nl\/index.php\/korps-huzaren-rijngraaf-van-salm\/#:~:text=Rijngraaf%20en%20wildgraaf%20Frederik%20III,en%20droeg%20zijn%20sabel%20openlijk\" target=\"_blank\" rel=\"noopener\">Korps Huzaren Rijngraaf van Salm Door: kolonel Hans van Dalen, Regimentscommandant Huzaren van Boreel<\/a>. <span class='footnotereverse'><a href='#fnref-9956-1'>&#8617;<\/a><\/span><\/li>\n<\/ol>\n<\/div>\n<div class=\"pvc_clear\"><\/div>\n<p id=\"pvc_stats_9956\" class=\"pvc_stats all  \" data-element-id=\"9956\" style=\"\"><i class=\"pvc-stats-icon medium\" aria-hidden=\"true\"><svg aria-hidden=\"true\" focusable=\"false\" data-prefix=\"far\" data-icon=\"chart-bar\" role=\"img\" xmlns=\"http:\/\/www.w3.org\/2000\/svg\" viewBox=\"0 0 512 512\" class=\"svg-inline--fa fa-chart-bar fa-w-16 fa-2x\"><path fill=\"currentColor\" d=\"M396.8 352h22.4c6.4 0 12.8-6.4 12.8-12.8V108.8c0-6.4-6.4-12.8-12.8-12.8h-22.4c-6.4 0-12.8 6.4-12.8 12.8v230.4c0 6.4 6.4 12.8 12.8 12.8zm-192 0h22.4c6.4 0 12.8-6.4 12.8-12.8V140.8c0-6.4-6.4-12.8-12.8-12.8h-22.4c-6.4 0-12.8 6.4-12.8 12.8v198.4c0 6.4 6.4 12.8 12.8 12.8zm96 0h22.4c6.4 0 12.8-6.4 12.8-12.8V204.8c0-6.4-6.4-12.8-12.8-12.8h-22.4c-6.4 0-12.8 6.4-12.8 12.8v134.4c0 6.4 6.4 12.8 12.8 12.8zM496 400H48V80c0-8.84-7.16-16-16-16H16C7.16 64 0 71.16 0 80v336c0 17.67 14.33 32 32 32h464c8.84 0 16-7.16 16-16v-16c0-8.84-7.16-16-16-16zm-387.2-48h22.4c6.4 0 12.8-6.4 12.8-12.8v-70.4c0-6.4-6.4-12.8-12.8-12.8h-22.4c-6.4 0-12.8 6.4-12.8 12.8v70.4c0 6.4 6.4 12.8 12.8 12.8z\" class=\"\"><\/path><\/svg><\/i> <img loading=\"lazy\" decoding=\"async\" width=\"16\" height=\"16\" alt=\"Loading\" src=\"https:\/\/tacotichelaar.nl\/wordpress\/wp-content\/plugins\/page-views-count\/ajax-loader-2x.gif\" border=0 \/><\/p>\n<div class=\"pvc_clear\"><\/div>\n","protected":false},"excerpt":{"rendered":"<p>&nbsp; Johann Friedrich von Salm-Grumbach (5 november 1743 \u2013 11 september 1819) was een lid van het adellijke geslacht van de Wild- en Rijngraven uit de tak Salm-Grumbach. In het midden van de jaren 1780 diende hij als kolonel van het Salm-legioen van de Staten-Generaal der Nederlanden, en vervolgens van de Staten van Holland en &hellip; <a href=\"https:\/\/tacotichelaar.nl\/wordpress\/johann-friedrich-von-salm-grumbach\/\" class=\"more-link\">Lees verder <span class=\"screen-reader-text\">Johann Friedrich von Salm-Grumbach<\/span> <span class=\"meta-nav\">&rarr;<\/span><\/a><\/p>\n<div class=\"pvc_clear\"><\/div>\n<p id=\"pvc_stats_9956\" class=\"pvc_stats all  \" data-element-id=\"9956\" style=\"\"><i class=\"pvc-stats-icon medium\" aria-hidden=\"true\"><svg aria-hidden=\"true\" focusable=\"false\" data-prefix=\"far\" data-icon=\"chart-bar\" role=\"img\" xmlns=\"http:\/\/www.w3.org\/2000\/svg\" viewBox=\"0 0 512 512\" class=\"svg-inline--fa fa-chart-bar fa-w-16 fa-2x\"><path fill=\"currentColor\" d=\"M396.8 352h22.4c6.4 0 12.8-6.4 12.8-12.8V108.8c0-6.4-6.4-12.8-12.8-12.8h-22.4c-6.4 0-12.8 6.4-12.8 12.8v230.4c0 6.4 6.4 12.8 12.8 12.8zm-192 0h22.4c6.4 0 12.8-6.4 12.8-12.8V140.8c0-6.4-6.4-12.8-12.8-12.8h-22.4c-6.4 0-12.8 6.4-12.8 12.8v198.4c0 6.4 6.4 12.8 12.8 12.8zm96 0h22.4c6.4 0 12.8-6.4 12.8-12.8V204.8c0-6.4-6.4-12.8-12.8-12.8h-22.4c-6.4 0-12.8 6.4-12.8 12.8v134.4c0 6.4 6.4 12.8 12.8 12.8zM496 400H48V80c0-8.84-7.16-16-16-16H16C7.16 64 0 71.16 0 80v336c0 17.67 14.33 32 32 32h464c8.84 0 16-7.16 16-16v-16c0-8.84-7.16-16-16-16zm-387.2-48h22.4c6.4 0 12.8-6.4 12.8-12.8v-70.4c0-6.4-6.4-12.8-12.8-12.8h-22.4c-6.4 0-12.8 6.4-12.8 12.8v70.4c0 6.4 6.4 12.8 12.8 12.8z\" class=\"\"><\/path><\/svg><\/i> <img loading=\"lazy\" decoding=\"async\" width=\"16\" height=\"16\" alt=\"Loading\" src=\"https:\/\/tacotichelaar.nl\/wordpress\/wp-content\/plugins\/page-views-count\/ajax-loader-2x.gif\" border=0 \/><\/p>\n<div class=\"pvc_clear\"><\/div>\n","protected":false},"author":1,"featured_media":0,"parent":0,"menu_order":0,"comment_status":"closed","ping_status":"closed","template":"","meta":{"_acf_changed":false,"footnotes":""},"class_list":["post-9956","page","type-page","status-publish","hentry"],"acf":[],"a3_pvc":{"activated":true,"total_views":119,"today_views":0},"yoast_head":"<!-- This site is optimized with the Yoast SEO Premium plugin v27.3 (Yoast SEO v27.4) - https:\/\/yoast.com\/product\/yoast-seo-premium-wordpress\/ -->\n<title>Johann Friedrich von Salm-Grumbach - Taco Tichelaar<\/title>\n<meta name=\"robots\" content=\"index, follow, max-snippet:-1, max-image-preview:large, max-video-preview:-1\" \/>\n<link rel=\"canonical\" href=\"https:\/\/tacotichelaar.nl\/wordpress\/johann-friedrich-von-salm-grumbach\/\" \/>\n<meta property=\"og:locale\" content=\"nl_NL\" \/>\n<meta property=\"og:type\" content=\"article\" \/>\n<meta property=\"og:title\" content=\"Johann Friedrich von Salm-Grumbach\" \/>\n<meta property=\"og:description\" content=\"&nbsp; Johann Friedrich von Salm-Grumbach (5 november 1743 \u2013 11 september 1819) was een lid van het adellijke geslacht van de Wild- en Rijngraven uit de tak Salm-Grumbach. In het midden van de jaren 1780 diende hij als kolonel van het Salm-legioen van de Staten-Generaal der Nederlanden, en vervolgens van de Staten van Holland en &hellip; Lees verder Johann Friedrich von Salm-Grumbach &rarr;\" \/>\n<meta property=\"og:url\" content=\"https:\/\/tacotichelaar.nl\/wordpress\/johann-friedrich-von-salm-grumbach\/\" \/>\n<meta property=\"og:site_name\" content=\"Taco Tichelaar\" \/>\n<meta property=\"article:publisher\" content=\"https:\/\/www.facebook.com\/taco.tichelaar\" \/>\n<meta property=\"article:modified_time\" content=\"2025-09-05T05:58:44+00:00\" \/>\n<meta property=\"og:image\" content=\"https:\/\/upload.wikimedia.org\/wikipedia\/commons\/thumb\/a\/ab\/HUA-39185-Portret_van_Rijngraaf_Frederik_III_van_Salm_Salm_Grumbach_geboren_1745_bevelhebber_van_de_patriottische_vrijcorpsen_te_Utrecht_overleden_1794_Borstbee.jpg\/250px-thumbnail.jpg\" \/>\n<meta name=\"twitter:label1\" content=\"Geschatte leestijd\" \/>\n\t<meta name=\"twitter:data1\" content=\"2 minuten\" \/>\n<script type=\"application\/ld+json\" class=\"yoast-schema-graph\">{\"@context\":\"https:\\\/\\\/schema.org\",\"@graph\":[{\"@type\":\"WebPage\",\"@id\":\"https:\\\/\\\/tacotichelaar.nl\\\/wordpress\\\/johann-friedrich-von-salm-grumbach\\\/\",\"url\":\"https:\\\/\\\/tacotichelaar.nl\\\/wordpress\\\/johann-friedrich-von-salm-grumbach\\\/\",\"name\":\"Johann Friedrich von Salm-Grumbach - Taco Tichelaar\",\"isPartOf\":{\"@id\":\"https:\\\/\\\/tacotichelaar.nl\\\/wordpress\\\/#website\"},\"primaryImageOfPage\":{\"@id\":\"https:\\\/\\\/tacotichelaar.nl\\\/wordpress\\\/johann-friedrich-von-salm-grumbach\\\/#primaryimage\"},\"image\":{\"@id\":\"https:\\\/\\\/tacotichelaar.nl\\\/wordpress\\\/johann-friedrich-von-salm-grumbach\\\/#primaryimage\"},\"thumbnailUrl\":\"https:\\\/\\\/upload.wikimedia.org\\\/wikipedia\\\/commons\\\/thumb\\\/a\\\/ab\\\/HUA-39185-Portret_van_Rijngraaf_Frederik_III_van_Salm_Salm_Grumbach_geboren_1745_bevelhebber_van_de_patriottische_vrijcorpsen_te_Utrecht_overleden_1794_Borstbee.jpg\\\/250px-thumbnail.jpg\",\"datePublished\":\"2024-02-25T09:30:05+00:00\",\"dateModified\":\"2025-09-05T05:58:44+00:00\",\"breadcrumb\":{\"@id\":\"https:\\\/\\\/tacotichelaar.nl\\\/wordpress\\\/johann-friedrich-von-salm-grumbach\\\/#breadcrumb\"},\"inLanguage\":\"nl-NL\",\"potentialAction\":[{\"@type\":\"ReadAction\",\"target\":[\"https:\\\/\\\/tacotichelaar.nl\\\/wordpress\\\/johann-friedrich-von-salm-grumbach\\\/\"]}]},{\"@type\":\"ImageObject\",\"inLanguage\":\"nl-NL\",\"@id\":\"https:\\\/\\\/tacotichelaar.nl\\\/wordpress\\\/johann-friedrich-von-salm-grumbach\\\/#primaryimage\",\"url\":\"https:\\\/\\\/upload.wikimedia.org\\\/wikipedia\\\/commons\\\/thumb\\\/a\\\/ab\\\/HUA-39185-Portret_van_Rijngraaf_Frederik_III_van_Salm_Salm_Grumbach_geboren_1745_bevelhebber_van_de_patriottische_vrijcorpsen_te_Utrecht_overleden_1794_Borstbee.jpg\\\/250px-thumbnail.jpg\",\"contentUrl\":\"https:\\\/\\\/upload.wikimedia.org\\\/wikipedia\\\/commons\\\/thumb\\\/a\\\/ab\\\/HUA-39185-Portret_van_Rijngraaf_Frederik_III_van_Salm_Salm_Grumbach_geboren_1745_bevelhebber_van_de_patriottische_vrijcorpsen_te_Utrecht_overleden_1794_Borstbee.jpg\\\/250px-thumbnail.jpg\"},{\"@type\":\"BreadcrumbList\",\"@id\":\"https:\\\/\\\/tacotichelaar.nl\\\/wordpress\\\/johann-friedrich-von-salm-grumbach\\\/#breadcrumb\",\"itemListElement\":[{\"@type\":\"ListItem\",\"position\":1,\"name\":\"Home\",\"item\":\"https:\\\/\\\/tacotichelaar.nl\\\/wordpress\\\/\"},{\"@type\":\"ListItem\",\"position\":2,\"name\":\"Johann Friedrich von Salm-Grumbach\"}]},{\"@type\":\"WebSite\",\"@id\":\"https:\\\/\\\/tacotichelaar.nl\\\/wordpress\\\/#website\",\"url\":\"https:\\\/\\\/tacotichelaar.nl\\\/wordpress\\\/\",\"name\":\"Taco Tichelaar\",\"description\":\"geschiedenis, huisonderzoek\",\"publisher\":{\"@id\":\"https:\\\/\\\/tacotichelaar.nl\\\/wordpress\\\/#\\\/schema\\\/person\\\/9507958c5bf79d94fffc2702606bc3a6\"},\"potentialAction\":[{\"@type\":\"SearchAction\",\"target\":{\"@type\":\"EntryPoint\",\"urlTemplate\":\"https:\\\/\\\/tacotichelaar.nl\\\/wordpress\\\/?s={search_term_string}\"},\"query-input\":{\"@type\":\"PropertyValueSpecification\",\"valueRequired\":true,\"valueName\":\"search_term_string\"}}],\"inLanguage\":\"nl-NL\"},{\"@type\":[\"Person\",\"Organization\"],\"@id\":\"https:\\\/\\\/tacotichelaar.nl\\\/wordpress\\\/#\\\/schema\\\/person\\\/9507958c5bf79d94fffc2702606bc3a6\",\"name\":\"admin\",\"image\":{\"@type\":\"ImageObject\",\"inLanguage\":\"nl-NL\",\"@id\":\"https:\\\/\\\/secure.gravatar.com\\\/avatar\\\/a49b40cf75021306b5946fce4549f64c43bfe4038dec77cf518111eb1b9e3f77?s=96&d=identicon&r=g\",\"url\":\"https:\\\/\\\/secure.gravatar.com\\\/avatar\\\/a49b40cf75021306b5946fce4549f64c43bfe4038dec77cf518111eb1b9e3f77?s=96&d=identicon&r=g\",\"contentUrl\":\"https:\\\/\\\/secure.gravatar.com\\\/avatar\\\/a49b40cf75021306b5946fce4549f64c43bfe4038dec77cf518111eb1b9e3f77?s=96&d=identicon&r=g\",\"caption\":\"admin\"},\"logo\":{\"@id\":\"https:\\\/\\\/secure.gravatar.com\\\/avatar\\\/a49b40cf75021306b5946fce4549f64c43bfe4038dec77cf518111eb1b9e3f77?s=96&d=identicon&r=g\"},\"description\":\"My hobby is house and occupant research of canal houses in Amsterdam. Of some canal houses much is known, but in general I collect relevant information in tax books, stored in the Amsterdam city archive, in the literature or on internet. \u201c According to Zhuang zi, a Tao philosopher life is limited and knowledge to be gained is unlimited.' [2] \u201d\",\"sameAs\":[\"https:\\\/\\\/tacotichelaar.nl\",\"https:\\\/\\\/www.facebook.com\\\/taco.tichelaar\",\"https:\\\/\\\/www.linkedin.com\\\/in\\\/taco-tichelaar-a01036221\\\/\",\"https:\\\/\\\/en.wikipedia.org\\\/wiki\\\/User:Taksen\"],\"knowsAbout\":[\"18e eeuw\"],\"knowsLanguage\":[\"duits\",\"engels\",\"nederlands\",\"fries\"]}]}<\/script>\n<!-- \/ Yoast SEO Premium plugin. -->","yoast_head_json":{"title":"Johann Friedrich von Salm-Grumbach - Taco Tichelaar","robots":{"index":"index","follow":"follow","max-snippet":"max-snippet:-1","max-image-preview":"max-image-preview:large","max-video-preview":"max-video-preview:-1"},"canonical":"https:\/\/tacotichelaar.nl\/wordpress\/johann-friedrich-von-salm-grumbach\/","og_locale":"nl_NL","og_type":"article","og_title":"Johann Friedrich von Salm-Grumbach","og_description":"&nbsp; Johann Friedrich von Salm-Grumbach (5 november 1743 \u2013 11 september 1819) was een lid van het adellijke geslacht van de Wild- en Rijngraven uit de tak Salm-Grumbach. In het midden van de jaren 1780 diende hij als kolonel van het Salm-legioen van de Staten-Generaal der Nederlanden, en vervolgens van de Staten van Holland en &hellip; Lees verder Johann Friedrich von Salm-Grumbach &rarr;","og_url":"https:\/\/tacotichelaar.nl\/wordpress\/johann-friedrich-von-salm-grumbach\/","og_site_name":"Taco Tichelaar","article_publisher":"https:\/\/www.facebook.com\/taco.tichelaar","article_modified_time":"2025-09-05T05:58:44+00:00","og_image":[{"url":"https:\/\/upload.wikimedia.org\/wikipedia\/commons\/thumb\/a\/ab\/HUA-39185-Portret_van_Rijngraaf_Frederik_III_van_Salm_Salm_Grumbach_geboren_1745_bevelhebber_van_de_patriottische_vrijcorpsen_te_Utrecht_overleden_1794_Borstbee.jpg\/250px-thumbnail.jpg","type":"","width":"","height":""}],"twitter_misc":{"Geschatte leestijd":"2 minuten"},"schema":{"@context":"https:\/\/schema.org","@graph":[{"@type":"WebPage","@id":"https:\/\/tacotichelaar.nl\/wordpress\/johann-friedrich-von-salm-grumbach\/","url":"https:\/\/tacotichelaar.nl\/wordpress\/johann-friedrich-von-salm-grumbach\/","name":"Johann Friedrich von Salm-Grumbach - Taco Tichelaar","isPartOf":{"@id":"https:\/\/tacotichelaar.nl\/wordpress\/#website"},"primaryImageOfPage":{"@id":"https:\/\/tacotichelaar.nl\/wordpress\/johann-friedrich-von-salm-grumbach\/#primaryimage"},"image":{"@id":"https:\/\/tacotichelaar.nl\/wordpress\/johann-friedrich-von-salm-grumbach\/#primaryimage"},"thumbnailUrl":"https:\/\/upload.wikimedia.org\/wikipedia\/commons\/thumb\/a\/ab\/HUA-39185-Portret_van_Rijngraaf_Frederik_III_van_Salm_Salm_Grumbach_geboren_1745_bevelhebber_van_de_patriottische_vrijcorpsen_te_Utrecht_overleden_1794_Borstbee.jpg\/250px-thumbnail.jpg","datePublished":"2024-02-25T09:30:05+00:00","dateModified":"2025-09-05T05:58:44+00:00","breadcrumb":{"@id":"https:\/\/tacotichelaar.nl\/wordpress\/johann-friedrich-von-salm-grumbach\/#breadcrumb"},"inLanguage":"nl-NL","potentialAction":[{"@type":"ReadAction","target":["https:\/\/tacotichelaar.nl\/wordpress\/johann-friedrich-von-salm-grumbach\/"]}]},{"@type":"ImageObject","inLanguage":"nl-NL","@id":"https:\/\/tacotichelaar.nl\/wordpress\/johann-friedrich-von-salm-grumbach\/#primaryimage","url":"https:\/\/upload.wikimedia.org\/wikipedia\/commons\/thumb\/a\/ab\/HUA-39185-Portret_van_Rijngraaf_Frederik_III_van_Salm_Salm_Grumbach_geboren_1745_bevelhebber_van_de_patriottische_vrijcorpsen_te_Utrecht_overleden_1794_Borstbee.jpg\/250px-thumbnail.jpg","contentUrl":"https:\/\/upload.wikimedia.org\/wikipedia\/commons\/thumb\/a\/ab\/HUA-39185-Portret_van_Rijngraaf_Frederik_III_van_Salm_Salm_Grumbach_geboren_1745_bevelhebber_van_de_patriottische_vrijcorpsen_te_Utrecht_overleden_1794_Borstbee.jpg\/250px-thumbnail.jpg"},{"@type":"BreadcrumbList","@id":"https:\/\/tacotichelaar.nl\/wordpress\/johann-friedrich-von-salm-grumbach\/#breadcrumb","itemListElement":[{"@type":"ListItem","position":1,"name":"Home","item":"https:\/\/tacotichelaar.nl\/wordpress\/"},{"@type":"ListItem","position":2,"name":"Johann Friedrich von Salm-Grumbach"}]},{"@type":"WebSite","@id":"https:\/\/tacotichelaar.nl\/wordpress\/#website","url":"https:\/\/tacotichelaar.nl\/wordpress\/","name":"Taco Tichelaar","description":"geschiedenis, huisonderzoek","publisher":{"@id":"https:\/\/tacotichelaar.nl\/wordpress\/#\/schema\/person\/9507958c5bf79d94fffc2702606bc3a6"},"potentialAction":[{"@type":"SearchAction","target":{"@type":"EntryPoint","urlTemplate":"https:\/\/tacotichelaar.nl\/wordpress\/?s={search_term_string}"},"query-input":{"@type":"PropertyValueSpecification","valueRequired":true,"valueName":"search_term_string"}}],"inLanguage":"nl-NL"},{"@type":["Person","Organization"],"@id":"https:\/\/tacotichelaar.nl\/wordpress\/#\/schema\/person\/9507958c5bf79d94fffc2702606bc3a6","name":"admin","image":{"@type":"ImageObject","inLanguage":"nl-NL","@id":"https:\/\/secure.gravatar.com\/avatar\/a49b40cf75021306b5946fce4549f64c43bfe4038dec77cf518111eb1b9e3f77?s=96&d=identicon&r=g","url":"https:\/\/secure.gravatar.com\/avatar\/a49b40cf75021306b5946fce4549f64c43bfe4038dec77cf518111eb1b9e3f77?s=96&d=identicon&r=g","contentUrl":"https:\/\/secure.gravatar.com\/avatar\/a49b40cf75021306b5946fce4549f64c43bfe4038dec77cf518111eb1b9e3f77?s=96&d=identicon&r=g","caption":"admin"},"logo":{"@id":"https:\/\/secure.gravatar.com\/avatar\/a49b40cf75021306b5946fce4549f64c43bfe4038dec77cf518111eb1b9e3f77?s=96&d=identicon&r=g"},"description":"My hobby is house and occupant research of canal houses in Amsterdam. Of some canal houses much is known, but in general I collect relevant information in tax books, stored in the Amsterdam city archive, in the literature or on internet. \u201c According to Zhuang zi, a Tao philosopher life is limited and knowledge to be gained is unlimited.' [2] \u201d","sameAs":["https:\/\/tacotichelaar.nl","https:\/\/www.facebook.com\/taco.tichelaar","https:\/\/www.linkedin.com\/in\/taco-tichelaar-a01036221\/","https:\/\/en.wikipedia.org\/wiki\/User:Taksen"],"knowsAbout":["18e eeuw"],"knowsLanguage":["duits","engels","nederlands","fries"]}]}},"_links":{"self":[{"href":"https:\/\/tacotichelaar.nl\/wordpress\/wp-json\/wp\/v2\/pages\/9956","targetHints":{"allow":["GET"]}}],"collection":[{"href":"https:\/\/tacotichelaar.nl\/wordpress\/wp-json\/wp\/v2\/pages"}],"about":[{"href":"https:\/\/tacotichelaar.nl\/wordpress\/wp-json\/wp\/v2\/types\/page"}],"author":[{"embeddable":true,"href":"https:\/\/tacotichelaar.nl\/wordpress\/wp-json\/wp\/v2\/users\/1"}],"replies":[{"embeddable":true,"href":"https:\/\/tacotichelaar.nl\/wordpress\/wp-json\/wp\/v2\/comments?post=9956"}],"version-history":[{"count":2,"href":"https:\/\/tacotichelaar.nl\/wordpress\/wp-json\/wp\/v2\/pages\/9956\/revisions"}],"predecessor-version":[{"id":11858,"href":"https:\/\/tacotichelaar.nl\/wordpress\/wp-json\/wp\/v2\/pages\/9956\/revisions\/11858"}],"wp:attachment":[{"href":"https:\/\/tacotichelaar.nl\/wordpress\/wp-json\/wp\/v2\/media?parent=9956"}],"curies":[{"name":"wp","href":"https:\/\/api.w.org\/{rel}","templated":true}]}}